{"id":202787,"date":"2025-03-20T17:38:25","date_gmt":"2025-03-20T17:38:25","guid":{"rendered":"https:\/\/aromasentia.com\/product\/organic-body-oil-50ml-bergamot\/"},"modified":"2025-06-22T04:08:32","modified_gmt":"2025-06-22T04:08:32","slug":"oekologisk-kropsolie-50ml-bergamot","status":"publish","type":"product","link":"https:\/\/aromasentia.com\/da\/oekologisk-kropsolie-50ml-bergamot\/","title":{"rendered":"\u00d8kologisk Kropsolie 50ml &#8211; Bergamot"},"content":{"rendered":"<p><span style=\"color: rgb(75, 80, 88);\"><strong>\u00d8kologisk kropsolie 50ml \u2013 Bergamot: En foryngende citrusinfusion<\/strong><\/span><\/p>\n<p><span style=\"color: rgb(75, 80, 88);\">Genopliv din hudplejerutine med vores \u00f8kologiske kropsolie 50ml \u2013 Bergamot, der er fremstillet til at n\u00e6re din hud, samtidig med at den opfrisker dine sanser. Denne kropsolie er beriget med den energigivende citrusduft af bergamot \u00e6terisk olie og giver en lys og opl\u00f8ftende oplevelse, der forfrisker b\u00e5de krop og sind.<\/span><\/p>\n<p><span style=\"color: rgb(141, 186, 216);\"><strong>Vigtigste ingredienser:<\/strong><\/span><\/p>\n<ul>\n<li><span style=\"color: rgb(75, 80, 88);\"><strong>Castorolie:<\/strong>Ricinusolie er et kraftv\u00e6rk for fugt, der leverer dyb hydrering og efterlader huden bl\u00f8d og fl\u00f8jlsbl\u00f8d.<\/span><\/li>\n<li><span style=\"color: rgb(75, 80, 88);\"><strong>Sort spidskommenolie:<\/strong> Sort spidskommenolie er rig p\u00e5 essentielle fedtsyrer og antioxidanter og forynger huden og hj\u00e6lper med at fremh\u00e6ve en sund, str\u00e5lende teint.<\/span><\/li>\n<li><span style=\"color: rgb(75, 80, 88);\"><strong>Bergamot \u00e6terisk Olie: Med sin friske og energigivende citrusaroma v\u00e6kker bergamot \u00e6terisk olie sanserne og fremmer en f\u00f8lelse af velv\u00e6re og balance.<\/span><\/li>\n<\/ul>\n<p><span style=\"color: rgb(141, 186, 216);\"><strong>Fordele:<\/strong><\/span><\/p>\n<ul>\n<li><span style=\"color: rgb(75, 80, 88);\"><strong>Intens fugtighed:<\/strong> Kombinationen af ricinus- og sort spidskommen olie giver langvarig fugtighed og efterlader huden n\u00e6ret og glat.<\/span><\/li>\n<li><span style=\"color: rgb(75, 80, 88);\"><strong>Hudfornyelse:<\/strong> Sort spidskommen olie hj\u00e6lper med at revitalisere huden og fremmer en ungdommelig, gl\u00f8dende teint.<\/span><\/li>\n<li><span style=\"color: rgb(75, 80, 88);\"><strong>Opl\u00f8ftende aromaterapi:<\/strong> Den En frisk bergamotduft l\u00f8fter hum\u00f8ret og giver en forfriskende aromaterapioplevelse, perfekt til et energiboost.<\/span><\/li>\n<li><span style=\"color: rgb(75, 80, 88);\"><strong>\u00d8kologisk og ren:<\/strong>Denne kropsolie er lavet med certificerede \u00f8kologiske ingredienser, fri for barske kemikalier eller syntetiske dufte, og er ideel til kunder, der s\u00f8ger ren og milj\u00f8bevidst hudpleje.<\/span><\/li>\n<li><span style=\"color: rgb(75, 80, 88);\"><strong>Luksuri\u00f8st design:<\/strong> Denne kropsolie kommer i en stilfuld ravfarvet flaske med en praktisk pumpe og giver et strejf af fork\u00e6lelse, hvilket g\u00f8r den til et ideelt valg til personlig fork\u00e6lelse eller som en bet\u00e6nksom gave.<\/span><\/li>\n<\/ul>\n<p><span style=\"color: rgb(141, 186, 216);\"><strong>Omfavn den stigende eftersp\u00f8rgsel efter naturlig hudpleje med \u00f8kologisk kropsolie \u2013 Bergamot, et revitaliserende produkt, der lover at fange dine kunders opm\u00e6rksomhed og \u00f8ge salget!<\/p>\n","protected":false},"excerpt":{"rendered":"<p>\u00d8kologisk kropsolie 50ml \u2013 Bergamot: En foryngende citrusinfusion Genopliv din hudplejerutine med vores \u00f8kologiske kropsolie 50ml \u2013 Bergamot, der er fremstillet til at n\u00e6re din hud, samtidig med at den opfrisker dine sanser. Denne kropsolie er beriget med den energigivende citrusduft af bergamot \u00e6terisk olie og giver en lys og opl\u00f8ftende oplevelse, der forfrisker b\u00e5de [&hellip;]<\/p>\n","protected":false},"featured_media":294780,"comment_status":"closed","ping_status":"open","template":"","meta":[],"product_brand":[27074],"product_cat":[6994,25928,26816,25839],"product_tag":[],"class_list":{"0":"post-202787","1":"product","2":"type-product","3":"status-publish","4":"has-post-thumbnail","6":"product_brand-aw-cosmetics","7":"product_cat-bad-og-bruser","8":"product_cat-bergamot","9":"product_cat-citrus","10":"product_cat-dufte-aromaer","11":"pa_collection-organic-body-oils-50ml-da","12":"pa_made-in-storbritannien","14":"first","15":"instock","16":"purchasable","17":"product-type-simple"},"supplier_id":null,"supplier_sku":"OBO-04","barcode":null,"atum_controlled":true,"out_stock_date":null,"out_stock_threshold":null,"inheritable":false,"inbound_stock":null,"stock_on_hold":0,"sold_today":0,"sales_last_days":0,"reserved_stock":null,"customer_returns":null,"warehouse_damage":null,"lost_in_post":null,"other_logs":null,"out_stock_days":0,"lost_sales":0,"has_location":null,"update_date":"2026-02-09T22:33:46","atum_locations":[],"atum_stock_status":"instock","restock_status":false,"low_stock_amount":"","sales_update_date":"2025-09-05T00:20:21","calc_backorders":null,"_links":{"self":[{"href":"https:\/\/aromasentia.com\/da\/wp-json\/wp\/v2\/product\/202787","targetHints":{"allow":["GET"]}}],"collection":[{"href":"https:\/\/aromasentia.com\/da\/wp-json\/wp\/v2\/product"}],"about":[{"href":"https:\/\/aromasentia.com\/da\/wp-json\/wp\/v2\/types\/product"}],"replies":[{"embeddable":true,"href":"https:\/\/aromasentia.com\/da\/wp-json\/wp\/v2\/comments?post=202787"}],"version-history":[{"count":0,"href":"https:\/\/aromasentia.com\/da\/wp-json\/wp\/v2\/product\/202787\/revisions"}],"wp:featuredmedia":[{"embeddable":true,"href":"https:\/\/aromasentia.com\/da\/wp-json\/wp\/v2\/media\/294780"}],"wp:attachment":[{"href":"https:\/\/aromasentia.com\/da\/wp-json\/wp\/v2\/media?parent=202787"}],"wp:term":[{"taxonomy":"product_brand","embeddable":true,"href":"https:\/\/aromasentia.com\/da\/wp-json\/wp\/v2\/product_brand?post=202787"},{"taxonomy":"product_cat","embeddable":true,"href":"https:\/\/aromasentia.com\/da\/wp-json\/wp\/v2\/product_cat?post=202787"},{"taxonomy":"product_tag","embeddable":true,"href":"https:\/\/aromasentia.com\/da\/wp-json\/wp\/v2\/product_tag?post=202787"}],"curies":[{"name":"wp","href":"https:\/\/api.w.org\/{rel}","templated":true}]}}