{"id":202785,"date":"2025-03-20T17:38:40","date_gmt":"2025-03-20T17:38:40","guid":{"rendered":"https:\/\/aromasentia.com\/product\/organic-hair-serum-30ml-carrot-seed\/"},"modified":"2025-06-22T04:08:29","modified_gmt":"2025-06-22T04:08:29","slug":"oekologisk-haarserum-30ml-gulerodsfroe","status":"publish","type":"product","link":"https:\/\/aromasentia.com\/da\/oekologisk-haarserum-30ml-gulerodsfroe\/","title":{"rendered":"\u00d8kologisk H\u00e5rserum 30ml &#8211; Gulerodsfr\u00f8"},"content":{"rendered":"<p><span style=\"color: rgb(75, 80, 88);\"><strong>Opdag det nyeste produktsortiment &#8211; Organiske h\u00e5rserum,<\/strong> der s\u00e6lges i 30 ml ravfarvede flasker. Disse er et gyldent kup for <strong>sk\u00f8nhedssaloner, saloner og wellnesscentre, der sigter mod at imponere dine kunder med virkelig transformerende produkter.<\/span><\/p>\n<p><span style=\"color: rgb(75, 80, 88);\"><strong>Beskyt og pleje<\/strong><\/span><\/p>\n<p><span style=\"color: rgb(75, 80, 88);\">Carrot Seed Organic Hair Serum er h\u00e5rets skjold mod milj\u00f8m\u00e6ssige stressfaktorer. Gulerodsfr\u00f8olie, <strong>rig p\u00e5 antioxidanter og vitaminer, giver et beskyttende lag, der beskytter dit h\u00e5r mod UV-str\u00e5ler og forurening<\/strong>. Kombineret med de genoprettende egenskaber fra argan- og ricinusolier, <strong>giver dette serum en daglig dosis n\u00e6ring og modstandsdygtighed<\/strong>, hvilket holder h\u00e5ret levende og godt fugtet.<\/span><\/p>\n<p><span style=\"color: rgb(75, 80, 88);\"><strong>Velegnet til alle h\u00e5rtyper: Perfekt til fint, kr\u00f8llet, glat eller tyndt h\u00e5r.<\/strong><\/span><\/p>\n","protected":false},"excerpt":{"rendered":"<p>Opdag det nyeste produktsortiment &#8211; Organiske h\u00e5rserum, der s\u00e6lges i 30 ml ravfarvede flasker. Disse er et gyldent kup for sk\u00f8nhedssaloner, saloner og wellnesscentre, der sigter mod at imponere dine kunder med virkelig transformerende produkter. Beskyt og pleje Carrot Seed Organic Hair Serum er h\u00e5rets skjold mod milj\u00f8m\u00e6ssige stressfaktorer. Gulerodsfr\u00f8olie, rig p\u00e5 antioxidanter og vitaminer, [&hellip;]<\/p>\n","protected":false},"featured_media":294841,"comment_status":"closed","ping_status":"open","template":"","meta":[],"product_brand":[27074],"product_cat":[6994,25839,25932,7274,26823],"product_tag":[],"class_list":{"0":"post-202785","1":"product","2":"type-product","3":"status-publish","4":"has-post-thumbnail","6":"product_brand-aw-cosmetics","7":"product_cat-bad-og-bruser","8":"product_cat-dufte-aromaer","9":"product_cat-gulerodsfro","10":"product_cat-harpleje","11":"product_cat-jordagtig-og-gron","12":"pa_collection-organic-hair-serums-30ml-6-unique-formulas-da","13":"pa_made-in-storbritannien","14":"pa_size-30ml","16":"first","17":"instock","18":"purchasable","19":"product-type-simple"},"supplier_id":null,"supplier_sku":"OHS-05","barcode":null,"atum_controlled":true,"out_stock_date":null,"out_stock_threshold":null,"inheritable":false,"inbound_stock":null,"stock_on_hold":0,"sold_today":0,"sales_last_days":0,"reserved_stock":null,"customer_returns":null,"warehouse_damage":null,"lost_in_post":null,"other_logs":null,"out_stock_days":0,"lost_sales":0,"has_location":null,"update_date":"2026-02-10T16:28:09","atum_locations":[],"atum_stock_status":"instock","restock_status":false,"low_stock_amount":"","sales_update_date":"2025-09-05T00:20:22","calc_backorders":null,"_links":{"self":[{"href":"https:\/\/aromasentia.com\/da\/wp-json\/wp\/v2\/product\/202785","targetHints":{"allow":["GET"]}}],"collection":[{"href":"https:\/\/aromasentia.com\/da\/wp-json\/wp\/v2\/product"}],"about":[{"href":"https:\/\/aromasentia.com\/da\/wp-json\/wp\/v2\/types\/product"}],"replies":[{"embeddable":true,"href":"https:\/\/aromasentia.com\/da\/wp-json\/wp\/v2\/comments?post=202785"}],"version-history":[{"count":0,"href":"https:\/\/aromasentia.com\/da\/wp-json\/wp\/v2\/product\/202785\/revisions"}],"wp:featuredmedia":[{"embeddable":true,"href":"https:\/\/aromasentia.com\/da\/wp-json\/wp\/v2\/media\/294841"}],"wp:attachment":[{"href":"https:\/\/aromasentia.com\/da\/wp-json\/wp\/v2\/media?parent=202785"}],"wp:term":[{"taxonomy":"product_brand","embeddable":true,"href":"https:\/\/aromasentia.com\/da\/wp-json\/wp\/v2\/product_brand?post=202785"},{"taxonomy":"product_cat","embeddable":true,"href":"https:\/\/aromasentia.com\/da\/wp-json\/wp\/v2\/product_cat?post=202785"},{"taxonomy":"product_tag","embeddable":true,"href":"https:\/\/aromasentia.com\/da\/wp-json\/wp\/v2\/product_tag?post=202785"}],"curies":[{"name":"wp","href":"https:\/\/api.w.org\/{rel}","templated":true}]}}