{"id":202784,"date":"2025-03-20T17:38:40","date_gmt":"2025-03-20T17:38:40","guid":{"rendered":"https:\/\/aromasentia.com\/product\/organic-hair-serum-30ml-lavender\/"},"modified":"2025-06-22T04:08:29","modified_gmt":"2025-06-22T04:08:29","slug":"oekologisk-haarserum-30ml-lavendel","status":"publish","type":"product","link":"https:\/\/aromasentia.com\/da\/oekologisk-haarserum-30ml-lavendel\/","title":{"rendered":"\u00d8kologisk H\u00e5rserum 30ml &#8211; Lavendel"},"content":{"rendered":"<p><span style=\"color: rgb(75, 80, 88);\"><strong>Opdag det nyeste produktsortiment &#8211; \u00d8kologiske h\u00e5rserum,<\/strong> der s\u00e6lges i 30 ml ravfarvede flasker. Disse er en gylden billet til <strong>sk\u00f8nhedssaloner, saloner og wellnesscentre, der sigter mod at imponere dine kunder med virkelig transformerende produkter.<\/span><\/p>\n<p><span style=\"color: rgb(75, 80, 88);\"><strong>Berolige og slappe af<\/strong><\/span><\/p>\n<p><span style=\"color: rgb(75, 80, 88);\">Oplev de beroligende fordele ved Lavender Organic Hair Serum. \u00c6terisk lavendelolie er <strong>kendt for sine stresslindrende egenskaber<\/strong> og tilbyder en beroligende afslapning for b\u00e5de sind og hovedbund. Denne rolige blanding, beriget med de dybt fugtgivende og styrkende effekter af argan- og ricinusolier, <strong>plejer dit h\u00e5r, reducerer h\u00e5rtab og forbedrer bl\u00f8dhed og glans<\/strong> for et roligt sk\u00f8nhedsritual.<\/span><\/p>\n<p><span style=\"color: rgb(75, 80, 88);\"><strong>Velegnet til alle h\u00e5rtyper: Perfekt til fint, kr\u00f8llet, glat eller tyndt h\u00e5r.<\/strong><\/span><\/p>\n","protected":false},"excerpt":{"rendered":"<p>Opdag det nyeste produktsortiment &#8211; \u00d8kologiske h\u00e5rserum, der s\u00e6lges i 30 ml ravfarvede flasker. Disse er en gylden billet til sk\u00f8nhedssaloner, saloner og wellnesscentre, der sigter mod at imponere dine kunder med virkelig transformerende produkter. Berolige og slappe af Oplev de beroligende fordele ved Lavender Organic Hair Serum. \u00c6terisk lavendelolie er kendt for sine stresslindrende [&hellip;]<\/p>\n","protected":false},"featured_media":294816,"comment_status":"closed","ping_status":"open","template":"","meta":{"_angie_page":false},"product_brand":[27074],"product_cat":[6994,26830,25839,7274,25957],"product_tag":[],"class_list":{"0":"post-202784","1":"product","2":"type-product","3":"status-publish","4":"has-post-thumbnail","6":"product_brand-aw-cosmetics","7":"product_cat-bad-og-bruser","8":"product_cat-blomster","9":"product_cat-dufte-aromaer","10":"product_cat-harpleje","11":"product_cat-lavendel","12":"pa_collection-organic-hair-serums-30ml-6-unique-formulas-da","13":"pa_made-in-storbritannien","14":"pa_size-30ml","16":"first","17":"instock","18":"purchasable","19":"product-type-simple"},"supplier_id":null,"supplier_sku":"OHS-06","barcode":null,"atum_controlled":true,"out_stock_date":null,"out_stock_threshold":null,"inheritable":false,"inbound_stock":0,"stock_on_hold":0,"sold_today":0,"sales_last_days":0,"reserved_stock":0,"customer_returns":0,"warehouse_damage":0,"lost_in_post":0,"other_logs":0,"out_stock_days":0,"lost_sales":0,"has_location":false,"update_date":"2026-05-11T01:56:48","atum_locations":[],"atum_stock_status":"instock","restock_status":false,"low_stock_amount":"","sales_update_date":"2025-09-05T00:20:22","calc_backorders":null,"_links":{"self":[{"href":"https:\/\/aromasentia.com\/da\/wp-json\/wp\/v2\/product\/202784","targetHints":{"allow":["GET"]}}],"collection":[{"href":"https:\/\/aromasentia.com\/da\/wp-json\/wp\/v2\/product"}],"about":[{"href":"https:\/\/aromasentia.com\/da\/wp-json\/wp\/v2\/types\/product"}],"replies":[{"embeddable":true,"href":"https:\/\/aromasentia.com\/da\/wp-json\/wp\/v2\/comments?post=202784"}],"version-history":[{"count":0,"href":"https:\/\/aromasentia.com\/da\/wp-json\/wp\/v2\/product\/202784\/revisions"}],"wp:featuredmedia":[{"embeddable":true,"href":"https:\/\/aromasentia.com\/da\/wp-json\/wp\/v2\/media\/294816"}],"wp:attachment":[{"href":"https:\/\/aromasentia.com\/da\/wp-json\/wp\/v2\/media?parent=202784"}],"wp:term":[{"taxonomy":"product_brand","embeddable":true,"href":"https:\/\/aromasentia.com\/da\/wp-json\/wp\/v2\/product_brand?post=202784"},{"taxonomy":"product_cat","embeddable":true,"href":"https:\/\/aromasentia.com\/da\/wp-json\/wp\/v2\/product_cat?post=202784"},{"taxonomy":"product_tag","embeddable":true,"href":"https:\/\/aromasentia.com\/da\/wp-json\/wp\/v2\/product_tag?post=202784"}],"curies":[{"name":"wp","href":"https:\/\/api.w.org\/{rel}","templated":true}]}}