{"id":202783,"date":"2025-03-20T17:38:40","date_gmt":"2025-03-20T17:38:40","guid":{"rendered":"https:\/\/aromasentia.com\/product\/organic-body-oil-50ml-rosehip-unfragranced\/"},"modified":"2025-06-22T04:08:29","modified_gmt":"2025-06-22T04:08:29","slug":"oekologisk-kropsolie-50ml-hyben-uparfumeret","status":"publish","type":"product","link":"https:\/\/aromasentia.com\/da\/oekologisk-kropsolie-50ml-hyben-uparfumeret\/","title":{"rendered":"\u00d8kologisk Kropsolie 50ml &#8211; Hyben (Uparfumeret)"},"content":{"rendered":"<p><span style=\"color: rgb(75, 80, 88);\"><strong>Pr\u00e6senterer parfumefri \u00f8kologisk kropsolie: En essentiel hudplejeprodukt til alle hudtyper<\/strong><\/span><\/p>\n<p><span style=\"color: rgb(75, 80, 88);\">Giv din hudplejeserie et l\u00f8ft med vores luksuri\u00f8se, parfumefri \u00f8kologiske kropsolie, der er designet til at give dybdeg\u00e5ende fugt og forynge. Denne multifunktionelle formel, der er stolt fremstillet i Storbritannien, opfylder behovene hos forskellige hudtyper, hvilket g\u00f8r den til et ideelt valg for milj\u00f8bevidste forbrugere.<\/span><\/p>\n<p><span style=\"color: rgb(75, 80, 88);\"><strong>\u25aa\ufe0f 100% vegansk &#038; Cruelty-Free:<\/strong> Vi opretholder vores dedikation til b\u00e6redygtighed og etisk produktion.<\/span><\/p>\n<p><span style=\"color: rgb(75, 80, 88);\"><strong>\u25aa\ufe0f Formuleret med \u00f8kologiske olier af h\u00f8j kvalitet:<\/strong>En gennemt\u00e6nkt blanding af ricinus-, sort spidskommen- og hybenolie, der hver is\u00e6r er kendt for deres bem\u00e6rkelsesv\u00e6rdige fordele for huden.<\/span><\/p>\n<p><span style=\"color: rgb(75, 80, 88);\">\u25aa\ufe0f <strong>Ingen tilsat duft:<\/strong>Perfekt til f\u00f8lsom hud eller dem, der foretr\u00e6kker uparfumeret hudpleje.<\/span><\/p>\n<p><strong><span style=\"color: rgb(141, 186, 216);\">Stjerneingredienser:<\/span><\/strong><\/p>\n<p><strong><span style=\"color: rgb(75, 80, 88);\">\u25aa\ufe0f \u00d8kologisk ricinusolie:<\/span><\/strong><span style=\"color: rgb(75, 80, 88);\">Hydrer i dybden, underst\u00f8tter s\u00e5rheling og fremmer sund h\u00e5rv\u00e6kst.<\/span><\/p>\n<p><span style=\"color: rgb(75, 80, 88);\"><strong>\u25aa\ufe0f \u00d8kologisk sort spidskommenolie<\/strong>: Kendt for at bek\u00e6mpe akne, styrke h\u00e5ret og fremme hudfornyelse.<\/span><\/p>\n<p><span style=\"color: rgb(75, 80, 88);\"><strong>\u25aa\ufe0f \u00d8kologisk hybenolie:<\/strong>Hj\u00e6lper med at reducere ar, \u00f8ger kollagen og giver intens hydrering.<\/span><\/p>\n<p><span style=\"color: rgb(141, 186, 216);\"><strong>Omfavn b\u00e6redygtig selvpleje med denne exceptionelle \u00f8kologiske kropsolie &mdash;bestil nu og forbedr dit produktsortiment.<\/strong><\/span> <\/p>\n","protected":false},"excerpt":{"rendered":"<p>Pr\u00e6senterer parfumefri \u00f8kologisk kropsolie: En essentiel hudplejeprodukt til alle hudtyper Giv din hudplejeserie et l\u00f8ft med vores luksuri\u00f8se, parfumefri \u00f8kologiske kropsolie, der er designet til at give dybdeg\u00e5ende fugt og forynge. Denne multifunktionelle formel, der er stolt fremstillet i Storbritannien, opfylder behovene hos forskellige hudtyper, hvilket g\u00f8r den til et ideelt valg for milj\u00f8bevidste forbrugere. [&hellip;]<\/p>\n","protected":false},"featured_media":294807,"comment_status":"closed","ping_status":"open","template":"","meta":{"_angie_page":false},"product_brand":[27074],"product_cat":[6994,25839,26459,26823],"product_tag":[],"class_list":{"0":"post-202783","1":"product","2":"type-product","3":"status-publish","4":"has-post-thumbnail","6":"product_brand-aw-cosmetics","7":"product_cat-bad-og-bruser","8":"product_cat-dufte-aromaer","9":"product_cat-hyben","10":"product_cat-jordagtig-og-gron","11":"pa_collection-organic-body-oils-50ml-da","12":"pa_made-in-storbritannien","14":"first","15":"instock","16":"purchasable","17":"product-type-simple"},"supplier_id":null,"supplier_sku":"OBO-01","barcode":null,"atum_controlled":true,"out_stock_date":null,"out_stock_threshold":null,"inheritable":false,"inbound_stock":null,"stock_on_hold":0,"sold_today":0,"sales_last_days":0,"reserved_stock":null,"customer_returns":null,"warehouse_damage":null,"lost_in_post":null,"other_logs":null,"out_stock_days":0,"lost_sales":0,"has_location":null,"update_date":"2026-04-27T07:16:19","atum_locations":[],"atum_stock_status":"instock","restock_status":false,"low_stock_amount":"","sales_update_date":"2025-09-05T00:20:21","calc_backorders":null,"_links":{"self":[{"href":"https:\/\/aromasentia.com\/da\/wp-json\/wp\/v2\/product\/202783","targetHints":{"allow":["GET"]}}],"collection":[{"href":"https:\/\/aromasentia.com\/da\/wp-json\/wp\/v2\/product"}],"about":[{"href":"https:\/\/aromasentia.com\/da\/wp-json\/wp\/v2\/types\/product"}],"replies":[{"embeddable":true,"href":"https:\/\/aromasentia.com\/da\/wp-json\/wp\/v2\/comments?post=202783"}],"version-history":[{"count":0,"href":"https:\/\/aromasentia.com\/da\/wp-json\/wp\/v2\/product\/202783\/revisions"}],"wp:featuredmedia":[{"embeddable":true,"href":"https:\/\/aromasentia.com\/da\/wp-json\/wp\/v2\/media\/294807"}],"wp:attachment":[{"href":"https:\/\/aromasentia.com\/da\/wp-json\/wp\/v2\/media?parent=202783"}],"wp:term":[{"taxonomy":"product_brand","embeddable":true,"href":"https:\/\/aromasentia.com\/da\/wp-json\/wp\/v2\/product_brand?post=202783"},{"taxonomy":"product_cat","embeddable":true,"href":"https:\/\/aromasentia.com\/da\/wp-json\/wp\/v2\/product_cat?post=202783"},{"taxonomy":"product_tag","embeddable":true,"href":"https:\/\/aromasentia.com\/da\/wp-json\/wp\/v2\/product_tag?post=202783"}],"curies":[{"name":"wp","href":"https:\/\/api.w.org\/{rel}","templated":true}]}}