{"id":202770,"date":"2025-03-20T17:39:43","date_gmt":"2025-03-20T17:39:43","guid":{"rendered":"https:\/\/aromasentia.com\/product\/paper-soaps-rose\/"},"modified":"2025-06-22T04:08:18","modified_gmt":"2025-06-22T04:08:18","slug":"papirsaeber-rose","status":"publish","type":"product","link":"https:\/\/aromasentia.com\/da\/papirsaeber-rose\/","title":{"rendered":"Papirs\u00e6ber &#8211; Rose"},"content":{"rendered":"<p>Kompakte, praktiske og brugervenlige papirs\u00e6ber! Tils\u00e6t blot vand til disse behageligt duftende, papirtynde s\u00e6beark, og se dem \u00f8jeblikkeligt forvandles til et s\u00e6beagtigt skum.<\/p>\n<p>Hvert ark leverer den perfekte m\u00e6ngde produkt, der kr\u00e6ves til at udf\u00f8re arbejdet, og er ogs\u00e5 bionedbrydelige og sikre for milj\u00f8et.<\/p>\n<p>Leveres i en praktisk v\u00e6gtl\u00f8s og kompakt flip-top-\u00e6ske med 20 engangsark, der er b\u00e6rbare nok til at putte i dit skrivebord, din taske, din bil, din tr\u00e6ningstaske eller din lomme til praktisk hverdagsbrug.<\/p>\n","protected":false},"excerpt":{"rendered":"<p>Kompakte, praktiske og brugervenlige papirs\u00e6ber! Tils\u00e6t blot vand til disse behageligt duftende, papirtynde s\u00e6beark, og se dem \u00f8jeblikkeligt forvandles til et s\u00e6beagtigt skum. Hvert ark leverer den perfekte m\u00e6ngde produkt, der kr\u00e6ves til at udf\u00f8re arbejdet, og er ogs\u00e5 bionedbrydelige og sikre for milj\u00f8et. Leveres i en praktisk v\u00e6gtl\u00f8s og kompakt flip-top-\u00e6ske med 20 engangsark, [&hellip;]<\/p>\n","protected":false},"featured_media":295208,"comment_status":"closed","ping_status":"open","template":"","meta":{"_angie_page":false},"product_brand":[],"product_cat":[6994,26830,25839,7012,25984],"product_tag":[],"class_list":{"0":"post-202770","1":"product","2":"type-product","3":"status-publish","4":"has-post-thumbnail","6":"product_cat-bad-og-bruser","7":"product_cat-blomster","8":"product_cat-dufte-aromaer","9":"product_cat-okologiske-saeber-saebebar","10":"product_cat-rose","11":"pa_collection-pocket-paper-soaps-da","12":"pa_made-in-kina","14":"first","15":"instock","16":"purchasable","17":"product-type-simple"},"supplier_id":null,"supplier_sku":"Psoap-07","barcode":null,"atum_controlled":true,"out_stock_date":null,"out_stock_threshold":null,"inheritable":false,"inbound_stock":null,"stock_on_hold":0,"sold_today":0,"sales_last_days":0,"reserved_stock":null,"customer_returns":null,"warehouse_damage":null,"lost_in_post":null,"other_logs":null,"out_stock_days":0,"lost_sales":0,"has_location":null,"update_date":"2026-04-27T07:18:47","atum_locations":[],"atum_stock_status":"instock","restock_status":false,"low_stock_amount":"","sales_update_date":"2025-09-05T00:20:26","calc_backorders":null,"_links":{"self":[{"href":"https:\/\/aromasentia.com\/da\/wp-json\/wp\/v2\/product\/202770","targetHints":{"allow":["GET"]}}],"collection":[{"href":"https:\/\/aromasentia.com\/da\/wp-json\/wp\/v2\/product"}],"about":[{"href":"https:\/\/aromasentia.com\/da\/wp-json\/wp\/v2\/types\/product"}],"replies":[{"embeddable":true,"href":"https:\/\/aromasentia.com\/da\/wp-json\/wp\/v2\/comments?post=202770"}],"version-history":[{"count":0,"href":"https:\/\/aromasentia.com\/da\/wp-json\/wp\/v2\/product\/202770\/revisions"}],"wp:featuredmedia":[{"embeddable":true,"href":"https:\/\/aromasentia.com\/da\/wp-json\/wp\/v2\/media\/295208"}],"wp:attachment":[{"href":"https:\/\/aromasentia.com\/da\/wp-json\/wp\/v2\/media?parent=202770"}],"wp:term":[{"taxonomy":"product_brand","embeddable":true,"href":"https:\/\/aromasentia.com\/da\/wp-json\/wp\/v2\/product_brand?post=202770"},{"taxonomy":"product_cat","embeddable":true,"href":"https:\/\/aromasentia.com\/da\/wp-json\/wp\/v2\/product_cat?post=202770"},{"taxonomy":"product_tag","embeddable":true,"href":"https:\/\/aromasentia.com\/da\/wp-json\/wp\/v2\/product_tag?post=202770"}],"curies":[{"name":"wp","href":"https:\/\/api.w.org\/{rel}","templated":true}]}}