{"id":202740,"date":"2025-03-20T17:43:19","date_gmt":"2025-03-20T17:43:19","guid":{"rendered":"https:\/\/aromasentia.com\/product\/loofah-long-handle-brush\/"},"modified":"2025-06-22T04:07:56","modified_gmt":"2025-06-22T04:07:56","slug":"loofah-boerste-med-langt-skaft","status":"publish","type":"product","link":"https:\/\/aromasentia.com\/da\/loofah-boerste-med-langt-skaft\/","title":{"rendered":"Loofah-B\u00f8rste med Langt Skaft"},"content":{"rendered":"<p>Hold din hud str\u00e5lende, selv i koldt vejr med vores<strong>Aroma Sentia-ping b\u00f8rster og scrubs!<\/strong><\/p>\n<p>Huden har brug for eksfoliering hele \u00e5ret rundt, men is\u00e6r om vinteren, da det er her, huden er t\u00f8rrest. Med vores b\u00f8rste kan du f\u00e5 den rene, luksuri\u00f8se f\u00f8lelse og holde din hud bl\u00f8d at r\u00f8re ved.<\/p>\n","protected":false},"excerpt":{"rendered":"<p>Hold din hud str\u00e5lende, selv i koldt vejr med voresAroma Sentia-ping b\u00f8rster og scrubs! Huden har brug for eksfoliering hele \u00e5ret rundt, men is\u00e6r om vinteren, da det er her, huden er t\u00f8rrest. Med vores b\u00f8rste kan du f\u00e5 den rene, luksuri\u00f8se f\u00f8lelse og holde din hud bl\u00f8d at r\u00f8re ved.<\/p>\n","protected":false},"featured_media":296442,"comment_status":"closed","ping_status":"open","template":"","meta":{"_angie_page":false},"product_brand":[],"product_cat":[6994,8068],"product_tag":[],"class_list":{"0":"post-202740","1":"product","2":"type-product","3":"status-publish","4":"has-post-thumbnail","6":"product_cat-bad-og-bruser","7":"product_cat-borster-skrubbere-og-skrabere","8":"pa_collection-brush-scrub-scrape-da","9":"pa_made-in-kina","11":"first","12":"instock","13":"purchasable","14":"product-type-simple"},"supplier_id":null,"supplier_sku":"scrub-22","barcode":null,"atum_controlled":true,"out_stock_date":null,"out_stock_threshold":null,"inheritable":false,"inbound_stock":null,"stock_on_hold":0,"sold_today":0,"sales_last_days":0,"reserved_stock":null,"customer_returns":null,"warehouse_damage":null,"lost_in_post":null,"other_logs":null,"out_stock_days":0,"lost_sales":0,"has_location":null,"update_date":"2026-04-27T07:20:36","atum_locations":[],"atum_stock_status":"instock","restock_status":false,"low_stock_amount":"","sales_update_date":"2025-09-05T00:20:32","calc_backorders":null,"_links":{"self":[{"href":"https:\/\/aromasentia.com\/da\/wp-json\/wp\/v2\/product\/202740","targetHints":{"allow":["GET"]}}],"collection":[{"href":"https:\/\/aromasentia.com\/da\/wp-json\/wp\/v2\/product"}],"about":[{"href":"https:\/\/aromasentia.com\/da\/wp-json\/wp\/v2\/types\/product"}],"replies":[{"embeddable":true,"href":"https:\/\/aromasentia.com\/da\/wp-json\/wp\/v2\/comments?post=202740"}],"version-history":[{"count":0,"href":"https:\/\/aromasentia.com\/da\/wp-json\/wp\/v2\/product\/202740\/revisions"}],"wp:featuredmedia":[{"embeddable":true,"href":"https:\/\/aromasentia.com\/da\/wp-json\/wp\/v2\/media\/296442"}],"wp:attachment":[{"href":"https:\/\/aromasentia.com\/da\/wp-json\/wp\/v2\/media?parent=202740"}],"wp:term":[{"taxonomy":"product_brand","embeddable":true,"href":"https:\/\/aromasentia.com\/da\/wp-json\/wp\/v2\/product_brand?post=202740"},{"taxonomy":"product_cat","embeddable":true,"href":"https:\/\/aromasentia.com\/da\/wp-json\/wp\/v2\/product_cat?post=202740"},{"taxonomy":"product_tag","embeddable":true,"href":"https:\/\/aromasentia.com\/da\/wp-json\/wp\/v2\/product_tag?post=202740"}],"curies":[{"name":"wp","href":"https:\/\/api.w.org\/{rel}","templated":true}]}}