{"id":202735,"date":"2025-03-20T17:43:45","date_gmt":"2025-03-20T17:43:45","guid":{"rendered":"https:\/\/aromasentia.com\/product\/long-handle-body-brush\/"},"modified":"2025-06-22T04:07:52","modified_gmt":"2025-06-22T04:07:52","slug":"kropsboerste-med-langt-skaft","status":"publish","type":"product","link":"https:\/\/aromasentia.com\/da\/kropsboerste-med-langt-skaft\/","title":{"rendered":"Kropsb\u00f8rste med Langt Skaft"},"content":{"rendered":"<p><span style=\"color: rgb(75, 80, 88);\">Hold din hud str\u00e5lende, selv i koldt vejr, med vores kropsb\u00f8rste med langt skaft.<\/span><\/p>\n<p><span style=\"color: rgb(75, 80, 88);\">Huden har brug for eksfoliering hele \u00e5ret rundt, men is\u00e6r om vinteren, da det er her, huden er t\u00f8rrest, og med vores b\u00f8rste kan du f\u00e5 den rene, luksuri\u00f8se f\u00f8lelse og holde din hud bl\u00f8d at r\u00f8re ved. Dine kunder vil med gl\u00e6de f\u00e5 chancen for at f\u00e5 disse.<\/span><\/p>\n<p><span style=\"color: rgb(75, 80, 88);\">De ville v\u00e6re et godt supplement til et aromaterapi- eller sk\u00f8nhedsprodukt eller endda i en gavekurv.<\/span><\/p>\n<p><span style=\"color: rgb(75, 80, 88);\">Bestil nogle i dag for at bringe et smil frem p\u00e5 dine kunders ansigter.<\/span><\/p>\n<p>&nbsp;<\/p>\n","protected":false},"excerpt":{"rendered":"<p>Hold din hud str\u00e5lende, selv i koldt vejr, med vores kropsb\u00f8rste med langt skaft. Huden har brug for eksfoliering hele \u00e5ret rundt, men is\u00e6r om vinteren, da det er her, huden er t\u00f8rrest, og med vores b\u00f8rste kan du f\u00e5 den rene, luksuri\u00f8se f\u00f8lelse og holde din hud bl\u00f8d at r\u00f8re ved. Dine kunder vil [&hellip;]<\/p>\n","protected":false},"featured_media":296683,"comment_status":"closed","ping_status":"open","template":"","meta":{"_angie_page":false},"product_brand":[],"product_cat":[6994,8068],"product_tag":[],"class_list":{"0":"post-202735","1":"product","2":"type-product","3":"status-publish","4":"has-post-thumbnail","6":"product_cat-bad-og-bruser","7":"product_cat-borster-skrubbere-og-skrabere","8":"pa_collection-brush-scrub-scrape-da","9":"pa_made-in-kina","11":"first","12":"instock","13":"purchasable","14":"product-type-simple"},"supplier_id":null,"supplier_sku":"Scrub-20","barcode":null,"atum_controlled":true,"out_stock_date":null,"out_stock_threshold":null,"inheritable":false,"inbound_stock":null,"stock_on_hold":0,"sold_today":0,"sales_last_days":0,"reserved_stock":null,"customer_returns":null,"warehouse_damage":null,"lost_in_post":null,"other_logs":null,"out_stock_days":0,"lost_sales":0,"has_location":null,"update_date":"2026-04-27T07:20:36","atum_locations":[],"atum_stock_status":"instock","restock_status":false,"low_stock_amount":"","sales_update_date":"2026-02-06T00:02:46","calc_backorders":null,"_links":{"self":[{"href":"https:\/\/aromasentia.com\/da\/wp-json\/wp\/v2\/product\/202735","targetHints":{"allow":["GET"]}}],"collection":[{"href":"https:\/\/aromasentia.com\/da\/wp-json\/wp\/v2\/product"}],"about":[{"href":"https:\/\/aromasentia.com\/da\/wp-json\/wp\/v2\/types\/product"}],"replies":[{"embeddable":true,"href":"https:\/\/aromasentia.com\/da\/wp-json\/wp\/v2\/comments?post=202735"}],"version-history":[{"count":0,"href":"https:\/\/aromasentia.com\/da\/wp-json\/wp\/v2\/product\/202735\/revisions"}],"wp:featuredmedia":[{"embeddable":true,"href":"https:\/\/aromasentia.com\/da\/wp-json\/wp\/v2\/media\/296683"}],"wp:attachment":[{"href":"https:\/\/aromasentia.com\/da\/wp-json\/wp\/v2\/media?parent=202735"}],"wp:term":[{"taxonomy":"product_brand","embeddable":true,"href":"https:\/\/aromasentia.com\/da\/wp-json\/wp\/v2\/product_brand?post=202735"},{"taxonomy":"product_cat","embeddable":true,"href":"https:\/\/aromasentia.com\/da\/wp-json\/wp\/v2\/product_cat?post=202735"},{"taxonomy":"product_tag","embeddable":true,"href":"https:\/\/aromasentia.com\/da\/wp-json\/wp\/v2\/product_tag?post=202735"}],"curies":[{"name":"wp","href":"https:\/\/api.w.org\/{rel}","templated":true}]}}