{"id":202730,"date":"2025-03-20T17:44:02","date_gmt":"2025-03-20T17:44:02","guid":{"rendered":"https:\/\/aromasentia.com\/product\/natural-loofah-scrub-on-rope-5-12-7-cm\/"},"modified":"2025-06-22T03:56:57","modified_gmt":"2025-06-22T03:56:57","slug":"naturlig-loofah-skrubbe-paa-reb-5-127-cm","status":"publish","type":"product","link":"https:\/\/aromasentia.com\/da\/naturlig-loofah-skrubbe-paa-reb-5-127-cm\/","title":{"rendered":"Naturlig Loofah-Skrubbe P\u00e5 Reb &#8211; 5&#8243; &#8211; 12,7 cm"},"content":{"rendered":"<p><span style=\"color: rgb(75, 80, 88);\">Invester i din hud med disse bodyscrubb\u00f8rster og -skrabere, og oplev fordelene ved glat, sund og gl\u00f8dende hud! Huden har brug for eksfoliering \u00e5ret rundt, og med disse b\u00f8rster kan du f\u00e5 den rene, luksuri\u00f8se f\u00f8lelse og holde din hud bl\u00f8d at r\u00f8re ved. Dine kunder vil med gl\u00e6de f\u00e5 chancen for at f\u00e5 disse. De er ogs\u00e5 et godt supplement til et aromaterapi- eller sk\u00f8nhedsprodukt eller endda i en gavekurv.<\/span> <\/p>\n","protected":false},"excerpt":{"rendered":"<p>Invester i din hud med disse bodyscrubb\u00f8rster og -skrabere, og oplev fordelene ved glat, sund og gl\u00f8dende hud! Huden har brug for eksfoliering \u00e5ret rundt, og med disse b\u00f8rster kan du f\u00e5 den rene, luksuri\u00f8se f\u00f8lelse og holde din hud bl\u00f8d at r\u00f8re ved. Dine kunder vil med gl\u00e6de f\u00e5 chancen for at f\u00e5 disse. [&hellip;]<\/p>\n","protected":false},"featured_media":296776,"comment_status":"closed","ping_status":"open","template":"","meta":{"_angie_page":false},"product_brand":[],"product_cat":[6994,8068],"product_tag":[],"class_list":{"0":"post-202730","1":"product","2":"type-product","3":"status-publish","4":"has-post-thumbnail","6":"product_cat-bad-og-bruser","7":"product_cat-borster-skrubbere-og-skrabere","8":"pa_collection-brush-scrub-scrape-da","9":"pa_made-in-kina","11":"first","12":"instock","13":"purchasable","14":"product-type-simple"},"supplier_id":null,"supplier_sku":"Scrub-12A","barcode":null,"atum_controlled":true,"out_stock_date":null,"out_stock_threshold":null,"inheritable":false,"inbound_stock":null,"stock_on_hold":0,"sold_today":0,"sales_last_days":0,"reserved_stock":null,"customer_returns":null,"warehouse_damage":null,"lost_in_post":null,"other_logs":null,"out_stock_days":0,"lost_sales":0,"has_location":null,"update_date":"2026-04-27T07:20:36","atum_locations":[],"atum_stock_status":"instock","restock_status":false,"low_stock_amount":"","sales_update_date":"2025-09-05T00:20:36","calc_backorders":null,"_links":{"self":[{"href":"https:\/\/aromasentia.com\/da\/wp-json\/wp\/v2\/product\/202730","targetHints":{"allow":["GET"]}}],"collection":[{"href":"https:\/\/aromasentia.com\/da\/wp-json\/wp\/v2\/product"}],"about":[{"href":"https:\/\/aromasentia.com\/da\/wp-json\/wp\/v2\/types\/product"}],"replies":[{"embeddable":true,"href":"https:\/\/aromasentia.com\/da\/wp-json\/wp\/v2\/comments?post=202730"}],"version-history":[{"count":0,"href":"https:\/\/aromasentia.com\/da\/wp-json\/wp\/v2\/product\/202730\/revisions"}],"wp:featuredmedia":[{"embeddable":true,"href":"https:\/\/aromasentia.com\/da\/wp-json\/wp\/v2\/media\/296776"}],"wp:attachment":[{"href":"https:\/\/aromasentia.com\/da\/wp-json\/wp\/v2\/media?parent=202730"}],"wp:term":[{"taxonomy":"product_brand","embeddable":true,"href":"https:\/\/aromasentia.com\/da\/wp-json\/wp\/v2\/product_brand?post=202730"},{"taxonomy":"product_cat","embeddable":true,"href":"https:\/\/aromasentia.com\/da\/wp-json\/wp\/v2\/product_cat?post=202730"},{"taxonomy":"product_tag","embeddable":true,"href":"https:\/\/aromasentia.com\/da\/wp-json\/wp\/v2\/product_tag?post=202730"}],"curies":[{"name":"wp","href":"https:\/\/api.w.org\/{rel}","templated":true}]}}