{"id":202726,"date":"2025-03-20T17:44:02","date_gmt":"2025-03-20T17:44:02","guid":{"rendered":"https:\/\/aromasentia.com\/product\/pair-of-professional-treatment-gloves\/"},"modified":"2025-06-22T03:56:56","modified_gmt":"2025-06-22T03:56:56","slug":"et-par-professionelle-behandlingshandsker","status":"publish","type":"product","link":"https:\/\/aromasentia.com\/da\/et-par-professionelle-behandlingshandsker\/","title":{"rendered":"Et Par Professionelle Behandlingshandsker"},"content":{"rendered":"<p><span style=\"color: rgb(75, 80, 88);\">Disse professionelle behandlingshandsker bruges ofte til at forbedre t\u00f8r hud p\u00e5 h\u00e6nderne og er velegnede til eksempatienter, der har brug for at p\u00e5f\u00f8re hudcremer regelm\u00e6ssigt. For at opn\u00e5 de bedste resultater, p\u00e5f\u00f8r et lag h\u00e5ndcreme inden sengetid og tag derefter handskerne p\u00e5, mens du sover.<\/span><\/p>\n<p><span style=\"color: rgb(75, 80, 88);\">Disse hvide bomuldshandsker er one size og er velegnede til sm\u00e5\/mellemstore kvinders h\u00e6nder. De er lavet af bomuld med en lille m\u00e6ngde lycra, s\u00e5 de er let str\u00e6kbare. Handsken har ikke en stram manchet, s\u00e5 de f\u00f8les behagelige, mens de er p\u00e5.<\/span><\/p>\n<p><span style=\"color: rgb(75, 80, 88);\">De er lavet af bomuld og kan vaskes mellem brug.<\/span><\/p>\n<p><span style=\"color: rgb(75, 80, 88);\">Vores professionelle behandlingshandsker vil helt sikkert blive et godt salg. Hvem \u00f8nsker sig ikke en luksuri\u00f8s hud?<\/span><\/p>\n<p><span style=\"color: rgb(141, 186, 216);\"><strong>Bestil nogle i dag for at give din butik den luksus, den fortjener.<\/strong><\/span><\/p>\n","protected":false},"excerpt":{"rendered":"<p>Disse professionelle behandlingshandsker bruges ofte til at forbedre t\u00f8r hud p\u00e5 h\u00e6nderne og er velegnede til eksempatienter, der har brug for at p\u00e5f\u00f8re hudcremer regelm\u00e6ssigt. For at opn\u00e5 de bedste resultater, p\u00e5f\u00f8r et lag h\u00e5ndcreme inden sengetid og tag derefter handskerne p\u00e5, mens du sover. Disse hvide bomuldshandsker er one size og er velegnede til [&hellip;]<\/p>\n","protected":false},"featured_media":296700,"comment_status":"closed","ping_status":"open","template":"","meta":{"_angie_page":false},"product_brand":[],"product_cat":[6994,8068],"product_tag":[],"class_list":{"0":"post-202726","1":"product","2":"type-product","3":"status-publish","4":"has-post-thumbnail","6":"product_cat-bad-og-bruser","7":"product_cat-borster-skrubbere-og-skrabere","8":"pa_collection-brush-scrub-scrape-da","9":"pa_made-in-kina","11":"first","12":"instock","13":"purchasable","14":"product-type-simple"},"supplier_id":null,"supplier_sku":"Mitt-04","barcode":null,"atum_controlled":true,"out_stock_date":null,"out_stock_threshold":null,"inheritable":false,"inbound_stock":null,"stock_on_hold":0,"sold_today":0,"sales_last_days":0,"reserved_stock":null,"customer_returns":null,"warehouse_damage":null,"lost_in_post":null,"other_logs":null,"out_stock_days":0,"lost_sales":0,"has_location":null,"update_date":"2026-04-27T07:13:06","atum_locations":[],"atum_stock_status":"instock","restock_status":false,"low_stock_amount":"","sales_update_date":"2026-01-30T01:24:41","calc_backorders":null,"_links":{"self":[{"href":"https:\/\/aromasentia.com\/da\/wp-json\/wp\/v2\/product\/202726","targetHints":{"allow":["GET"]}}],"collection":[{"href":"https:\/\/aromasentia.com\/da\/wp-json\/wp\/v2\/product"}],"about":[{"href":"https:\/\/aromasentia.com\/da\/wp-json\/wp\/v2\/types\/product"}],"replies":[{"embeddable":true,"href":"https:\/\/aromasentia.com\/da\/wp-json\/wp\/v2\/comments?post=202726"}],"version-history":[{"count":0,"href":"https:\/\/aromasentia.com\/da\/wp-json\/wp\/v2\/product\/202726\/revisions"}],"wp:featuredmedia":[{"embeddable":true,"href":"https:\/\/aromasentia.com\/da\/wp-json\/wp\/v2\/media\/296700"}],"wp:attachment":[{"href":"https:\/\/aromasentia.com\/da\/wp-json\/wp\/v2\/media?parent=202726"}],"wp:term":[{"taxonomy":"product_brand","embeddable":true,"href":"https:\/\/aromasentia.com\/da\/wp-json\/wp\/v2\/product_brand?post=202726"},{"taxonomy":"product_cat","embeddable":true,"href":"https:\/\/aromasentia.com\/da\/wp-json\/wp\/v2\/product_cat?post=202726"},{"taxonomy":"product_tag","embeddable":true,"href":"https:\/\/aromasentia.com\/da\/wp-json\/wp\/v2\/product_tag?post=202726"}],"curies":[{"name":"wp","href":"https:\/\/api.w.org\/{rel}","templated":true}]}}