{"id":202721,"date":"2025-03-20T17:44:22","date_gmt":"2025-03-20T17:44:22","guid":{"rendered":"https:\/\/aromasentia.com\/product\/daily-glow-oil\/"},"modified":"2025-06-22T03:56:52","modified_gmt":"2025-06-22T03:56:52","slug":"daglig-gloed-olie","status":"publish","type":"product","link":"https:\/\/aromasentia.com\/da\/daglig-gloed-olie\/","title":{"rendered":"Daglig Gl\u00f8d-Olie"},"content":{"rendered":"<p><span style=\"color: rgb(141, 186, 216);\"><strong>HYDRERER OG BESKYTTER<\/strong><\/span><\/p>\n<p><strong>Daily Glow Facial Serum<\/strong> med 100% naturlig blanding af olier for et \u00f8jeblikkeligt boost af hydrering.<\/p>\n<p>Velegnet til alle hudtyper.<\/p>\n<p>Den absorberes hurtigt ind i huden og kan bruges f\u00f8r p\u00e5f\u00f8ring af creme eller makeup.<\/p>\n<p>Dine kunder vil m\u00e5ske ogs\u00e5 kunne lide <a href=\"https:\/\/aromasentia.com\/wsp\"><span style=\"color: rgb(141, 186, 216);\"><strong>Ansigts-toner-mist.<\/strong><\/span><\/a><\/p>\n<p><strong>* S\u00e6lges i 30 ml flaske * Vegansk * Meget fugtgivende * Lavet i England *<\/strong><\/p>\n<p>Tilf\u00f8j til din e-shops produktportef\u00f8lje og k\u00f8b nu for at give dine kunder et af de bedste selvplejeprodukter.<\/p>\n","protected":false},"excerpt":{"rendered":"<p>HYDRERER OG BESKYTTER Daily Glow Facial Serum med 100% naturlig blanding af olier for et \u00f8jeblikkeligt boost af hydrering. Velegnet til alle hudtyper. Den absorberes hurtigt ind i huden og kan bruges f\u00f8r p\u00e5f\u00f8ring af creme eller makeup. Dine kunder vil m\u00e5ske ogs\u00e5 kunne lide Ansigts-toner-mist. * S\u00e6lges i 30 ml flaske * Vegansk * [&hellip;]<\/p>\n","protected":false},"featured_media":296801,"comment_status":"closed","ping_status":"open","template":"","meta":{"_angie_page":false},"product_brand":[27074],"product_cat":[6994,7595],"product_tag":[],"class_list":{"0":"post-202721","1":"product","2":"type-product","3":"status-publish","4":"has-post-thumbnail","6":"product_brand-aw-cosmetics","7":"product_cat-bad-og-bruser","8":"product_cat-hudpleje","9":"pa_collection-facial-serum-30ml-da","10":"pa_made-in-storbritannien","11":"pa_size-30ml","13":"first","14":"instock","15":"purchasable","16":"product-type-simple"},"supplier_id":null,"supplier_sku":"SerF-04","barcode":null,"atum_controlled":true,"out_stock_date":null,"out_stock_threshold":null,"inheritable":false,"inbound_stock":null,"stock_on_hold":0,"sold_today":0,"sales_last_days":0,"reserved_stock":null,"customer_returns":null,"warehouse_damage":null,"lost_in_post":null,"other_logs":null,"out_stock_days":0,"lost_sales":0,"has_location":null,"update_date":"2026-04-27T07:21:08","atum_locations":[],"atum_stock_status":"instock","restock_status":false,"low_stock_amount":"","sales_update_date":"2025-09-05T00:20:35","calc_backorders":null,"_links":{"self":[{"href":"https:\/\/aromasentia.com\/da\/wp-json\/wp\/v2\/product\/202721","targetHints":{"allow":["GET"]}}],"collection":[{"href":"https:\/\/aromasentia.com\/da\/wp-json\/wp\/v2\/product"}],"about":[{"href":"https:\/\/aromasentia.com\/da\/wp-json\/wp\/v2\/types\/product"}],"replies":[{"embeddable":true,"href":"https:\/\/aromasentia.com\/da\/wp-json\/wp\/v2\/comments?post=202721"}],"version-history":[{"count":0,"href":"https:\/\/aromasentia.com\/da\/wp-json\/wp\/v2\/product\/202721\/revisions"}],"wp:featuredmedia":[{"embeddable":true,"href":"https:\/\/aromasentia.com\/da\/wp-json\/wp\/v2\/media\/296801"}],"wp:attachment":[{"href":"https:\/\/aromasentia.com\/da\/wp-json\/wp\/v2\/media?parent=202721"}],"wp:term":[{"taxonomy":"product_brand","embeddable":true,"href":"https:\/\/aromasentia.com\/da\/wp-json\/wp\/v2\/product_brand?post=202721"},{"taxonomy":"product_cat","embeddable":true,"href":"https:\/\/aromasentia.com\/da\/wp-json\/wp\/v2\/product_cat?post=202721"},{"taxonomy":"product_tag","embeddable":true,"href":"https:\/\/aromasentia.com\/da\/wp-json\/wp\/v2\/product_tag?post=202721"}],"curies":[{"name":"wp","href":"https:\/\/api.w.org\/{rel}","templated":true}]}}