{"id":202711,"date":"2025-03-20T17:45:15","date_gmt":"2025-03-20T17:45:15","guid":{"rendered":"https:\/\/aromasentia.com\/product\/boxed-hand-soap-flower-bouquet-orange\/"},"modified":"2025-06-22T03:56:46","modified_gmt":"2025-06-22T03:56:46","slug":"blomsterbuket-med-haandsaebe-i-aeske-orange","status":"publish","type":"product","link":"https:\/\/aromasentia.com\/da\/blomsterbuket-med-haandsaebe-i-aeske-orange\/","title":{"rendered":"Blomsterbuket med H\u00e5nds\u00e6be I \u00c6ske &#8211; Orange"},"content":{"rendered":"<p>Disse dejlige arrangementer af s\u00e6beblomster kan skilles ad, og kronbladene kan bruges som dufts\u00e6be. Kronbladene kan bruges til at dekorere en vask som h\u00e5nds\u00e6be eller drysses i et badekar. Tils\u00e6t blot en eller to roser til dit varme bad, slap af og se de s\u00f8de blomster opl\u00f8ses lige for \u00f8jnene af dig. Du vil helt sikkert nyde det farverige vand og den dejlige duft. Det vil efterlade din hud bl\u00f8d, silkeagtig og med en dejlig frisk duft.<\/p>\n","protected":false},"excerpt":{"rendered":"<p>Disse dejlige arrangementer af s\u00e6beblomster kan skilles ad, og kronbladene kan bruges som dufts\u00e6be. Kronbladene kan bruges til at dekorere en vask som h\u00e5nds\u00e6be eller drysses i et badekar. Tils\u00e6t blot en eller to roser til dit varme bad, slap af og se de s\u00f8de blomster opl\u00f8ses lige for \u00f8jnene af dig. Du vil helt [&hellip;]<\/p>\n","protected":false},"featured_media":297115,"comment_status":"closed","ping_status":"open","template":"","meta":{"_angie_page":false},"product_brand":[],"product_cat":[25972,6994,26816,25839,7012],"product_tag":[],"class_list":{"0":"post-202711","1":"product","2":"type-product","3":"status-publish","4":"has-post-thumbnail","6":"product_cat-appelsin","7":"product_cat-bad-og-bruser","8":"product_cat-citrus","9":"product_cat-dufte-aromaer","10":"product_cat-okologiske-saeber-saebebar","11":"pa_collection-soap-flower-bouquets-da","12":"pa_made-in-kina","14":"first","15":"instock","16":"purchasable","17":"product-type-simple"},"supplier_id":null,"supplier_sku":"SFB-07","barcode":null,"atum_controlled":true,"out_stock_date":null,"out_stock_threshold":null,"inheritable":false,"inbound_stock":0,"stock_on_hold":0,"sold_today":0,"sales_last_days":0,"reserved_stock":0,"customer_returns":0,"warehouse_damage":0,"lost_in_post":0,"other_logs":0,"out_stock_days":0,"lost_sales":0,"has_location":false,"update_date":"2026-04-27T07:21:14","atum_locations":[],"atum_stock_status":"instock","restock_status":false,"low_stock_amount":"","sales_update_date":"2026-01-30T01:25:00","calc_backorders":null,"_links":{"self":[{"href":"https:\/\/aromasentia.com\/da\/wp-json\/wp\/v2\/product\/202711","targetHints":{"allow":["GET"]}}],"collection":[{"href":"https:\/\/aromasentia.com\/da\/wp-json\/wp\/v2\/product"}],"about":[{"href":"https:\/\/aromasentia.com\/da\/wp-json\/wp\/v2\/types\/product"}],"replies":[{"embeddable":true,"href":"https:\/\/aromasentia.com\/da\/wp-json\/wp\/v2\/comments?post=202711"}],"version-history":[{"count":0,"href":"https:\/\/aromasentia.com\/da\/wp-json\/wp\/v2\/product\/202711\/revisions"}],"wp:featuredmedia":[{"embeddable":true,"href":"https:\/\/aromasentia.com\/da\/wp-json\/wp\/v2\/media\/297115"}],"wp:attachment":[{"href":"https:\/\/aromasentia.com\/da\/wp-json\/wp\/v2\/media?parent=202711"}],"wp:term":[{"taxonomy":"product_brand","embeddable":true,"href":"https:\/\/aromasentia.com\/da\/wp-json\/wp\/v2\/product_brand?post=202711"},{"taxonomy":"product_cat","embeddable":true,"href":"https:\/\/aromasentia.com\/da\/wp-json\/wp\/v2\/product_cat?post=202711"},{"taxonomy":"product_tag","embeddable":true,"href":"https:\/\/aromasentia.com\/da\/wp-json\/wp\/v2\/product_tag?post=202711"}],"curies":[{"name":"wp","href":"https:\/\/api.w.org\/{rel}","templated":true}]}}