{"id":202685,"date":"2025-03-20T17:49:22","date_gmt":"2025-03-20T17:49:22","guid":{"rendered":"https:\/\/aromasentia.com\/product\/long-box-lavender-rose-carnation\/"},"modified":"2025-06-22T03:56:32","modified_gmt":"2025-06-22T03:56:32","slug":"lang-aeske-lavendel-rose-nellike","status":"publish","type":"product","link":"https:\/\/aromasentia.com\/da\/lang-aeske-lavendel-rose-nellike\/","title":{"rendered":"Lang \u00c6ske &#8211; Lavendel Rose &#038; Nellike"},"content":{"rendered":"<p><span style=\"color: rgb(75, 80, 88);\">Disse uds\u00f8gte gave\u00e6sker leveres klar til udstilling i din butik. Hver \u00e6ske er omhyggeligt fremstillet for at fremvise de detaljerede s\u00e6beblomster indeni, hvilket skaber en i\u00f8jnefaldende og uimodst\u00e5elig pr\u00e6sentation. Du kan nemt tilf\u00f8je disse \u00e6sker til dit lager og sikre en hurtig og problemfri ops\u00e6tning.<\/span><\/p>\n<p><span style=\"color: rgb(75, 80, 88);\"><strong>Lavendel Rose &#038; Carnation Long Box<\/strong> blander harmonisk ro og beundring. Lavendel repr\u00e6senterer sindsro, mens dyb lyser\u00f8de nelliker udtrykker p\u00e5sk\u00f8nnelse. Det er et ideelt valg til at udtrykke taknemmelighed ved enhver lejlighed.<\/span><\/p>\n<p><span style=\"color: rgb(75, 80, 88);\">I en verden, hvor f\u00f8rsteh\u00e5ndsindtryk betyder noget, skiller vores s\u00e6beblomst-gave\u00e6sker sig ud som et symbol p\u00e5 elegance og omtanke. L\u00f8ft dine kunders Gaveoplevelse med disse moderne, enkle og alsidige \u00e6sker, der helt sikkert vil efterlade et varigt indtryk.<\/span><\/p>\n<p><span style=\"color: rgb(141, 186, 216);\"><strong>S\u00e6t et statement i dag med vores s\u00e6beblomst-gave\u00e6sker!<\/strong><\/span><\/p>\n","protected":false},"excerpt":{"rendered":"<p>Disse uds\u00f8gte gave\u00e6sker leveres klar til udstilling i din butik. Hver \u00e6ske er omhyggeligt fremstillet for at fremvise de detaljerede s\u00e6beblomster indeni, hvilket skaber en i\u00f8jnefaldende og uimodst\u00e5elig pr\u00e6sentation. Du kan nemt tilf\u00f8je disse \u00e6sker til dit lager og sikre en hurtig og problemfri ops\u00e6tning. Lavendel Rose &#038; Carnation Long Box blander harmonisk ro og [&hellip;]<\/p>\n","protected":false},"featured_media":298349,"comment_status":"closed","ping_status":"open","template":"","meta":{"_angie_page":false},"product_brand":[],"product_cat":[6994,26830,25839,25957,25984],"product_tag":[],"class_list":{"0":"post-202685","1":"product","2":"type-product","3":"status-publish","4":"has-post-thumbnail","6":"product_cat-bad-og-bruser","7":"product_cat-blomster","8":"product_cat-dufte-aromaer","9":"product_cat-lavendel","10":"product_cat-rose","11":"pa_collection-soap-flowers-gift-boxes-da","12":"pa_made-in-kina","14":"first","15":"instock","16":"purchasable","17":"product-type-simple"},"supplier_id":null,"supplier_sku":"SFBX-21","barcode":null,"atum_controlled":true,"out_stock_date":null,"out_stock_threshold":null,"inheritable":false,"inbound_stock":null,"stock_on_hold":0,"sold_today":0,"sales_last_days":0,"reserved_stock":null,"customer_returns":null,"warehouse_damage":null,"lost_in_post":null,"other_logs":null,"out_stock_days":0,"lost_sales":0,"has_location":null,"update_date":"2026-04-27T07:21:21","atum_locations":[],"atum_stock_status":"instock","restock_status":false,"low_stock_amount":"","sales_update_date":"2026-01-30T01:24:53","calc_backorders":null,"_links":{"self":[{"href":"https:\/\/aromasentia.com\/da\/wp-json\/wp\/v2\/product\/202685","targetHints":{"allow":["GET"]}}],"collection":[{"href":"https:\/\/aromasentia.com\/da\/wp-json\/wp\/v2\/product"}],"about":[{"href":"https:\/\/aromasentia.com\/da\/wp-json\/wp\/v2\/types\/product"}],"replies":[{"embeddable":true,"href":"https:\/\/aromasentia.com\/da\/wp-json\/wp\/v2\/comments?post=202685"}],"version-history":[{"count":0,"href":"https:\/\/aromasentia.com\/da\/wp-json\/wp\/v2\/product\/202685\/revisions"}],"wp:featuredmedia":[{"embeddable":true,"href":"https:\/\/aromasentia.com\/da\/wp-json\/wp\/v2\/media\/298349"}],"wp:attachment":[{"href":"https:\/\/aromasentia.com\/da\/wp-json\/wp\/v2\/media?parent=202685"}],"wp:term":[{"taxonomy":"product_brand","embeddable":true,"href":"https:\/\/aromasentia.com\/da\/wp-json\/wp\/v2\/product_brand?post=202685"},{"taxonomy":"product_cat","embeddable":true,"href":"https:\/\/aromasentia.com\/da\/wp-json\/wp\/v2\/product_cat?post=202685"},{"taxonomy":"product_tag","embeddable":true,"href":"https:\/\/aromasentia.com\/da\/wp-json\/wp\/v2\/product_tag?post=202685"}],"curies":[{"name":"wp","href":"https:\/\/api.w.org\/{rel}","templated":true}]}}