{"id":202675,"date":"2025-03-20T17:51:16","date_gmt":"2025-03-20T17:51:16","guid":{"rendered":"https:\/\/aromasentia.com\/product\/shea-body-butter-180g-sexy\/"},"modified":"2025-06-22T03:56:26","modified_gmt":"2025-06-22T03:56:26","slug":"shea-body-butter-180g-sexy","status":"publish","type":"product","link":"https:\/\/aromasentia.com\/da\/shea-body-butter-180g-sexy\/","title":{"rendered":"Shea Body Butter 180g &#8211; Sexy"},"content":{"rendered":"<p>Let duftende <strong>Shea Body Butter &#8211; Sexy<\/strong> er ideel til daglig brug efter et bad eller brusebad samt til kropsmassage.<\/p>\n<p>Denne serie af shea body butter er rigt fugtgivende og den ideelle behandling til behandling af t\u00f8r og meget t\u00f8r hud.<\/p>\n<p>Med den naturligt n\u00e6rende godhed fra sheasm\u00f8r arbejder den luksuri\u00f8st fyldige body butter p\u00e5 at efterlade huden perfekt plejet, bl\u00f8d og glat.<\/p>\n<p>Brugsanvisning: Rens huden i et varmt brusebad eller badekar f\u00f8r p\u00e5f\u00f8ring for at \u00e5bne porerne. Mass\u00e9r forsigtigt en lille klat af vores sm\u00f8r ind i huden. Lad sm\u00f8rret tr\u00e6nge ind i et par minutter, f\u00f8r du tager t\u00f8j p\u00e5.<\/p>\n","protected":false},"excerpt":{"rendered":"<p>Let duftende Shea Body Butter &#8211; Sexy er ideel til daglig brug efter et bad eller brusebad samt til kropsmassage. Denne serie af shea body butter er rigt fugtgivende og den ideelle behandling til behandling af t\u00f8r og meget t\u00f8r hud. Med den naturligt n\u00e6rende godhed fra sheasm\u00f8r arbejder den luksuri\u00f8st fyldige body butter p\u00e5 [&hellip;]<\/p>\n","protected":false},"featured_media":298719,"comment_status":"closed","ping_status":"open","template":"","meta":{"_angie_page":false},"product_brand":[],"product_cat":[6994],"product_tag":[],"class_list":{"0":"post-202675","1":"product","2":"type-product","3":"status-publish","4":"has-post-thumbnail","6":"product_cat-bad-og-bruser","7":"pa_made-in-letland","8":"pa_size-180g","10":"first","11":"outofstock","12":"purchasable","13":"product-type-simple"},"supplier_id":null,"supplier_sku":"SHB-04","barcode":null,"atum_controlled":true,"out_stock_date":"2025-09-05 16:06:09","out_stock_threshold":null,"inheritable":false,"inbound_stock":null,"stock_on_hold":0,"sold_today":0,"sales_last_days":0,"reserved_stock":null,"customer_returns":null,"warehouse_damage":null,"lost_in_post":null,"other_logs":null,"out_stock_days":0,"lost_sales":0,"has_location":null,"update_date":"2026-04-27T07:21:33","atum_locations":[],"atum_stock_status":"outofstock","restock_status":false,"low_stock_amount":"","sales_update_date":"2025-09-05T00:20:49","calc_backorders":null,"_links":{"self":[{"href":"https:\/\/aromasentia.com\/da\/wp-json\/wp\/v2\/product\/202675","targetHints":{"allow":["GET"]}}],"collection":[{"href":"https:\/\/aromasentia.com\/da\/wp-json\/wp\/v2\/product"}],"about":[{"href":"https:\/\/aromasentia.com\/da\/wp-json\/wp\/v2\/types\/product"}],"replies":[{"embeddable":true,"href":"https:\/\/aromasentia.com\/da\/wp-json\/wp\/v2\/comments?post=202675"}],"version-history":[{"count":0,"href":"https:\/\/aromasentia.com\/da\/wp-json\/wp\/v2\/product\/202675\/revisions"}],"wp:featuredmedia":[{"embeddable":true,"href":"https:\/\/aromasentia.com\/da\/wp-json\/wp\/v2\/media\/298719"}],"wp:attachment":[{"href":"https:\/\/aromasentia.com\/da\/wp-json\/wp\/v2\/media?parent=202675"}],"wp:term":[{"taxonomy":"product_brand","embeddable":true,"href":"https:\/\/aromasentia.com\/da\/wp-json\/wp\/v2\/product_brand?post=202675"},{"taxonomy":"product_cat","embeddable":true,"href":"https:\/\/aromasentia.com\/da\/wp-json\/wp\/v2\/product_cat?post=202675"},{"taxonomy":"product_tag","embeddable":true,"href":"https:\/\/aromasentia.com\/da\/wp-json\/wp\/v2\/product_tag?post=202675"}],"curies":[{"name":"wp","href":"https:\/\/api.w.org\/{rel}","templated":true}]}}