{"id":202662,"date":"2025-03-20T17:52:11","date_gmt":"2025-03-20T17:52:11","guid":{"rendered":"https:\/\/aromasentia.com\/product\/sisal-sponge-and-scrub-soft-exfoliating-cushion\/"},"modified":"2025-06-22T03:56:19","modified_gmt":"2025-06-22T03:56:19","slug":"sisal-sponge-and-scrub-bloed-eksfolierende-pude","status":"publish","type":"product","link":"https:\/\/aromasentia.com\/da\/sisal-sponge-and-scrub-bloed-eksfolierende-pude\/","title":{"rendered":"Sisal Sponge And Scrub &#8211; Bl\u00f8d Eksfolierende Pude"},"content":{"rendered":"<p>Disse engros AW Earth Sisal Svampe og Scrubs er perfekte til spa- og massagecentre. De er fuldst\u00e6ndig bionedbrydelige og derfor milj\u00f8venlige.<\/p>\n<p>De har egenskaber, der er blandet for at skabe en \u00e6gte f\u00f8lelse af friskhed, og er meget ideelle til eksfoliering, fjernelse af d\u00f8de hudceller og efterladelse af din hud bl\u00f8d og fornyet.<\/p>\n<p>Eksfoliering b\u00f8r v\u00e6re en del af alles sk\u00f8nhedsrutine hele \u00e5ret rundt, men is\u00e6r i koldt vejr, for at holde huden str\u00e5lende og frisk. Kunderne vil elske dem!<\/p>\n<p>Bestil nogle i dag for at tilf\u00f8je lidt luksus til din butik.<\/p>\n","protected":false},"excerpt":{"rendered":"<p>Disse engros AW Earth Sisal Svampe og Scrubs er perfekte til spa- og massagecentre. De er fuldst\u00e6ndig bionedbrydelige og derfor milj\u00f8venlige. De har egenskaber, der er blandet for at skabe en \u00e6gte f\u00f8lelse af friskhed, og er meget ideelle til eksfoliering, fjernelse af d\u00f8de hudceller og efterladelse af din hud bl\u00f8d og fornyet. Eksfoliering b\u00f8r [&hellip;]<\/p>\n","protected":false},"featured_media":298926,"comment_status":"closed","ping_status":"open","template":"","meta":{"_angie_page":false},"product_brand":[],"product_cat":[6994],"product_tag":[],"class_list":{"0":"post-202662","1":"product","2":"type-product","3":"status-publish","4":"has-post-thumbnail","6":"product_cat-bad-og-bruser","7":"pa_collection-sisal-sponges-and-scrubs-da","8":"pa_made-in-kina","10":"first","11":"instock","12":"purchasable","13":"product-type-simple"},"supplier_id":null,"supplier_sku":"SisalS-04DS","barcode":null,"atum_controlled":true,"out_stock_date":null,"out_stock_threshold":null,"inheritable":false,"inbound_stock":null,"stock_on_hold":0,"sold_today":0,"sales_last_days":0,"reserved_stock":null,"customer_returns":null,"warehouse_damage":null,"lost_in_post":null,"other_logs":null,"out_stock_days":0,"lost_sales":0,"has_location":null,"update_date":"2026-04-27T07:21:33","atum_locations":[],"atum_stock_status":"instock","restock_status":false,"low_stock_amount":"","sales_update_date":"2026-02-06T00:02:30","calc_backorders":null,"_links":{"self":[{"href":"https:\/\/aromasentia.com\/da\/wp-json\/wp\/v2\/product\/202662","targetHints":{"allow":["GET"]}}],"collection":[{"href":"https:\/\/aromasentia.com\/da\/wp-json\/wp\/v2\/product"}],"about":[{"href":"https:\/\/aromasentia.com\/da\/wp-json\/wp\/v2\/types\/product"}],"replies":[{"embeddable":true,"href":"https:\/\/aromasentia.com\/da\/wp-json\/wp\/v2\/comments?post=202662"}],"version-history":[{"count":0,"href":"https:\/\/aromasentia.com\/da\/wp-json\/wp\/v2\/product\/202662\/revisions"}],"wp:featuredmedia":[{"embeddable":true,"href":"https:\/\/aromasentia.com\/da\/wp-json\/wp\/v2\/media\/298926"}],"wp:attachment":[{"href":"https:\/\/aromasentia.com\/da\/wp-json\/wp\/v2\/media?parent=202662"}],"wp:term":[{"taxonomy":"product_brand","embeddable":true,"href":"https:\/\/aromasentia.com\/da\/wp-json\/wp\/v2\/product_brand?post=202662"},{"taxonomy":"product_cat","embeddable":true,"href":"https:\/\/aromasentia.com\/da\/wp-json\/wp\/v2\/product_cat?post=202662"},{"taxonomy":"product_tag","embeddable":true,"href":"https:\/\/aromasentia.com\/da\/wp-json\/wp\/v2\/product_tag?post=202662"}],"curies":[{"name":"wp","href":"https:\/\/api.w.org\/{rel}","templated":true}]}}