{"id":202660,"date":"2025-03-20T17:52:41","date_gmt":"2025-03-20T17:52:41","guid":{"rendered":"https:\/\/aromasentia.com\/product\/hippo-bathbomb-85g-citrus-crush\/"},"modified":"2025-06-22T03:56:16","modified_gmt":"2025-06-22T03:56:16","slug":"hippo-bathbomb-85g-citrus-crush","status":"publish","type":"product","link":"https:\/\/aromasentia.com\/da\/hippo-bathbomb-85g-citrus-crush\/","title":{"rendered":"Hippo Bathbomb 85g &#8211; Citrus Crush"},"content":{"rendered":"<p><span style=\"color: rgb(75, 80, 88);\">Vi pr\u00e6senterer vores ekstraordin\u00e6re kollektion af <strong>formede badebomber<\/strong>, der er designet til at g\u00f8re badetiden til en virkelig fortryllende og medrivende oplevelse for b\u00f8rn! Hver badebombe er omhyggeligt fremstillet i en f\u00e6ngslende form.<\/span><\/p>\n<p><span style=\"color: rgb(75, 80, 88);\">Lad vores <strong>flodhestformede badebomber<\/strong> transportere dig til et <strong>citrusparadis<\/strong>. Disse frugtagtige badebomber vejer <strong>85 gram hver<\/strong> og er tilsat en <strong>forfriskende Citrus Crush-duft<\/strong>. N\u00e5r badebomben opl\u00f8ses, fylder den karret med en forfriskende aroma, der efterlader dig med en f\u00f8lelse af revitalisering og energi efter hvert bad.<\/span><\/p>\n<p><span style=\"color: rgb(75, 80, 88);\">Hver badebombe i vores kollektion er omhyggeligt fremstillet for at skabe et sanseligt vidunderland for b\u00f8rn. De gl\u00e6der ikke kun sanserne med deres f\u00e6ngslende former, men tilbyder ogs\u00e5 en fork\u00e6lende og skummende badeoplevelse.<\/span><\/p>\n<p><span style=\"color: rgb(141, 186, 216);\"><strong>Individuelt krympeindpakket<\/strong><\/span><\/p>\n<p><span style=\"color: rgb(75, 80, 88);\"><strong><em>Bem\u00e6rk venligst, at farven kan variere.<\/em> <\/strong><\/span><\/p>\n","protected":false},"excerpt":{"rendered":"<p>Vi pr\u00e6senterer vores ekstraordin\u00e6re kollektion af formede badebomber, der er designet til at g\u00f8re badetiden til en virkelig fortryllende og medrivende oplevelse for b\u00f8rn! Hver badebombe er omhyggeligt fremstillet i en f\u00e6ngslende form. Lad vores flodhestformede badebomber transportere dig til et citrusparadis. Disse frugtagtige badebomber vejer 85 gram hver og er tilsat en forfriskende Citrus [&hellip;]<\/p>\n","protected":false},"featured_media":299150,"comment_status":"closed","ping_status":"open","template":"","meta":{"_angie_page":false},"product_brand":[],"product_cat":[6994],"product_tag":[],"class_list":{"0":"post-202660","1":"product","2":"type-product","3":"status-publish","4":"has-post-thumbnail","6":"product_cat-bad-og-bruser","7":"pa_collection-shaped-bath-bombs-for-kids-da","8":"pa_made-in-storbritannien","10":"first","11":"instock","12":"purchasable","13":"product-type-simple"},"supplier_id":null,"supplier_sku":"SKB-03","barcode":null,"atum_controlled":true,"out_stock_date":null,"out_stock_threshold":null,"inheritable":false,"inbound_stock":null,"stock_on_hold":0,"sold_today":0,"sales_last_days":0,"reserved_stock":null,"customer_returns":null,"warehouse_damage":null,"lost_in_post":null,"other_logs":null,"out_stock_days":0,"lost_sales":0,"has_location":null,"update_date":"2026-04-27T07:21:33","atum_locations":[],"atum_stock_status":"instock","restock_status":false,"low_stock_amount":"","sales_update_date":"2026-01-20T05:14:20","calc_backorders":null,"_links":{"self":[{"href":"https:\/\/aromasentia.com\/da\/wp-json\/wp\/v2\/product\/202660","targetHints":{"allow":["GET"]}}],"collection":[{"href":"https:\/\/aromasentia.com\/da\/wp-json\/wp\/v2\/product"}],"about":[{"href":"https:\/\/aromasentia.com\/da\/wp-json\/wp\/v2\/types\/product"}],"replies":[{"embeddable":true,"href":"https:\/\/aromasentia.com\/da\/wp-json\/wp\/v2\/comments?post=202660"}],"version-history":[{"count":0,"href":"https:\/\/aromasentia.com\/da\/wp-json\/wp\/v2\/product\/202660\/revisions"}],"wp:featuredmedia":[{"embeddable":true,"href":"https:\/\/aromasentia.com\/da\/wp-json\/wp\/v2\/media\/299150"}],"wp:attachment":[{"href":"https:\/\/aromasentia.com\/da\/wp-json\/wp\/v2\/media?parent=202660"}],"wp:term":[{"taxonomy":"product_brand","embeddable":true,"href":"https:\/\/aromasentia.com\/da\/wp-json\/wp\/v2\/product_brand?post=202660"},{"taxonomy":"product_cat","embeddable":true,"href":"https:\/\/aromasentia.com\/da\/wp-json\/wp\/v2\/product_cat?post=202660"},{"taxonomy":"product_tag","embeddable":true,"href":"https:\/\/aromasentia.com\/da\/wp-json\/wp\/v2\/product_tag?post=202660"}],"curies":[{"name":"wp","href":"https:\/\/api.w.org\/{rel}","templated":true}]}}