{"id":202656,"date":"2025-03-20T17:52:41","date_gmt":"2025-03-20T17:52:41","guid":{"rendered":"https:\/\/aromasentia.com\/product\/monkey-bathbomb-90g-guava-strawberry\/"},"modified":"2025-06-22T03:56:15","modified_gmt":"2025-06-22T03:56:15","slug":"monkey-bathbomb-90g-guava-jordbaer","status":"publish","type":"product","link":"https:\/\/aromasentia.com\/da\/monkey-bathbomb-90g-guava-jordbaer\/","title":{"rendered":"monkey Bathbomb 90g &#8211; Guava &#038; Jordb\u00e6r"},"content":{"rendered":"<p><span style=\"color: rgb(75, 80, 88);\">Vi pr\u00e6senterer vores ekstraordin\u00e6re kollektion af <strong>formede badebomber<\/strong>, der er designet til at g\u00f8re badetiden til en virkelig fortryllende og medrivende oplevelse for b\u00f8rn! Hver badebombe er omhyggeligt fremstillet i en f\u00e6ngslende form.<\/span><\/p>\n<p><span style=\"color: rgb(75, 80, 88);\">Fordyb dig i et tropisk paradis med vores <strong>abeformede badebomber<\/strong>. Hver bombe, der <strong>vejer 90 gram<\/strong>, kombinerer de uimodst\u00e5elige dufte af guava og jordb\u00e6r. N\u00e5r den abeformede badebombe opl\u00f8ses, fylder en eksplosion af tropisk duft luften og transporterer dig til frodige regnskove og solrige kyster.<\/span> <\/p>\n<p><span style=\"color: rgb(75, 80, 88);\">Hver badebombe i vores kollektion er omhyggeligt fremstillet for at skabe et sensorisk vidunderland for b\u00f8rn. De gl\u00e6der ikke kun sanserne med deres f\u00e6ngslende former, men tilbyder ogs\u00e5 en fork\u00e6lende og skummende badeoplevelse.<\/span><\/p>\n<p><span style=\"color: rgb(141, 186, 216);\"><strong>Individuelt krympeindpakket<\/strong><\/span><\/p>\n","protected":false},"excerpt":{"rendered":"<p>Vi pr\u00e6senterer vores ekstraordin\u00e6re kollektion af formede badebomber, der er designet til at g\u00f8re badetiden til en virkelig fortryllende og medrivende oplevelse for b\u00f8rn! Hver badebombe er omhyggeligt fremstillet i en f\u00e6ngslende form. Fordyb dig i et tropisk paradis med vores abeformede badebomber. Hver bombe, der vejer 90 gram, kombinerer de uimodst\u00e5elige dufte af guava [&hellip;]<\/p>\n","protected":false},"featured_media":299050,"comment_status":"closed","ping_status":"open","template":"","meta":{"_angie_page":false},"product_brand":[],"product_cat":[6994,25839,26844,26555,26519],"product_tag":[],"class_list":{"0":"post-202656","1":"product","2":"type-product","3":"status-publish","4":"has-post-thumbnail","6":"product_cat-bad-og-bruser","7":"product_cat-dufte-aromaer","8":"product_cat-frugtagtig","9":"product_cat-guava","10":"product_cat-jordbaer","11":"pa_collection-shaped-bath-bombs-for-kids-da","12":"pa_made-in-storbritannien","13":"pa_size-90g","15":"first","16":"instock","17":"purchasable","18":"product-type-simple"},"supplier_id":null,"supplier_sku":"SKB-07","barcode":null,"atum_controlled":true,"out_stock_date":null,"out_stock_threshold":null,"inheritable":false,"inbound_stock":null,"stock_on_hold":0,"sold_today":0,"sales_last_days":0,"reserved_stock":null,"customer_returns":null,"warehouse_damage":null,"lost_in_post":null,"other_logs":null,"out_stock_days":0,"lost_sales":0,"has_location":null,"update_date":"2026-04-27T07:21:33","atum_locations":[],"atum_stock_status":"instock","restock_status":false,"low_stock_amount":"","sales_update_date":"2025-09-05T00:20:56","calc_backorders":null,"_links":{"self":[{"href":"https:\/\/aromasentia.com\/da\/wp-json\/wp\/v2\/product\/202656","targetHints":{"allow":["GET"]}}],"collection":[{"href":"https:\/\/aromasentia.com\/da\/wp-json\/wp\/v2\/product"}],"about":[{"href":"https:\/\/aromasentia.com\/da\/wp-json\/wp\/v2\/types\/product"}],"replies":[{"embeddable":true,"href":"https:\/\/aromasentia.com\/da\/wp-json\/wp\/v2\/comments?post=202656"}],"version-history":[{"count":0,"href":"https:\/\/aromasentia.com\/da\/wp-json\/wp\/v2\/product\/202656\/revisions"}],"wp:featuredmedia":[{"embeddable":true,"href":"https:\/\/aromasentia.com\/da\/wp-json\/wp\/v2\/media\/299050"}],"wp:attachment":[{"href":"https:\/\/aromasentia.com\/da\/wp-json\/wp\/v2\/media?parent=202656"}],"wp:term":[{"taxonomy":"product_brand","embeddable":true,"href":"https:\/\/aromasentia.com\/da\/wp-json\/wp\/v2\/product_brand?post=202656"},{"taxonomy":"product_cat","embeddable":true,"href":"https:\/\/aromasentia.com\/da\/wp-json\/wp\/v2\/product_cat?post=202656"},{"taxonomy":"product_tag","embeddable":true,"href":"https:\/\/aromasentia.com\/da\/wp-json\/wp\/v2\/product_tag?post=202656"}],"curies":[{"name":"wp","href":"https:\/\/api.w.org\/{rel}","templated":true}]}}