{"id":202651,"date":"2025-03-20T17:53:14","date_gmt":"2025-03-20T17:53:14","guid":{"rendered":"https:\/\/aromasentia.com\/product\/lips-bathbomb-60g-raspberry-pomegranate\/"},"modified":"2025-06-22T03:56:10","modified_gmt":"2025-06-22T03:56:10","slug":"lips-bathbomb-60g-hindbaer-granataeble","status":"publish","type":"product","link":"https:\/\/aromasentia.com\/da\/lips-bathbomb-60g-hindbaer-granataeble\/","title":{"rendered":"Lips Bathbomb 60g &#8211; Hindb\u00e6r &#038; Granat\u00e6ble"},"content":{"rendered":"<p><span style=\"color: rgb(75, 80, 88);\">Vi pr\u00e6senterer vores ekstraordin\u00e6re kollektion af <strong>formede badebomber<\/strong>, der er designet til at g\u00f8re badetiden til en virkelig fortryllende og medrivende oplevelse for b\u00f8rn! Hver badebombe er omhyggeligt fremstillet i en f\u00e6ngslende form.<\/span><\/p>\n<p><span style=\"color: rgb(75, 80, 88);\">Tilf\u00f8j et strejf af glamour til badetiden med vores <strong>l\u00e6beformede badebomber<\/strong>. Med en v\u00e6gt p\u00e5 60 gram hver har de en dejlig <strong>hindb\u00e6r- og granat\u00e6bleduft<\/strong>. N\u00e5r badebomben opl\u00f8ses, skaber den et f\u00e6ngslende farvespil og frigiver en fortryllende duft, der forvandler dit bad til en luksuri\u00f8s spa-lignende oplevelse.<\/p>\n<p><span style=\"color: rgb(75, 80, 88);\">Hver badebombe i vores kollektion er omhyggeligt fremstillet for at skabe et sanseligt vidunderland for b\u00f8rn. De gl\u00e6der ikke kun sanserne med deres f\u00e6ngslende former, men tilbyder ogs\u00e5 en fork\u00e6lende og skummende badeoplevelse.<\/span><\/p>\n<p><span style=\"color: rgb(141, 186, 216);\"><strong>Individuelt krympeindpakket<\/strong><\/span><\/p>\n","protected":false},"excerpt":{"rendered":"<p>Vi pr\u00e6senterer vores ekstraordin\u00e6re kollektion af formede badebomber, der er designet til at g\u00f8re badetiden til en virkelig fortryllende og medrivende oplevelse for b\u00f8rn! Hver badebombe er omhyggeligt fremstillet i en f\u00e6ngslende form. Tilf\u00f8j et strejf af glamour til badetiden med vores l\u00e6beformede badebomber. Med en v\u00e6gt p\u00e5 60 gram hver har de en dejlig [&hellip;]<\/p>\n","protected":false},"featured_media":299207,"comment_status":"closed","ping_status":"open","template":"","meta":{"_angie_page":false},"product_brand":[],"product_cat":[6994,25839,26844,26458],"product_tag":[],"class_list":{"0":"post-202651","1":"product","2":"type-product","3":"status-publish","4":"has-post-thumbnail","6":"product_cat-bad-og-bruser","7":"product_cat-dufte-aromaer","8":"product_cat-frugtagtig","9":"product_cat-granataeble","10":"pa_collection-shaped-bath-bombs-for-kids-da","11":"pa_made-in-storbritannien","12":"pa_size-60g","14":"first","15":"instock","16":"purchasable","17":"product-type-simple"},"supplier_id":null,"supplier_sku":"SKB-02","barcode":null,"atum_controlled":true,"out_stock_date":null,"out_stock_threshold":null,"inheritable":false,"inbound_stock":null,"stock_on_hold":0,"sold_today":0,"sales_last_days":0,"reserved_stock":null,"customer_returns":null,"warehouse_damage":null,"lost_in_post":null,"other_logs":null,"out_stock_days":0,"lost_sales":0,"has_location":null,"update_date":"2026-04-27T07:21:33","atum_locations":[],"atum_stock_status":"instock","restock_status":false,"low_stock_amount":"","sales_update_date":"2025-09-05T00:20:56","calc_backorders":null,"_links":{"self":[{"href":"https:\/\/aromasentia.com\/da\/wp-json\/wp\/v2\/product\/202651","targetHints":{"allow":["GET"]}}],"collection":[{"href":"https:\/\/aromasentia.com\/da\/wp-json\/wp\/v2\/product"}],"about":[{"href":"https:\/\/aromasentia.com\/da\/wp-json\/wp\/v2\/types\/product"}],"replies":[{"embeddable":true,"href":"https:\/\/aromasentia.com\/da\/wp-json\/wp\/v2\/comments?post=202651"}],"version-history":[{"count":0,"href":"https:\/\/aromasentia.com\/da\/wp-json\/wp\/v2\/product\/202651\/revisions"}],"wp:featuredmedia":[{"embeddable":true,"href":"https:\/\/aromasentia.com\/da\/wp-json\/wp\/v2\/media\/299207"}],"wp:attachment":[{"href":"https:\/\/aromasentia.com\/da\/wp-json\/wp\/v2\/media?parent=202651"}],"wp:term":[{"taxonomy":"product_brand","embeddable":true,"href":"https:\/\/aromasentia.com\/da\/wp-json\/wp\/v2\/product_brand?post=202651"},{"taxonomy":"product_cat","embeddable":true,"href":"https:\/\/aromasentia.com\/da\/wp-json\/wp\/v2\/product_cat?post=202651"},{"taxonomy":"product_tag","embeddable":true,"href":"https:\/\/aromasentia.com\/da\/wp-json\/wp\/v2\/product_tag?post=202651"}],"curies":[{"name":"wp","href":"https:\/\/api.w.org\/{rel}","templated":true}]}}