{"id":202644,"date":"2025-03-20T17:53:50","date_gmt":"2025-03-20T17:53:50","guid":{"rendered":"https:\/\/aromasentia.com\/product\/round-honey-marble-rounded-soap-dish\/"},"modified":"2025-06-22T03:56:08","modified_gmt":"2025-06-22T03:56:08","slug":"rund-saebeskaal-i-honningmarmor","status":"publish","type":"product","link":"https:\/\/aromasentia.com\/da\/rund-saebeskaal-i-honningmarmor\/","title":{"rendered":"Rund S\u00e6besk\u00e5l I Honningmarmor"},"content":{"rendered":"<p>Unik dekorativ rund s\u00e6besk\u00e5l i marmor lavet af honningmarmor. Den glatte indre del understreger stenens naturlighed. Huller i bunden g\u00f8r det lettere at t\u00f8rre s\u00e6ben og holde den i god stand.<\/p>\n<p><strong>NB:<\/strong> Hver stens\u00e6besk\u00e5l er unik; billedet viser produktet i en eksemplarisk farvesammens\u00e6tning.&nbsp;&nbsp;<\/p>\n","protected":false},"excerpt":{"rendered":"<p>Unik dekorativ rund s\u00e6besk\u00e5l i marmor lavet af honningmarmor. Den glatte indre del understreger stenens naturlighed. Huller i bunden g\u00f8r det lettere at t\u00f8rre s\u00e6ben og holde den i god stand. NB: Hver stens\u00e6besk\u00e5l er unik; billedet viser produktet i en eksemplarisk farvesammens\u00e6tning.&nbsp;&nbsp;<\/p>\n","protected":false},"featured_media":299500,"comment_status":"closed","ping_status":"open","template":"","meta":{"_angie_page":false},"product_brand":[],"product_cat":[6994,8052],"product_tag":[],"class_list":{"0":"post-202644","1":"product","2":"type-product","3":"status-publish","4":"has-post-thumbnail","6":"product_cat-bad-og-bruser","7":"product_cat-saebeskale-og-saebedispensere","8":"pa_collection-stone-soap-dishes-da","9":"pa_made-in-indonesien","11":"first","12":"instock","13":"purchasable","14":"product-type-simple"},"supplier_id":null,"supplier_sku":"SSD-07","barcode":null,"atum_controlled":true,"out_stock_date":null,"out_stock_threshold":null,"inheritable":false,"inbound_stock":null,"stock_on_hold":0,"sold_today":0,"sales_last_days":0,"reserved_stock":null,"customer_returns":null,"warehouse_damage":null,"lost_in_post":null,"other_logs":null,"out_stock_days":70,"lost_sales":0,"has_location":null,"update_date":"2026-04-27T07:23:10","atum_locations":[],"atum_stock_status":"instock","restock_status":false,"low_stock_amount":"","sales_update_date":"2026-02-06T00:01:05","calc_backorders":null,"_links":{"self":[{"href":"https:\/\/aromasentia.com\/da\/wp-json\/wp\/v2\/product\/202644","targetHints":{"allow":["GET"]}}],"collection":[{"href":"https:\/\/aromasentia.com\/da\/wp-json\/wp\/v2\/product"}],"about":[{"href":"https:\/\/aromasentia.com\/da\/wp-json\/wp\/v2\/types\/product"}],"replies":[{"embeddable":true,"href":"https:\/\/aromasentia.com\/da\/wp-json\/wp\/v2\/comments?post=202644"}],"version-history":[{"count":0,"href":"https:\/\/aromasentia.com\/da\/wp-json\/wp\/v2\/product\/202644\/revisions"}],"wp:featuredmedia":[{"embeddable":true,"href":"https:\/\/aromasentia.com\/da\/wp-json\/wp\/v2\/media\/299500"}],"wp:attachment":[{"href":"https:\/\/aromasentia.com\/da\/wp-json\/wp\/v2\/media?parent=202644"}],"wp:term":[{"taxonomy":"product_brand","embeddable":true,"href":"https:\/\/aromasentia.com\/da\/wp-json\/wp\/v2\/product_brand?post=202644"},{"taxonomy":"product_cat","embeddable":true,"href":"https:\/\/aromasentia.com\/da\/wp-json\/wp\/v2\/product_cat?post=202644"},{"taxonomy":"product_tag","embeddable":true,"href":"https:\/\/aromasentia.com\/da\/wp-json\/wp\/v2\/product_tag?post=202644"}],"curies":[{"name":"wp","href":"https:\/\/api.w.org\/{rel}","templated":true}]}}