{"id":202642,"date":"2025-03-20T17:53:50","date_gmt":"2025-03-20T17:53:50","guid":{"rendered":"https:\/\/aromasentia.com\/product\/natural-grey-marble-soap-dish\/"},"modified":"2025-06-22T03:56:07","modified_gmt":"2025-06-22T03:56:07","slug":"saebeskaal-i-naturlig-graa-marmor","status":"publish","type":"product","link":"https:\/\/aromasentia.com\/da\/saebeskaal-i-naturlig-graa-marmor\/","title":{"rendered":"S\u00e6besk\u00e5l I Naturlig Gr\u00e5 marmor"},"content":{"rendered":"<p>S\u00e6besk\u00e5l i gr\u00e5 marmor er en perfekt tilf\u00f8jelse til k\u00f8kkenet eller badev\u00e6relset, b\u00e5de hjemme og p\u00e5 hotellet eller restauranten. Marmor vil give omgivelserne en vis stil og elegance. Kan v\u00e6re en us\u00e6dvanlig gave.<\/p>\n<p>Hver stens\u00e6besk\u00e5l er unik, billedet viser produktet i et eksemplarisk farveskema.&nbsp;<\/p>\n","protected":false},"excerpt":{"rendered":"<p>S\u00e6besk\u00e5l i gr\u00e5 marmor er en perfekt tilf\u00f8jelse til k\u00f8kkenet eller badev\u00e6relset, b\u00e5de hjemme og p\u00e5 hotellet eller restauranten. Marmor vil give omgivelserne en vis stil og elegance. Kan v\u00e6re en us\u00e6dvanlig gave. Hver stens\u00e6besk\u00e5l er unik, billedet viser produktet i et eksemplarisk farveskema.&nbsp;<\/p>\n","protected":false},"featured_media":299466,"comment_status":"closed","ping_status":"open","template":"","meta":{"_angie_page":false},"product_brand":[],"product_cat":[6994,8052],"product_tag":[],"class_list":{"0":"post-202642","1":"product","2":"type-product","3":"status-publish","4":"has-post-thumbnail","6":"product_cat-bad-og-bruser","7":"product_cat-saebeskale-og-saebedispensere","8":"pa_collection-stone-soap-dishes-da","9":"pa_made-in-indonesien","11":"first","12":"instock","13":"purchasable","14":"product-type-simple"},"supplier_id":null,"supplier_sku":"SSD-05","barcode":null,"atum_controlled":true,"out_stock_date":null,"out_stock_threshold":null,"inheritable":false,"inbound_stock":null,"stock_on_hold":0,"sold_today":0,"sales_last_days":0,"reserved_stock":null,"customer_returns":null,"warehouse_damage":null,"lost_in_post":null,"other_logs":null,"out_stock_days":0,"lost_sales":0,"has_location":null,"update_date":"2026-05-11T01:56:48","atum_locations":[],"atum_stock_status":"instock","restock_status":false,"low_stock_amount":"","sales_update_date":"2026-01-30T01:24:29","calc_backorders":null,"_links":{"self":[{"href":"https:\/\/aromasentia.com\/da\/wp-json\/wp\/v2\/product\/202642","targetHints":{"allow":["GET"]}}],"collection":[{"href":"https:\/\/aromasentia.com\/da\/wp-json\/wp\/v2\/product"}],"about":[{"href":"https:\/\/aromasentia.com\/da\/wp-json\/wp\/v2\/types\/product"}],"replies":[{"embeddable":true,"href":"https:\/\/aromasentia.com\/da\/wp-json\/wp\/v2\/comments?post=202642"}],"version-history":[{"count":0,"href":"https:\/\/aromasentia.com\/da\/wp-json\/wp\/v2\/product\/202642\/revisions"}],"wp:featuredmedia":[{"embeddable":true,"href":"https:\/\/aromasentia.com\/da\/wp-json\/wp\/v2\/media\/299466"}],"wp:attachment":[{"href":"https:\/\/aromasentia.com\/da\/wp-json\/wp\/v2\/media?parent=202642"}],"wp:term":[{"taxonomy":"product_brand","embeddable":true,"href":"https:\/\/aromasentia.com\/da\/wp-json\/wp\/v2\/product_brand?post=202642"},{"taxonomy":"product_cat","embeddable":true,"href":"https:\/\/aromasentia.com\/da\/wp-json\/wp\/v2\/product_cat?post=202642"},{"taxonomy":"product_tag","embeddable":true,"href":"https:\/\/aromasentia.com\/da\/wp-json\/wp\/v2\/product_tag?post=202642"}],"curies":[{"name":"wp","href":"https:\/\/api.w.org\/{rel}","templated":true}]}}