{"id":202641,"date":"2025-03-20T17:53:50","date_gmt":"2025-03-20T17:53:50","guid":{"rendered":"https:\/\/aromasentia.com\/product\/natural-honey-onxy-soap-dish\/"},"modified":"2025-06-22T03:56:04","modified_gmt":"2025-06-22T03:56:04","slug":"naturlig-honning-onxy-saebeskaal","status":"publish","type":"product","link":"https:\/\/aromasentia.com\/da\/naturlig-honning-onxy-saebeskaal\/","title":{"rendered":"Naturlig Honning Onxy S\u00e6besk\u00e5l"},"content":{"rendered":"<p>Serien af stens\u00e6besk\u00e5le er en tilbagevenden til naturen i dit interi\u00f8r. De er grundl\u00e6ggende kendetegnet ved det, der er vigtigst: naturlighed. Et godt eksempel er denne gule onyx-s\u00e6besk\u00e5l, der er lavet i h\u00e5nden og har en us\u00e6dvanlig form.&nbsp;<\/p>\n<p>Hver stens\u00e6besk\u00e5l er unik, og billedet viser produktet i en eksemplarisk farvesammens\u00e6tning.<\/p>\n","protected":false},"excerpt":{"rendered":"<p>Serien af stens\u00e6besk\u00e5le er en tilbagevenden til naturen i dit interi\u00f8r. De er grundl\u00e6ggende kendetegnet ved det, der er vigtigst: naturlighed. Et godt eksempel er denne gule onyx-s\u00e6besk\u00e5l, der er lavet i h\u00e5nden og har en us\u00e6dvanlig form.&nbsp; Hver stens\u00e6besk\u00e5l er unik, og billedet viser produktet i en eksemplarisk farvesammens\u00e6tning.<\/p>\n","protected":false},"featured_media":299449,"comment_status":"closed","ping_status":"open","template":"","meta":{"_angie_page":false},"product_brand":[],"product_cat":[6994,8052],"product_tag":[],"class_list":{"0":"post-202641","1":"product","2":"type-product","3":"status-publish","4":"has-post-thumbnail","6":"product_cat-bad-og-bruser","7":"product_cat-saebeskale-og-saebedispensere","8":"pa_collection-stone-soap-dishes-da","9":"pa_made-in-indonesien","11":"first","12":"instock","13":"purchasable","14":"product-type-simple"},"supplier_id":null,"supplier_sku":"SSD-04","barcode":null,"atum_controlled":true,"out_stock_date":null,"out_stock_threshold":null,"inheritable":false,"inbound_stock":null,"stock_on_hold":0,"sold_today":0,"sales_last_days":0,"reserved_stock":null,"customer_returns":null,"warehouse_damage":null,"lost_in_post":null,"other_logs":null,"out_stock_days":0,"lost_sales":0,"has_location":null,"update_date":"2026-05-08T05:20:16","atum_locations":[],"atum_stock_status":"instock","restock_status":false,"low_stock_amount":"","sales_update_date":"2026-01-30T01:26:09","calc_backorders":null,"_links":{"self":[{"href":"https:\/\/aromasentia.com\/da\/wp-json\/wp\/v2\/product\/202641","targetHints":{"allow":["GET"]}}],"collection":[{"href":"https:\/\/aromasentia.com\/da\/wp-json\/wp\/v2\/product"}],"about":[{"href":"https:\/\/aromasentia.com\/da\/wp-json\/wp\/v2\/types\/product"}],"replies":[{"embeddable":true,"href":"https:\/\/aromasentia.com\/da\/wp-json\/wp\/v2\/comments?post=202641"}],"version-history":[{"count":0,"href":"https:\/\/aromasentia.com\/da\/wp-json\/wp\/v2\/product\/202641\/revisions"}],"wp:featuredmedia":[{"embeddable":true,"href":"https:\/\/aromasentia.com\/da\/wp-json\/wp\/v2\/media\/299449"}],"wp:attachment":[{"href":"https:\/\/aromasentia.com\/da\/wp-json\/wp\/v2\/media?parent=202641"}],"wp:term":[{"taxonomy":"product_brand","embeddable":true,"href":"https:\/\/aromasentia.com\/da\/wp-json\/wp\/v2\/product_brand?post=202641"},{"taxonomy":"product_cat","embeddable":true,"href":"https:\/\/aromasentia.com\/da\/wp-json\/wp\/v2\/product_cat?post=202641"},{"taxonomy":"product_tag","embeddable":true,"href":"https:\/\/aromasentia.com\/da\/wp-json\/wp\/v2\/product_tag?post=202641"}],"curies":[{"name":"wp","href":"https:\/\/api.w.org\/{rel}","templated":true}]}}