{"id":202640,"date":"2025-03-20T17:54:08","date_gmt":"2025-03-20T17:54:08","guid":{"rendered":"https:\/\/aromasentia.com\/product\/riverstone-natural-soap-dish\/"},"modified":"2025-06-22T03:56:04","modified_gmt":"2025-06-22T03:56:04","slug":"riverstone-naturlig-saebeskaal","status":"publish","type":"product","link":"https:\/\/aromasentia.com\/da\/riverstone-naturlig-saebeskaal\/","title":{"rendered":"Riverstone Naturlig S\u00e6besk\u00e5l"},"content":{"rendered":"<p>S\u00e6besk\u00e5len er h\u00e5ndlavet af flodsten og har r\u00e5, uber\u00f8rte kanter, hvilket g\u00f8r den til et unikt, autentisk produkt. Sk\u00e5len er poleret og har huller, som vandet kan l\u00f8be igennem. Den vil fungere i ethvert badev\u00e6relse eller k\u00f8kken.<\/p>\n<p>NB: Hvert produkt er unikt med en unik farve &#8230; direkte fra naturen.&nbsp;<\/p>\n","protected":false},"excerpt":{"rendered":"<p>S\u00e6besk\u00e5len er h\u00e5ndlavet af flodsten og har r\u00e5, uber\u00f8rte kanter, hvilket g\u00f8r den til et unikt, autentisk produkt. Sk\u00e5len er poleret og har huller, som vandet kan l\u00f8be igennem. Den vil fungere i ethvert badev\u00e6relse eller k\u00f8kken. NB: Hvert produkt er unikt med en unik farve &#8230; direkte fra naturen.&nbsp;<\/p>\n","protected":false},"featured_media":299602,"comment_status":"closed","ping_status":"open","template":"","meta":{"_angie_page":false},"product_brand":[],"product_cat":[6994,8052],"product_tag":[],"class_list":{"0":"post-202640","1":"product","2":"type-product","3":"status-publish","4":"has-post-thumbnail","6":"product_cat-bad-og-bruser","7":"product_cat-saebeskale-og-saebedispensere","8":"pa_collection-stone-soap-dishes-da","9":"pa_made-in-indonesien","11":"first","12":"instock","13":"purchasable","14":"product-type-simple"},"supplier_id":null,"supplier_sku":"SSD-13","barcode":null,"atum_controlled":true,"out_stock_date":null,"out_stock_threshold":null,"inheritable":false,"inbound_stock":null,"stock_on_hold":0,"sold_today":0,"sales_last_days":0,"reserved_stock":null,"customer_returns":null,"warehouse_damage":null,"lost_in_post":null,"other_logs":null,"out_stock_days":0,"lost_sales":0,"has_location":null,"update_date":"2026-05-08T05:20:16","atum_locations":[],"atum_stock_status":"instock","restock_status":false,"low_stock_amount":"","sales_update_date":"2026-01-30T01:25:46","calc_backorders":null,"_links":{"self":[{"href":"https:\/\/aromasentia.com\/da\/wp-json\/wp\/v2\/product\/202640","targetHints":{"allow":["GET"]}}],"collection":[{"href":"https:\/\/aromasentia.com\/da\/wp-json\/wp\/v2\/product"}],"about":[{"href":"https:\/\/aromasentia.com\/da\/wp-json\/wp\/v2\/types\/product"}],"replies":[{"embeddable":true,"href":"https:\/\/aromasentia.com\/da\/wp-json\/wp\/v2\/comments?post=202640"}],"version-history":[{"count":0,"href":"https:\/\/aromasentia.com\/da\/wp-json\/wp\/v2\/product\/202640\/revisions"}],"wp:featuredmedia":[{"embeddable":true,"href":"https:\/\/aromasentia.com\/da\/wp-json\/wp\/v2\/media\/299602"}],"wp:attachment":[{"href":"https:\/\/aromasentia.com\/da\/wp-json\/wp\/v2\/media?parent=202640"}],"wp:term":[{"taxonomy":"product_brand","embeddable":true,"href":"https:\/\/aromasentia.com\/da\/wp-json\/wp\/v2\/product_brand?post=202640"},{"taxonomy":"product_cat","embeddable":true,"href":"https:\/\/aromasentia.com\/da\/wp-json\/wp\/v2\/product_cat?post=202640"},{"taxonomy":"product_tag","embeddable":true,"href":"https:\/\/aromasentia.com\/da\/wp-json\/wp\/v2\/product_tag?post=202640"}],"curies":[{"name":"wp","href":"https:\/\/api.w.org\/{rel}","templated":true}]}}