{"id":202631,"date":"2025-03-20T17:54:28","date_gmt":"2025-03-20T17:54:28","guid":{"rendered":"https:\/\/aromasentia.com\/product\/petrified-wood-black-soap-dish\/"},"modified":"2025-06-22T03:55:57","modified_gmt":"2025-06-22T03:55:57","slug":"sort-saebeskaal-af-forstenet-trae","status":"publish","type":"product","link":"https:\/\/aromasentia.com\/da\/sort-saebeskaal-af-forstenet-trae\/","title":{"rendered":"Sort S\u00e6besk\u00e5l Af Forstenet Tr\u00e6"},"content":{"rendered":"<p>En s\u00e6besk\u00e5l lavet i h\u00e5nden af forstenet tr\u00e6. Den \u00f8verste del er glatpoleret; kanterne er efterladt r\u00e5. S\u00e6besk\u00e5len har ogs\u00e5 en praktisk s\u00e6befordybning. Materiale af h\u00f8j kvalitet, m\u00f8rk farve og enkelt design f\u00e5r denne s\u00e6besk\u00e5l til at se meget elegant og effektiv ud. Den vil v\u00e6re en original indretningsdetalje og et interessant blikfang.<\/p>\n<p>Forstenet tr\u00e6 er et ekstremt holdbart og tidl\u00f8st materiale, takket v\u00e6re hvilket s\u00e6besk\u00e5len vil fungere i lang tid.&nbsp;<\/p>\n<p>NB: Dette forstenede tr\u00e6 kan v\u00e6re helt sort eller have sorte elementer. Billederne viser produktet i et eksemplarisk farveskema.&nbsp;<\/p>\n","protected":false},"excerpt":{"rendered":"<p>En s\u00e6besk\u00e5l lavet i h\u00e5nden af forstenet tr\u00e6. Den \u00f8verste del er glatpoleret; kanterne er efterladt r\u00e5. S\u00e6besk\u00e5len har ogs\u00e5 en praktisk s\u00e6befordybning. Materiale af h\u00f8j kvalitet, m\u00f8rk farve og enkelt design f\u00e5r denne s\u00e6besk\u00e5l til at se meget elegant og effektiv ud. Den vil v\u00e6re en original indretningsdetalje og et interessant blikfang. Forstenet tr\u00e6 [&hellip;]<\/p>\n","protected":false},"featured_media":299619,"comment_status":"closed","ping_status":"open","template":"","meta":{"_angie_page":false},"product_brand":[],"product_cat":[6994,25711,25222,8052],"product_tag":[],"class_list":{"0":"post-202631","1":"product","2":"type-product","3":"status-publish","4":"has-post-thumbnail","6":"product_cat-bad-og-bruser","7":"product_cat-forstenet-trae","8":"product_cat-krystaller-og-sten","9":"product_cat-saebeskale-og-saebedispensere","10":"pa_collection-stone-soap-dishes-da","11":"pa_made-in-indonesien","13":"first","14":"instock","15":"purchasable","16":"product-type-simple"},"supplier_id":null,"supplier_sku":"SSD-14","barcode":null,"atum_controlled":true,"out_stock_date":null,"out_stock_threshold":null,"inheritable":false,"inbound_stock":null,"stock_on_hold":0,"sold_today":0,"sales_last_days":0,"reserved_stock":null,"customer_returns":null,"warehouse_damage":null,"lost_in_post":null,"other_logs":null,"out_stock_days":0,"lost_sales":0,"has_location":null,"update_date":"2026-05-04T00:04:59","atum_locations":[],"atum_stock_status":"instock","restock_status":false,"low_stock_amount":"","sales_update_date":"2026-01-30T01:24:53","calc_backorders":null,"_links":{"self":[{"href":"https:\/\/aromasentia.com\/da\/wp-json\/wp\/v2\/product\/202631","targetHints":{"allow":["GET"]}}],"collection":[{"href":"https:\/\/aromasentia.com\/da\/wp-json\/wp\/v2\/product"}],"about":[{"href":"https:\/\/aromasentia.com\/da\/wp-json\/wp\/v2\/types\/product"}],"replies":[{"embeddable":true,"href":"https:\/\/aromasentia.com\/da\/wp-json\/wp\/v2\/comments?post=202631"}],"version-history":[{"count":0,"href":"https:\/\/aromasentia.com\/da\/wp-json\/wp\/v2\/product\/202631\/revisions"}],"wp:featuredmedia":[{"embeddable":true,"href":"https:\/\/aromasentia.com\/da\/wp-json\/wp\/v2\/media\/299619"}],"wp:attachment":[{"href":"https:\/\/aromasentia.com\/da\/wp-json\/wp\/v2\/media?parent=202631"}],"wp:term":[{"taxonomy":"product_brand","embeddable":true,"href":"https:\/\/aromasentia.com\/da\/wp-json\/wp\/v2\/product_brand?post=202631"},{"taxonomy":"product_cat","embeddable":true,"href":"https:\/\/aromasentia.com\/da\/wp-json\/wp\/v2\/product_cat?post=202631"},{"taxonomy":"product_tag","embeddable":true,"href":"https:\/\/aromasentia.com\/da\/wp-json\/wp\/v2\/product_tag?post=202631"}],"curies":[{"name":"wp","href":"https:\/\/api.w.org\/{rel}","templated":true}]}}