{"id":202630,"date":"2025-03-20T17:55:01","date_gmt":"2025-03-20T17:55:01","guid":{"rendered":"https:\/\/aromasentia.com\/product\/wild-hare-salt-flowers-set-passion\/"},"modified":"2025-06-22T03:55:57","modified_gmt":"2025-06-22T03:55:57","slug":"wild-hare-salt-og-blomstersaet-passion","status":"publish","type":"product","link":"https:\/\/aromasentia.com\/da\/wild-hare-salt-og-blomstersaet-passion\/","title":{"rendered":"Wild Hare Salt- Og Blomsters\u00e6t &#8211; Passion"},"content":{"rendered":"<p><span style=\"color: rgb(75, 80, 88);\">Udforsk fantastiske f\u00e6rdiglavede spa-gave\u00e6sker &#8211; blomsters\u00e6t &#8211; passion<\/span><\/p>\n<p><span style=\"color: rgb(75, 80, 88);\">med badesalt og blomster. Lad dine kunder skabe en lille spa-oase hver aften med Wild Hare Salt &#038; Flowers-s\u00e6t.<\/span><\/p>\n<p><span style=\"color: rgb(75, 80, 88);\">Et almindeligt bad bliver et ekstraordin\u00e6rt ritual for krop og sj\u00e6l. I elegante gave\u00e6sker finder du farvematchede badesalte, s\u00e6beroser og solsikker.<\/span><\/p>\n<p><span style=\"color: rgb(75, 80, 88);\">Kombinationen af naturligt salt og \u00e6teriske olier giver en exceptionel aromateraueptisk oplevelse. Unikke aromablandinger har en stimulerende, afslappende, afgiftende eller varmende effekt. Luksuri\u00f8se s\u00e6beblomsterblade, der smelter blidt i varmt vand, vil v\u00e6re et sandt kirseb\u00e6r p\u00e5 toppen.<\/span><\/p>\n<p><span style=\"color: rgb(75, 80, 88);\"><strong>Wild Hare Salt &amp; Flowers Sets er f\u00e6rdiglavede, nemme at s\u00e6lge produkter til enhver gavebutik.<\/strong> Velegnet til mange lejligheder, s\u00e5som f\u00f8dselsdage, helligdage, jubil\u00e6er. Smukke og praktiske, kan blive dine bestsellere!<\/span><\/p>\n<p><span style=\"color: rgb(75, 80, 88);\">Du kan ogs\u00e5 lide det fantastiske Self-Care Kit.<\/span><\/p>\n<p><span style=\"color: rgb(141, 186, 216);\"><strong>Tilf\u00f8j til dit tilbud nu og giv dine kunder dette dejlige gave\u00e6skes\u00e6t.<\/strong><\/span><\/p>\n","protected":false},"excerpt":{"rendered":"<p>Udforsk fantastiske f\u00e6rdiglavede spa-gave\u00e6sker &#8211; blomsters\u00e6t &#8211; passion med badesalt og blomster. Lad dine kunder skabe en lille spa-oase hver aften med Wild Hare Salt &#038; Flowers-s\u00e6t. Et almindeligt bad bliver et ekstraordin\u00e6rt ritual for krop og sj\u00e6l. I elegante gave\u00e6sker finder du farvematchede badesalte, s\u00e6beroser og solsikker. Kombinationen af naturligt salt og \u00e6teriske olier [&hellip;]<\/p>\n","protected":false},"featured_media":299860,"comment_status":"closed","ping_status":"open","template":"","meta":[],"product_brand":[27165],"product_cat":[6994,7131,7162],"product_tag":[],"class_list":{"0":"post-202630","1":"product","2":"type-product","3":"status-publish","4":"has-post-thumbnail","6":"product_brand-wild-hare","7":"product_cat-bad-og-bruser","8":"product_cat-badesalt","9":"product_cat-gavesaet","10":"pa_collection-wild-hare-salt-flowers-set-da","11":"pa_made-in-storbritannien","13":"first","14":"outofstock","15":"purchasable","16":"product-type-simple"},"supplier_id":null,"supplier_sku":"SSSet-03","barcode":null,"atum_controlled":true,"out_stock_date":"2025-11-18 13:51:03","out_stock_threshold":null,"inheritable":false,"inbound_stock":null,"stock_on_hold":0,"sold_today":0,"sales_last_days":0,"reserved_stock":null,"customer_returns":null,"warehouse_damage":null,"lost_in_post":null,"other_logs":null,"out_stock_days":79,"lost_sales":0,"has_location":null,"update_date":"2026-02-06T00:01:05","atum_locations":[],"atum_stock_status":"outofstock","restock_status":false,"low_stock_amount":"","sales_update_date":"2026-02-06T00:01:05","calc_backorders":null,"_links":{"self":[{"href":"https:\/\/aromasentia.com\/da\/wp-json\/wp\/v2\/product\/202630","targetHints":{"allow":["GET"]}}],"collection":[{"href":"https:\/\/aromasentia.com\/da\/wp-json\/wp\/v2\/product"}],"about":[{"href":"https:\/\/aromasentia.com\/da\/wp-json\/wp\/v2\/types\/product"}],"replies":[{"embeddable":true,"href":"https:\/\/aromasentia.com\/da\/wp-json\/wp\/v2\/comments?post=202630"}],"version-history":[{"count":0,"href":"https:\/\/aromasentia.com\/da\/wp-json\/wp\/v2\/product\/202630\/revisions"}],"wp:featuredmedia":[{"embeddable":true,"href":"https:\/\/aromasentia.com\/da\/wp-json\/wp\/v2\/media\/299860"}],"wp:attachment":[{"href":"https:\/\/aromasentia.com\/da\/wp-json\/wp\/v2\/media?parent=202630"}],"wp:term":[{"taxonomy":"product_brand","embeddable":true,"href":"https:\/\/aromasentia.com\/da\/wp-json\/wp\/v2\/product_brand?post=202630"},{"taxonomy":"product_cat","embeddable":true,"href":"https:\/\/aromasentia.com\/da\/wp-json\/wp\/v2\/product_cat?post=202630"},{"taxonomy":"product_tag","embeddable":true,"href":"https:\/\/aromasentia.com\/da\/wp-json\/wp\/v2\/product_tag?post=202630"}],"curies":[{"name":"wp","href":"https:\/\/api.w.org\/{rel}","templated":true}]}}