{"id":202627,"date":"2025-03-20T17:55:01","date_gmt":"2025-03-20T17:55:01","guid":{"rendered":"https:\/\/aromasentia.com\/product\/soapstone-soap-dish-drainer-11x8cm-classic-oval\/"},"modified":"2025-06-22T03:55:55","modified_gmt":"2025-06-22T03:55:55","slug":"saebeskaal-og-afloeb-i-fedtsten-11x8cm-klassisk-oval","status":"publish","type":"product","link":"https:\/\/aromasentia.com\/da\/saebeskaal-og-afloeb-i-fedtsten-11x8cm-klassisk-oval\/","title":{"rendered":"S\u00e6besk\u00e5l Og Afl\u00f8b I Fedtsten 11X8cm &#8211; Klassisk Oval"},"content":{"rendered":"<p><span style=\"color: rgb(75, 80, 88);\">Denne sj\u00e6ldne og smukke s\u00e6besk\u00e5l i sten &#8211; s\u00e6besk\u00e5l med afl\u00f8bsbakke 11x8cm &#8211; klassisk oval &#8211; er en unik tilf\u00f8jelse til dine kunders badev\u00e6relser. De vil tjene dine kunder i \u00e5revis. En unik kollektion lavet af \u00e6dle materialer i klassiske eller mere fantasifulde former. S\u00e6besk\u00e5le i sten ser specielle og elegante ud og er naturligt funktionelle.<\/span><\/p>\n<p><span style=\"color: rgb(75, 80, 88);\">Velegnet til folk, der leder efter exceptionelle ting med sj\u00e6l. H\u00e5ndlavet i Indonesien med den st\u00f8rste omhu, unik, enest\u00e5ende.<\/span><\/p>\n<p><span style=\"color: rgb(75, 80, 88);\">BEM\u00c6RK VENLIGST: Farver og former kan variere, da hvert stykke er lavet af natursten.<\/span><\/p>\n","protected":false},"excerpt":{"rendered":"<p>Denne sj\u00e6ldne og smukke s\u00e6besk\u00e5l i sten &#8211; s\u00e6besk\u00e5l med afl\u00f8bsbakke 11x8cm &#8211; klassisk oval &#8211; er en unik tilf\u00f8jelse til dine kunders badev\u00e6relser. De vil tjene dine kunder i \u00e5revis. En unik kollektion lavet af \u00e6dle materialer i klassiske eller mere fantasifulde former. S\u00e6besk\u00e5le i sten ser specielle og elegante ud og er naturligt [&hellip;]<\/p>\n","protected":false},"featured_media":299809,"comment_status":"closed","ping_status":"open","template":"","meta":{"_angie_page":false},"product_brand":[],"product_cat":[6994,8052],"product_tag":[],"class_list":{"0":"post-202627","1":"product","2":"type-product","3":"status-publish","4":"has-post-thumbnail","6":"product_cat-bad-og-bruser","7":"product_cat-saebeskale-og-saebedispensere","8":"pa_collection-stone-soap-dishes-da","9":"pa_made-in-indien","11":"first","12":"instock","13":"purchasable","14":"product-type-simple"},"supplier_id":null,"supplier_sku":"SSD-20","barcode":null,"atum_controlled":true,"out_stock_date":null,"out_stock_threshold":null,"inheritable":false,"inbound_stock":null,"stock_on_hold":0,"sold_today":0,"sales_last_days":0,"reserved_stock":null,"customer_returns":null,"warehouse_damage":null,"lost_in_post":null,"other_logs":null,"out_stock_days":0,"lost_sales":0,"has_location":null,"update_date":"2026-04-27T07:23:15","atum_locations":[],"atum_stock_status":"instock","restock_status":false,"low_stock_amount":"","sales_update_date":"2025-09-05T00:21:08","calc_backorders":null,"_links":{"self":[{"href":"https:\/\/aromasentia.com\/da\/wp-json\/wp\/v2\/product\/202627","targetHints":{"allow":["GET"]}}],"collection":[{"href":"https:\/\/aromasentia.com\/da\/wp-json\/wp\/v2\/product"}],"about":[{"href":"https:\/\/aromasentia.com\/da\/wp-json\/wp\/v2\/types\/product"}],"replies":[{"embeddable":true,"href":"https:\/\/aromasentia.com\/da\/wp-json\/wp\/v2\/comments?post=202627"}],"version-history":[{"count":0,"href":"https:\/\/aromasentia.com\/da\/wp-json\/wp\/v2\/product\/202627\/revisions"}],"wp:featuredmedia":[{"embeddable":true,"href":"https:\/\/aromasentia.com\/da\/wp-json\/wp\/v2\/media\/299809"}],"wp:attachment":[{"href":"https:\/\/aromasentia.com\/da\/wp-json\/wp\/v2\/media?parent=202627"}],"wp:term":[{"taxonomy":"product_brand","embeddable":true,"href":"https:\/\/aromasentia.com\/da\/wp-json\/wp\/v2\/product_brand?post=202627"},{"taxonomy":"product_cat","embeddable":true,"href":"https:\/\/aromasentia.com\/da\/wp-json\/wp\/v2\/product_cat?post=202627"},{"taxonomy":"product_tag","embeddable":true,"href":"https:\/\/aromasentia.com\/da\/wp-json\/wp\/v2\/product_tag?post=202627"}],"curies":[{"name":"wp","href":"https:\/\/api.w.org\/{rel}","templated":true}]}}