{"id":202611,"date":"2025-03-20T17:56:14","date_gmt":"2025-03-20T17:56:14","guid":{"rendered":"https:\/\/aromasentia.com\/product\/tropical-paradise-coco-bath-bombs-watermelon\/"},"modified":"2025-06-22T03:55:46","modified_gmt":"2025-06-22T03:55:46","slug":"tropical-paradise-coco-badebombe-vandmelon","status":"publish","type":"product","link":"https:\/\/aromasentia.com\/da\/tropical-paradise-coco-badebombe-vandmelon\/","title":{"rendered":"Tropical Paradise Coco Badebombe &#8211; Vandmelon"},"content":{"rendered":"<p>En fantastisk duft af<strong>Tropical Paradise Coco Bath Bombs &#8211; Vandmelon<\/strong> med sin s\u00f8de, friske og frugtagtige tropiske duft.<\/p>\n<p>Hver bombe vejer hele 180 gram og indeholder en gener\u00f8s portion kokossm\u00f8r, der g\u00f8r den glattere mod din hud, med farverige s\u00e6beskalninger, der hj\u00e6lper med at skabe silkeagtigt skum og rense kroppen, mens du har en tropisk badeoplevelse.<\/p>\n<p><span style=\"color: rgb(141, 186, 216);\"><strong>For hver tre badebomber i samme st\u00f8rrelse, der k\u00f8bes fra et hvilket som helst sortiment, leveres ordren i en gratis gave\u00e6ske i naturlig papstil. &nbsp;Ingrediensliste i fuld farve inkluderet.<\/strong><\/span><\/p>\n","protected":false},"excerpt":{"rendered":"<p>En fantastisk duft afTropical Paradise Coco Bath Bombs &#8211; Vandmelon med sin s\u00f8de, friske og frugtagtige tropiske duft. Hver bombe vejer hele 180 gram og indeholder en gener\u00f8s portion kokossm\u00f8r, der g\u00f8r den glattere mod din hud, med farverige s\u00e6beskalninger, der hj\u00e6lper med at skabe silkeagtigt skum og rense kroppen, mens du har en tropisk [&hellip;]<\/p>\n","protected":false},"featured_media":300111,"comment_status":"closed","ping_status":"open","template":"","meta":{"_angie_page":false},"product_brand":[],"product_cat":[6994,7029,25839,26844,26460],"product_tag":[],"class_list":{"0":"post-202611","1":"product","2":"type-product","3":"status-publish","4":"has-post-thumbnail","6":"product_cat-bad-og-bruser","7":"product_cat-badebomber","8":"product_cat-dufte-aromaer","9":"product_cat-frugtagtig","10":"product_cat-vandmelon","11":"pa_collection-tropical-paradise-coco-bath-bombs-180g-da","12":"pa_made-in-storbritannien","14":"first","15":"instock","16":"purchasable","17":"product-type-simple"},"supplier_id":null,"supplier_sku":"TPCB-01DS","barcode":null,"atum_controlled":true,"out_stock_date":null,"out_stock_threshold":null,"inheritable":false,"inbound_stock":null,"stock_on_hold":0,"sold_today":0,"sales_last_days":0,"reserved_stock":null,"customer_returns":null,"warehouse_damage":null,"lost_in_post":null,"other_logs":null,"out_stock_days":0,"lost_sales":0,"has_location":null,"update_date":"2026-04-27T07:25:10","atum_locations":[],"atum_stock_status":"instock","restock_status":false,"low_stock_amount":"","sales_update_date":"2026-01-30T01:24:49","calc_backorders":null,"_links":{"self":[{"href":"https:\/\/aromasentia.com\/da\/wp-json\/wp\/v2\/product\/202611","targetHints":{"allow":["GET"]}}],"collection":[{"href":"https:\/\/aromasentia.com\/da\/wp-json\/wp\/v2\/product"}],"about":[{"href":"https:\/\/aromasentia.com\/da\/wp-json\/wp\/v2\/types\/product"}],"replies":[{"embeddable":true,"href":"https:\/\/aromasentia.com\/da\/wp-json\/wp\/v2\/comments?post=202611"}],"version-history":[{"count":0,"href":"https:\/\/aromasentia.com\/da\/wp-json\/wp\/v2\/product\/202611\/revisions"}],"wp:featuredmedia":[{"embeddable":true,"href":"https:\/\/aromasentia.com\/da\/wp-json\/wp\/v2\/media\/300111"}],"wp:attachment":[{"href":"https:\/\/aromasentia.com\/da\/wp-json\/wp\/v2\/media?parent=202611"}],"wp:term":[{"taxonomy":"product_brand","embeddable":true,"href":"https:\/\/aromasentia.com\/da\/wp-json\/wp\/v2\/product_brand?post=202611"},{"taxonomy":"product_cat","embeddable":true,"href":"https:\/\/aromasentia.com\/da\/wp-json\/wp\/v2\/product_cat?post=202611"},{"taxonomy":"product_tag","embeddable":true,"href":"https:\/\/aromasentia.com\/da\/wp-json\/wp\/v2\/product_tag?post=202611"}],"curies":[{"name":"wp","href":"https:\/\/api.w.org\/{rel}","templated":true}]}}