{"id":202609,"date":"2025-03-20T17:56:45","date_gmt":"2025-03-20T17:56:45","guid":{"rendered":"https:\/\/aromasentia.com\/product\/tropical-paradise-soap-loaf-watermelon\/"},"modified":"2025-06-22T03:55:45","modified_gmt":"2025-06-22T03:55:45","slug":"tropisk-paradis-saebebar-vandmelon","status":"publish","type":"product","link":"https:\/\/aromasentia.com\/da\/tropisk-paradis-saebebar-vandmelon\/","title":{"rendered":"Tropisk Paradis-S\u00e6bebar &#8211; Vandmelon"},"content":{"rendered":"<p>Et vidunderligt h\u00e5ndlavet s\u00e6bebr\u00f8d med en fantastisk duft af vandmelon, fyldt med valmuefr\u00f8, der skrubber d\u00f8de hudceller v\u00e6k og giver et glat og skinnende udseende!<\/p>\n<p>S\u00e6bebr\u00f8dene er pakket ind i krympeplast med en ydre etiket, der indeholder produktinformation, som skal videregives til din kunde. Hvis du er i tvivl om etikettens krav, bedes du kontakte din lokale handelsmyndighed.<\/p>\n<p>Din krop og sj\u00e6l vil f\u00f8les n\u00e6ret og fugtet. Tag rensningen til det n\u00e6ste niveau med disse eksotiske s\u00e6bestykker.<strong>Det eneste, der mangler her, er en tropisk cocktail med en papirparaply!<\/strong><\/p>\n<p><\/p>\n","protected":false},"excerpt":{"rendered":"<p>Et vidunderligt h\u00e5ndlavet s\u00e6bebr\u00f8d med en fantastisk duft af vandmelon, fyldt med valmuefr\u00f8, der skrubber d\u00f8de hudceller v\u00e6k og giver et glat og skinnende udseende! S\u00e6bebr\u00f8dene er pakket ind i krympeplast med en ydre etiket, der indeholder produktinformation, som skal videregives til din kunde. Hvis du er i tvivl om etikettens krav, bedes du kontakte [&hellip;]<\/p>\n","protected":false},"featured_media":300359,"comment_status":"closed","ping_status":"open","template":"","meta":{"_angie_page":false},"product_brand":[],"product_cat":[6994,25839,26844,7012,26460],"product_tag":[],"class_list":{"0":"post-202609","1":"product","2":"type-product","3":"status-publish","4":"has-post-thumbnail","6":"product_cat-bad-og-bruser","7":"product_cat-dufte-aromaer","8":"product_cat-frugtagtig","9":"product_cat-okologiske-saeber-saebebar","10":"product_cat-vandmelon","11":"pa_collection-tropical-paradise-soap-loaves-1-3kg-and-slices-da","12":"pa_made-in-storbritannien","14":"first","15":"instock","16":"purchasable","17":"product-type-simple"},"supplier_id":null,"supplier_sku":"TPSoap-01","barcode":null,"atum_controlled":true,"out_stock_date":null,"out_stock_threshold":null,"inheritable":false,"inbound_stock":null,"stock_on_hold":0,"sold_today":0,"sales_last_days":0,"reserved_stock":null,"customer_returns":null,"warehouse_damage":null,"lost_in_post":null,"other_logs":null,"out_stock_days":0,"lost_sales":0,"has_location":null,"update_date":"2026-04-27T07:25:15","atum_locations":[],"atum_stock_status":"instock","restock_status":false,"low_stock_amount":"","sales_update_date":"2026-01-30T01:24:57","calc_backorders":null,"_links":{"self":[{"href":"https:\/\/aromasentia.com\/da\/wp-json\/wp\/v2\/product\/202609","targetHints":{"allow":["GET"]}}],"collection":[{"href":"https:\/\/aromasentia.com\/da\/wp-json\/wp\/v2\/product"}],"about":[{"href":"https:\/\/aromasentia.com\/da\/wp-json\/wp\/v2\/types\/product"}],"replies":[{"embeddable":true,"href":"https:\/\/aromasentia.com\/da\/wp-json\/wp\/v2\/comments?post=202609"}],"version-history":[{"count":0,"href":"https:\/\/aromasentia.com\/da\/wp-json\/wp\/v2\/product\/202609\/revisions"}],"wp:featuredmedia":[{"embeddable":true,"href":"https:\/\/aromasentia.com\/da\/wp-json\/wp\/v2\/media\/300359"}],"wp:attachment":[{"href":"https:\/\/aromasentia.com\/da\/wp-json\/wp\/v2\/media?parent=202609"}],"wp:term":[{"taxonomy":"product_brand","embeddable":true,"href":"https:\/\/aromasentia.com\/da\/wp-json\/wp\/v2\/product_brand?post=202609"},{"taxonomy":"product_cat","embeddable":true,"href":"https:\/\/aromasentia.com\/da\/wp-json\/wp\/v2\/product_cat?post=202609"},{"taxonomy":"product_tag","embeddable":true,"href":"https:\/\/aromasentia.com\/da\/wp-json\/wp\/v2\/product_tag?post=202609"}],"curies":[{"name":"wp","href":"https:\/\/api.w.org\/{rel}","templated":true}]}}