{"id":202607,"date":"2025-03-20T17:56:45","date_gmt":"2025-03-20T17:56:45","guid":{"rendered":"https:\/\/aromasentia.com\/product\/tropical-paradise-coco-bath-bombs-strawberry\/"},"modified":"2025-06-22T03:55:44","modified_gmt":"2025-06-22T03:55:44","slug":"tropical-paradise-coco-badebombe-jordbaer","status":"publish","type":"product","link":"https:\/\/aromasentia.com\/da\/tropical-paradise-coco-badebombe-jordbaer\/","title":{"rendered":"Tropical Paradise Coco Badebombe &#8211; Jordb\u00e6r"},"content":{"rendered":"<p>En fantastisk duft af<strong>Tropical Paradise Coco Bath Bombs &#8211; Jordb\u00e6r<\/strong>med sin s\u00f8de, friske og frugtagtige tropiske duft.<\/p>\n<p>Okay, vi ved godt, at jordb\u00e6r ikke rigtig er en tropisk frugt, men de er s\u00e5 s\u00f8de og l\u00e6kkert frugtagtige med sin karakteristiske frugtgr\u00f8nne duft med et blomsteragtigt pr\u00e6g, at de fortjener en \u00e6restitel i tropiske frugter.<\/p>\n<p>Hver bombe vejer hele 180 gram og indeholder en gener\u00f8s portion kokossm\u00f8r, der g\u00f8r den glattere mod din hud, med farverige s\u00e6beskalninger, der hj\u00e6lper med at skabe silkeagtigt skum og rense kroppen, mens du har en tropisk badeoplevelse.<\/p>\n<p><span style=\"color: rgb(141, 186, 216);\"><strong>For hver tre badebomber i samme st\u00f8rrelse, der k\u00f8bes fra et hvilket som helst sortiment, leveres ordren i en gratis gave\u00e6ske i naturlig papstil. Ingrediensliste i fuld farve inkluderet.<\/strong><\/span><\/p>\n","protected":false},"excerpt":{"rendered":"<p>En fantastisk duft afTropical Paradise Coco Bath Bombs &#8211; Jordb\u00e6rmed sin s\u00f8de, friske og frugtagtige tropiske duft. Okay, vi ved godt, at jordb\u00e6r ikke rigtig er en tropisk frugt, men de er s\u00e5 s\u00f8de og l\u00e6kkert frugtagtige med sin karakteristiske frugtgr\u00f8nne duft med et blomsteragtigt pr\u00e6g, at de fortjener en \u00e6restitel i tropiske frugter. Hver [&hellip;]<\/p>\n","protected":false},"featured_media":300301,"comment_status":"closed","ping_status":"open","template":"","meta":{"_angie_page":false},"product_brand":[],"product_cat":[6994,7029,25839,26844,26519],"product_tag":[],"class_list":{"0":"post-202607","1":"product","2":"type-product","3":"status-publish","4":"has-post-thumbnail","6":"product_cat-bad-og-bruser","7":"product_cat-badebomber","8":"product_cat-dufte-aromaer","9":"product_cat-frugtagtig","10":"product_cat-jordbaer","11":"pa_collection-tropical-paradise-coco-bath-bombs-180g-da","12":"pa_made-in-storbritannien","14":"first","15":"instock","16":"purchasable","17":"product-type-simple"},"supplier_id":null,"supplier_sku":"TPCB-07DS","barcode":null,"atum_controlled":true,"out_stock_date":null,"out_stock_threshold":null,"inheritable":false,"inbound_stock":null,"stock_on_hold":0,"sold_today":0,"sales_last_days":0,"reserved_stock":null,"customer_returns":null,"warehouse_damage":null,"lost_in_post":null,"other_logs":null,"out_stock_days":0,"lost_sales":0,"has_location":null,"update_date":"2026-05-04T00:05:00","atum_locations":[],"atum_stock_status":"instock","restock_status":false,"low_stock_amount":"","sales_update_date":"2025-09-05T00:21:14","calc_backorders":null,"_links":{"self":[{"href":"https:\/\/aromasentia.com\/da\/wp-json\/wp\/v2\/product\/202607","targetHints":{"allow":["GET"]}}],"collection":[{"href":"https:\/\/aromasentia.com\/da\/wp-json\/wp\/v2\/product"}],"about":[{"href":"https:\/\/aromasentia.com\/da\/wp-json\/wp\/v2\/types\/product"}],"replies":[{"embeddable":true,"href":"https:\/\/aromasentia.com\/da\/wp-json\/wp\/v2\/comments?post=202607"}],"version-history":[{"count":0,"href":"https:\/\/aromasentia.com\/da\/wp-json\/wp\/v2\/product\/202607\/revisions"}],"wp:featuredmedia":[{"embeddable":true,"href":"https:\/\/aromasentia.com\/da\/wp-json\/wp\/v2\/media\/300301"}],"wp:attachment":[{"href":"https:\/\/aromasentia.com\/da\/wp-json\/wp\/v2\/media?parent=202607"}],"wp:term":[{"taxonomy":"product_brand","embeddable":true,"href":"https:\/\/aromasentia.com\/da\/wp-json\/wp\/v2\/product_brand?post=202607"},{"taxonomy":"product_cat","embeddable":true,"href":"https:\/\/aromasentia.com\/da\/wp-json\/wp\/v2\/product_cat?post=202607"},{"taxonomy":"product_tag","embeddable":true,"href":"https:\/\/aromasentia.com\/da\/wp-json\/wp\/v2\/product_tag?post=202607"}],"curies":[{"name":"wp","href":"https:\/\/api.w.org\/{rel}","templated":true}]}}