{"id":202605,"date":"2025-03-20T17:57:18","date_gmt":"2025-03-20T17:57:18","guid":{"rendered":"https:\/\/aromasentia.com\/product\/tropical-paradise-soap-loaf-strawberry\/"},"modified":"2025-06-22T03:55:43","modified_gmt":"2025-06-22T03:55:43","slug":"tropisk-paradis-saebebar-jordbaer","status":"publish","type":"product","link":"https:\/\/aromasentia.com\/da\/tropisk-paradis-saebebar-jordbaer\/","title":{"rendered":"Tropisk Paradis-S\u00e6bebar &#8211; Jordb\u00e6r"},"content":{"rendered":"<p>Vi ved, at jordb\u00e6r ikke rigtig er en tropisk frugt, men alle elsker lidt jordb\u00e6r. Denne r\u00f8de og saftige, s\u00f8d-syrlige s\u00e6be har en karakteristisk duft af frugtgr\u00f8n og en smule karamel, med sublime blomsteragtige og krydrede nuancer &#8230; kendt som jordb\u00e6rduft \ud83d\ude42 &#8230; Igen er denne h\u00e5ndlavede s\u00e6be fyldt med valmuefr\u00f8, der skrubber de d\u00f8de hudceller v\u00e6k for et glat og skinnende udseende og f\u00f8lelse.<\/p>\n<p>S\u00e6bebr\u00f8dene er krympeindpakket med en ydre etiket, der indeholder produktinformation, som skal videregives til din kunde. Hvis du er i tvivl om etikettens krav, bedes du kontakte din lokale handelsmyndighed.<\/p>\n<p>Din krop og sj\u00e6l vil f\u00f8les n\u00e6ret og fugtet. Tag rensningen til det n\u00e6ste niveau med disse eksotiske s\u00e6bestykker. Det eneste, der mangler her, er en tropisk cocktail med en papirparaply!<\/p>\n","protected":false},"excerpt":{"rendered":"<p>Vi ved, at jordb\u00e6r ikke rigtig er en tropisk frugt, men alle elsker lidt jordb\u00e6r. Denne r\u00f8de og saftige, s\u00f8d-syrlige s\u00e6be har en karakteristisk duft af frugtgr\u00f8n og en smule karamel, med sublime blomsteragtige og krydrede nuancer &#8230; kendt som jordb\u00e6rduft \ud83d\ude42 &#8230; Igen er denne h\u00e5ndlavede s\u00e6be fyldt med valmuefr\u00f8, der skrubber de d\u00f8de [&hellip;]<\/p>\n","protected":false},"featured_media":300549,"comment_status":"closed","ping_status":"open","template":"","meta":{"_angie_page":false},"product_brand":[],"product_cat":[6994,25839,26844,26519,7012],"product_tag":[],"class_list":{"0":"post-202605","1":"product","2":"type-product","3":"status-publish","4":"has-post-thumbnail","6":"product_cat-bad-og-bruser","7":"product_cat-dufte-aromaer","8":"product_cat-frugtagtig","9":"product_cat-jordbaer","10":"product_cat-okologiske-saeber-saebebar","11":"pa_collection-tropical-paradise-soap-loaves-1-3kg-and-slices-da","12":"pa_made-in-storbritannien","14":"first","15":"instock","16":"purchasable","17":"product-type-simple"},"supplier_id":null,"supplier_sku":"TPSoap-07","barcode":null,"atum_controlled":true,"out_stock_date":null,"out_stock_threshold":null,"inheritable":false,"inbound_stock":null,"stock_on_hold":0,"sold_today":0,"sales_last_days":0,"reserved_stock":null,"customer_returns":null,"warehouse_damage":null,"lost_in_post":null,"other_logs":null,"out_stock_days":0,"lost_sales":0,"has_location":null,"update_date":"2026-05-02T13:05:40","atum_locations":[],"atum_stock_status":"instock","restock_status":false,"low_stock_amount":"","sales_update_date":"2025-09-05T00:21:16","calc_backorders":null,"_links":{"self":[{"href":"https:\/\/aromasentia.com\/da\/wp-json\/wp\/v2\/product\/202605","targetHints":{"allow":["GET"]}}],"collection":[{"href":"https:\/\/aromasentia.com\/da\/wp-json\/wp\/v2\/product"}],"about":[{"href":"https:\/\/aromasentia.com\/da\/wp-json\/wp\/v2\/types\/product"}],"replies":[{"embeddable":true,"href":"https:\/\/aromasentia.com\/da\/wp-json\/wp\/v2\/comments?post=202605"}],"version-history":[{"count":0,"href":"https:\/\/aromasentia.com\/da\/wp-json\/wp\/v2\/product\/202605\/revisions"}],"wp:featuredmedia":[{"embeddable":true,"href":"https:\/\/aromasentia.com\/da\/wp-json\/wp\/v2\/media\/300549"}],"wp:attachment":[{"href":"https:\/\/aromasentia.com\/da\/wp-json\/wp\/v2\/media?parent=202605"}],"wp:term":[{"taxonomy":"product_brand","embeddable":true,"href":"https:\/\/aromasentia.com\/da\/wp-json\/wp\/v2\/product_brand?post=202605"},{"taxonomy":"product_cat","embeddable":true,"href":"https:\/\/aromasentia.com\/da\/wp-json\/wp\/v2\/product_cat?post=202605"},{"taxonomy":"product_tag","embeddable":true,"href":"https:\/\/aromasentia.com\/da\/wp-json\/wp\/v2\/product_tag?post=202605"}],"curies":[{"name":"wp","href":"https:\/\/api.w.org\/{rel}","templated":true}]}}