{"id":202597,"date":"2025-03-20T17:57:48","date_gmt":"2025-03-20T17:57:48","guid":{"rendered":"https:\/\/aromasentia.com\/product\/tropical-paradise-soap-slice-watermelon\/"},"modified":"2025-06-22T03:55:38","modified_gmt":"2025-06-22T03:55:38","slug":"tropical-paradise-saebebar-vandmelon","status":"publish","type":"product","link":"https:\/\/aromasentia.com\/da\/tropical-paradise-saebebar-vandmelon\/","title":{"rendered":"Tropical Paradise S\u00e6bebar &#8211; Vandmelon"},"content":{"rendered":"<p>En vidunderlig s\u00e6be med en fantastisk duft af vandmelon med en s\u00f8d og frugtagtig tropisk duft, fyldt med valmuefr\u00f8, der skrubber d\u00f8de hudceller v\u00e6k for et glat og skinnende udseende og f\u00f8lelse!<\/p>\n<p>Med vores tropiske frugtdufte vil dine h\u00e6nder, krop og sj\u00e6l f\u00f8les rensede, n\u00e6rede og fugtede.<\/p>\n<p>&nbsp;S\u00e6beskiver s\u00e6lges indpakket i vokspapir med en ingrediensetiket og vejer cirka 115 g pr. skive.<\/p>\n<p><strong>BEM\u00c6RK VENLIGST: Vores s\u00e6ber er h\u00e5ndlavede, farven eller designet kan variere en smule fra de viste billeder.<\/strong><\/p>\n","protected":false},"excerpt":{"rendered":"<p>En vidunderlig s\u00e6be med en fantastisk duft af vandmelon med en s\u00f8d og frugtagtig tropisk duft, fyldt med valmuefr\u00f8, der skrubber d\u00f8de hudceller v\u00e6k for et glat og skinnende udseende og f\u00f8lelse! Med vores tropiske frugtdufte vil dine h\u00e6nder, krop og sj\u00e6l f\u00f8les rensede, n\u00e6rede og fugtede. &nbsp;S\u00e6beskiver s\u00e6lges indpakket i vokspapir med en ingrediensetiket [&hellip;]<\/p>\n","protected":false},"featured_media":300615,"comment_status":"closed","ping_status":"open","template":"","meta":{"_angie_page":false},"product_brand":[],"product_cat":[6994,25839,26844,7012,26460],"product_tag":[],"class_list":{"0":"post-202597","1":"product","2":"type-product","3":"status-publish","4":"has-post-thumbnail","6":"product_cat-bad-og-bruser","7":"product_cat-dufte-aromaer","8":"product_cat-frugtagtig","9":"product_cat-okologiske-saeber-saebebar","10":"product_cat-vandmelon","11":"pa_collection-tropical-paradise-soap-loaves-1-3kg-and-slices-da","12":"pa_made-in-storbritannien","14":"first","15":"instock","16":"purchasable","17":"product-type-simple"},"supplier_id":null,"supplier_sku":"DSTPSoap-01","barcode":null,"atum_controlled":true,"out_stock_date":null,"out_stock_threshold":null,"inheritable":false,"inbound_stock":null,"stock_on_hold":0,"sold_today":0,"sales_last_days":0,"reserved_stock":null,"customer_returns":null,"warehouse_damage":null,"lost_in_post":null,"other_logs":null,"out_stock_days":0,"lost_sales":0,"has_location":null,"update_date":"2026-04-27T06:59:51","atum_locations":[],"atum_stock_status":"instock","restock_status":false,"low_stock_amount":"","sales_update_date":"2026-01-30T01:25:27","calc_backorders":null,"_links":{"self":[{"href":"https:\/\/aromasentia.com\/da\/wp-json\/wp\/v2\/product\/202597","targetHints":{"allow":["GET"]}}],"collection":[{"href":"https:\/\/aromasentia.com\/da\/wp-json\/wp\/v2\/product"}],"about":[{"href":"https:\/\/aromasentia.com\/da\/wp-json\/wp\/v2\/types\/product"}],"replies":[{"embeddable":true,"href":"https:\/\/aromasentia.com\/da\/wp-json\/wp\/v2\/comments?post=202597"}],"version-history":[{"count":0,"href":"https:\/\/aromasentia.com\/da\/wp-json\/wp\/v2\/product\/202597\/revisions"}],"wp:featuredmedia":[{"embeddable":true,"href":"https:\/\/aromasentia.com\/da\/wp-json\/wp\/v2\/media\/300615"}],"wp:attachment":[{"href":"https:\/\/aromasentia.com\/da\/wp-json\/wp\/v2\/media?parent=202597"}],"wp:term":[{"taxonomy":"product_brand","embeddable":true,"href":"https:\/\/aromasentia.com\/da\/wp-json\/wp\/v2\/product_brand?post=202597"},{"taxonomy":"product_cat","embeddable":true,"href":"https:\/\/aromasentia.com\/da\/wp-json\/wp\/v2\/product_cat?post=202597"},{"taxonomy":"product_tag","embeddable":true,"href":"https:\/\/aromasentia.com\/da\/wp-json\/wp\/v2\/product_tag?post=202597"}],"curies":[{"name":"wp","href":"https:\/\/api.w.org\/{rel}","templated":true}]}}