{"id":202589,"date":"2025-03-20T17:58:52","date_gmt":"2025-03-20T17:58:52","guid":{"rendered":"https:\/\/aromasentia.com\/product\/aromatherapy-body-wash-with-vitamin-c-orange-lemon\/"},"modified":"2025-06-22T03:55:33","modified_gmt":"2025-06-22T03:55:33","slug":"aromaterapi-body-wash-med-c-vitamin-appelsin-og-citron","status":"publish","type":"product","link":"https:\/\/aromasentia.com\/da\/aromaterapi-body-wash-med-c-vitamin-appelsin-og-citron\/","title":{"rendered":"Aromaterapi Body Wash med C-Vitamin &#8211; Appelsin Og Citron"},"content":{"rendered":"<p><span style=\"color: rgb(75, 80, 88);\">Introducer dine kunder til den forfriskende og forfriskende oplevelse af vores <strong>Aromaterapi Body Wash med C-vitamin, appelsin og citron<\/strong>. Denne 300 ml (10,56 oz) body wash er ekspertformuleret med en blanding af \u00e6teriske olier og C-vitamin, der giver en luksuri\u00f8s rensende oplevelse, der revitaliserer og n\u00e6rer huden. <strong>Denne body wash er et must-have til din premium hudplejeserie.<\/strong><\/span><\/p>\n<p><span style=\"color: rgb(75, 80, 88);\">Pakket i en elegant, brugervenlig pumpeflaske, sikrer denne body wash bekvem og hygiejnisk p\u00e5f\u00f8ring. Dens visuelt tiltalende design g\u00f8r den til et i\u00f8jnefaldende supplement til din butiks hudplejekollektion.<\/span><\/p>\n<p><span style=\"color: rgb(75, 80, 88);\"><strong>N\u00f8glefunktioner: &nbsp;<\/strong><\/span><\/p>\n<p><span style=\"color: rgb(75, 80, 88);\">C-vitaminberigelse: Denne body wash er beriget med C-vitamin, der lysner huden, fremmer en str\u00e5lende teint og giver antioxidantbeskyttelse mod milj\u00f8m\u00e6ssige stressfaktorer.&nbsp;<\/span><\/p>\n<p><span style=\"color: rgb(75, 80, 88);\"><strong>Blanding af \u00e6teriske olier:&nbsp;<\/strong>Denne body wash er formuleret med appelsinskalolie og citronskalolie og leverer en dejlig citrusaroma, der opfrisker og styrker sanserne.&nbsp;<\/span><\/p>\n<p><span style=\"color: rgb(75, 80, 88);\"><strong>Dyb Rensende:<\/strong> Indeholder milde overfladeaktive stoffer, der skaber et rigt skum, der effektivt fjerner snavs og urenheder uden at fjerne hudens naturlige olier.<\/span><\/p>\n<p><span style=\"color: rgb(75, 80, 88);\"><strong>Fugtgivende og n\u00e6rende:<\/strong> Beriget med glycerin, der hj\u00e6lper med at bevare fugtigheden og holder huden bl\u00f8d, glat og hydreret hele dagen.<\/span><\/p>\n<p><span style=\"color: rgb(75, 80, 88);\"><strong>Aromaterapifordele:<\/strong> Beriget med naturlige forbindelser som limonen, linalool og citral, der tilbyder beroligende og opl\u00f8ftende aromaterapieffekter, der forbedrer den samlede badeoplevelse.<\/span><\/p>\n<p><span style=\"color: rgb(141, 186, 216);\"><strong>Med sin attraktive emballage og overlegne formel tilbyder denne body wash en fremragende videresalgsv\u00e6rdi.<\/strong><\/span><\/p>\n","protected":false},"excerpt":{"rendered":"<p>Introducer dine kunder til den forfriskende og forfriskende oplevelse af vores Aromaterapi Body Wash med C-vitamin, appelsin og citron. Denne 300 ml (10,56 oz) body wash er ekspertformuleret med en blanding af \u00e6teriske olier og C-vitamin, der giver en luksuri\u00f8s rensende oplevelse, der revitaliserer og n\u00e6rer huden. Denne body wash er et must-have til din [&hellip;]<\/p>\n","protected":false},"featured_media":300995,"comment_status":"closed","ping_status":"open","template":"","meta":{"_angie_page":false},"product_brand":[27074],"product_cat":[25972,6994,25958,26816,25839],"product_tag":[],"class_list":{"0":"post-202589","1":"product","2":"type-product","3":"status-publish","4":"has-post-thumbnail","6":"product_brand-aw-cosmetics","7":"product_cat-appelsin","8":"product_cat-bad-og-bruser","9":"product_cat-citron","10":"product_cat-citrus","11":"product_cat-dufte-aromaer","12":"pa_collection-vitamin-c-skincare-line-da","13":"pa_made-in-storbritannien","15":"first","16":"instock","17":"purchasable","18":"product-type-simple"},"supplier_id":null,"supplier_sku":"Vitc-04","barcode":null,"atum_controlled":true,"out_stock_date":null,"out_stock_threshold":null,"inheritable":false,"inbound_stock":0,"stock_on_hold":0,"sold_today":0,"sales_last_days":0,"reserved_stock":0,"customer_returns":0,"warehouse_damage":0,"lost_in_post":0,"other_logs":0,"out_stock_days":0,"lost_sales":0,"has_location":false,"update_date":"2026-05-08T05:21:29","atum_locations":[],"atum_stock_status":"instock","restock_status":false,"low_stock_amount":"","sales_update_date":"2026-01-30T01:24:33","calc_backorders":null,"_links":{"self":[{"href":"https:\/\/aromasentia.com\/da\/wp-json\/wp\/v2\/product\/202589","targetHints":{"allow":["GET"]}}],"collection":[{"href":"https:\/\/aromasentia.com\/da\/wp-json\/wp\/v2\/product"}],"about":[{"href":"https:\/\/aromasentia.com\/da\/wp-json\/wp\/v2\/types\/product"}],"replies":[{"embeddable":true,"href":"https:\/\/aromasentia.com\/da\/wp-json\/wp\/v2\/comments?post=202589"}],"version-history":[{"count":0,"href":"https:\/\/aromasentia.com\/da\/wp-json\/wp\/v2\/product\/202589\/revisions"}],"wp:featuredmedia":[{"embeddable":true,"href":"https:\/\/aromasentia.com\/da\/wp-json\/wp\/v2\/media\/300995"}],"wp:attachment":[{"href":"https:\/\/aromasentia.com\/da\/wp-json\/wp\/v2\/media?parent=202589"}],"wp:term":[{"taxonomy":"product_brand","embeddable":true,"href":"https:\/\/aromasentia.com\/da\/wp-json\/wp\/v2\/product_brand?post=202589"},{"taxonomy":"product_cat","embeddable":true,"href":"https:\/\/aromasentia.com\/da\/wp-json\/wp\/v2\/product_cat?post=202589"},{"taxonomy":"product_tag","embeddable":true,"href":"https:\/\/aromasentia.com\/da\/wp-json\/wp\/v2\/product_tag?post=202589"}],"curies":[{"name":"wp","href":"https:\/\/api.w.org\/{rel}","templated":true}]}}