{"id":202588,"date":"2025-03-20T17:58:52","date_gmt":"2025-03-20T17:58:52","guid":{"rendered":"https:\/\/aromasentia.com\/product\/vitamin-c-goddesss-body-lotion-orange-lemon\/"},"modified":"2025-06-22T03:55:32","modified_gmt":"2025-06-22T03:55:32","slug":"vitamin-c-goddesss-body-lotion-orange-lemon","status":"publish","type":"product","link":"https:\/\/aromasentia.com\/da\/vitamin-c-goddesss-body-lotion-orange-lemon\/","title":{"rendered":"Vitamin C Goddess&#8217;s Body Lotion &#8211; Orange &#038; Lemon"},"content":{"rendered":"<p><strong>Vitamin C Goddess Body Lotion \u2013 Appelsin og Citron<\/strong> er en luksuri\u00f8s tilf\u00f8jelse til din hudplejekollektion, der lover at n\u00e6re og forynge dine kunders hud. Denne 250 ml (8,45 oz) bodylotion er beriget med de kraftfulde fordele ved C-vitamin, \u00e6teriske olier og andre hudvenlige ingredienser, hvilket g\u00f8r den til et ideelt valg for s\u00e6lgere, der s\u00f8ger hudplejeprodukter af h\u00f8j kvalitet til deres kunder.<\/p>\n<p>Pakket i en elegant, brugervenlig pumpeflaske sikrer denne bodylotion nem og hygiejnisk p\u00e5f\u00f8ring. Dens visuelt tiltalende design g\u00f8r den til et i\u00f8jnefaldende supplement til din butiks hudplejesortiment.<\/p>\n<p><strong>N\u00f8glefunktioner:<\/strong><\/p>\n<p><strong>C-vitaminberigelse:<\/strong>Denne bodylotion er beriget med C-vitamin, der lysner huden, reducerer tegn p\u00e5 aldring og fremmer en sund, str\u00e5lende teint.<\/p>\n<p><strong>Blanding af \u00e6teriske olier:<\/strong>Formuleret med appelsinskalolie og citronskalolie, der giver en forfriskende citrusduft sammen med antioxidante og antiseptiske fordele.<\/p>\n<p><strong>N\u00e6rende ingredienser:<\/strong> Indeholder solsikkekerneolie og hybenfrugtolie, der er rige p\u00e5 essentielle fedtsyrer og vitaminer, der fugter og n\u00e6rer huden i dybden.<\/p>\n<p><strong>Glat og fugtgivende:<\/strong>Med en glat, cremet tekstur, der absorberes hurtigt ind i huden, efterlader denne lotion den bl\u00f8d og fugtet uden fedtede rester. &nbsp;<\/p>\n<p><strong>Fordele ved aromaterapi:<\/strong> Beriget med naturlige forbindelser som limonen, linalool og citral, der tilbyder beroligende og opl\u00f8ftende aromaterapieffekter og forbedrer den samlede sensoriske oplevelse.<\/p>\n<p><span style=\"color: rgb(141, 186, 216);\"><strong>Denne C-vitamin bodylotion er et must-have produkt for at im\u00f8dekomme den stigende eftersp\u00f8rgsel efter naturlige og effektive hudplejel\u00f8sninger.<\/strong><\/span> <\/p>\n","protected":false},"excerpt":{"rendered":"<p>Vitamin C Goddess Body Lotion \u2013 Appelsin og Citron er en luksuri\u00f8s tilf\u00f8jelse til din hudplejekollektion, der lover at n\u00e6re og forynge dine kunders hud. Denne 250 ml (8,45 oz) bodylotion er beriget med de kraftfulde fordele ved C-vitamin, \u00e6teriske olier og andre hudvenlige ingredienser, hvilket g\u00f8r den til et ideelt valg for s\u00e6lgere, der [&hellip;]<\/p>\n","protected":false},"featured_media":300954,"comment_status":"closed","ping_status":"open","template":"","meta":{"_angie_page":false},"product_brand":[27074],"product_cat":[25972,6994,25958,26816,25839],"product_tag":[],"class_list":{"0":"post-202588","1":"product","2":"type-product","3":"status-publish","4":"has-post-thumbnail","6":"product_brand-aw-cosmetics","7":"product_cat-appelsin","8":"product_cat-bad-og-bruser","9":"product_cat-citron","10":"product_cat-citrus","11":"product_cat-dufte-aromaer","12":"pa_collection-vitamin-c-skincare-line-da","13":"pa_made-in-storbritannien","15":"first","16":"instock","17":"purchasable","18":"product-type-simple"},"supplier_id":null,"supplier_sku":"VitC-03","barcode":null,"atum_controlled":true,"out_stock_date":null,"out_stock_threshold":null,"inheritable":false,"inbound_stock":null,"stock_on_hold":0,"sold_today":0,"sales_last_days":0,"reserved_stock":null,"customer_returns":null,"warehouse_damage":null,"lost_in_post":null,"other_logs":null,"out_stock_days":0,"lost_sales":0,"has_location":null,"update_date":"2026-05-04T00:05:00","atum_locations":[],"atum_stock_status":"instock","restock_status":false,"low_stock_amount":"","sales_update_date":"2026-01-30T01:24:59","calc_backorders":null,"_links":{"self":[{"href":"https:\/\/aromasentia.com\/da\/wp-json\/wp\/v2\/product\/202588","targetHints":{"allow":["GET"]}}],"collection":[{"href":"https:\/\/aromasentia.com\/da\/wp-json\/wp\/v2\/product"}],"about":[{"href":"https:\/\/aromasentia.com\/da\/wp-json\/wp\/v2\/types\/product"}],"replies":[{"embeddable":true,"href":"https:\/\/aromasentia.com\/da\/wp-json\/wp\/v2\/comments?post=202588"}],"version-history":[{"count":0,"href":"https:\/\/aromasentia.com\/da\/wp-json\/wp\/v2\/product\/202588\/revisions"}],"wp:featuredmedia":[{"embeddable":true,"href":"https:\/\/aromasentia.com\/da\/wp-json\/wp\/v2\/media\/300954"}],"wp:attachment":[{"href":"https:\/\/aromasentia.com\/da\/wp-json\/wp\/v2\/media?parent=202588"}],"wp:term":[{"taxonomy":"product_brand","embeddable":true,"href":"https:\/\/aromasentia.com\/da\/wp-json\/wp\/v2\/product_brand?post=202588"},{"taxonomy":"product_cat","embeddable":true,"href":"https:\/\/aromasentia.com\/da\/wp-json\/wp\/v2\/product_cat?post=202588"},{"taxonomy":"product_tag","embeddable":true,"href":"https:\/\/aromasentia.com\/da\/wp-json\/wp\/v2\/product_tag?post=202588"}],"curies":[{"name":"wp","href":"https:\/\/api.w.org\/{rel}","templated":true}]}}