{"id":202587,"date":"2025-03-20T17:58:52","date_gmt":"2025-03-20T17:58:52","guid":{"rendered":"https:\/\/aromasentia.com\/product\/brightening-vitamin-c-hand-soap-with-essential-oils\/"},"modified":"2025-06-22T03:55:32","modified_gmt":"2025-06-22T03:55:32","slug":"lysnende-c-vitamin-haandsaebe-med-aeteriske-olier","status":"publish","type":"product","link":"https:\/\/aromasentia.com\/da\/lysnende-c-vitamin-haandsaebe-med-aeteriske-olier\/","title":{"rendered":"Lysnende C-Vitamin-H\u00e5nds\u00e6be med \u00c6teriske Olier"},"content":{"rendered":"<p><span style=\"color: rgb(75, 80, 88);\"><strong>Lysende C-vitamin h\u00e5nds\u00e6be med \u00e6teriske olier<\/strong> er et perfekt supplement til din f\u00f8rsteklasses hudplejekollektion. Hver bar p\u00e5 70 g er designet til at give en grundig rensende oplevelse, samtidig med at den n\u00e6rer og revitaliserer huden. Denne luksuri\u00f8se h\u00e5nds\u00e6be forbedrer den daglige h\u00e5ndhygiejne og g\u00f8r den til et must-have for dine kunder.<\/span><\/p>\n<p><span style=\"color: rgb(75, 80, 88);\">Hver bar er smukt pakket med et visuelt tiltalende design og tydelig m\u00e6rkning, hvilket g\u00f8r den til en attraktiv tilf\u00f8jelse til din butiks hudplejesortiment og en ideel gave til kunder, der s\u00f8ger f\u00f8rsteklasses h\u00e5ndplejeprodukter.<\/span><\/p>\n<p><span style=\"color: rgb(75, 80, 88);\"><strong>N\u00f8glefunktioner:<\/strong><\/span><\/p>\n<p><span style=\"color: rgb(75, 80, 88);\">C-vitaminberigelse: Denne h\u00e5nds\u00e6be er beriget med C-vitamin, der lysner huden, reducerer tegn p\u00e5 aldring og fremmer en sund, str\u00e5lende teint.<\/span><\/p>\n<p><span style=\"color: rgb(75, 80, 88);\"><strong>Blanding af \u00e6teriske olier:<\/strong>Formuleret med Appelsinskalsolie og citronskalsolie. Denne s\u00e6be tilbyder en forfriskende citrusduft sammen med antioxidante og antiseptiske fordele. &nbsp;<\/span><\/p>\n<p><span style=\"color: rgb(75, 80, 88);\"><strong>Dybderensende:<\/strong> Indeholder milde overfladeaktive stoffer, der producerer et rigt skum, som effektivt fjerner snavs og urenheder uden at fjerne hudens naturlige olier.&nbsp;<\/span><\/p>\n<p><span style=\"color: rgb(75, 80, 88);\"><strong>Fugtgivende og n\u00e6rende:<\/strong>Beriget med glycerin, der hj\u00e6lper med at bevare fugtigheden og holder huden bl\u00f8d, glat og hydreret hele dagen.&nbsp;<\/span><\/p>\n<p><span style=\"color: rgb(75, 80, 88);\"><strong>Aromaterapifordele:<\/strong>Beriget med naturlige forbindelser som limonen, linalool og citral, der giver beroligende og opl\u00f8ftende aromaterapieffekter og forbedrer den samlede sensoriske oplevelse.&nbsp;<\/span><\/p>\n<p><span style=\"color: rgb(75, 80, 88);\">Med sin attraktive emballage og overlegne formel tilbyder denne h\u00e5nds\u00e6be en fremragende gensalgsv\u00e6rdi. Det er et uundv\u00e6rligt produkt for at im\u00f8dekomme den stigende eftersp\u00f8rgsel efter luksuri\u00f8se og effektive h\u00e5ndplejel\u00f8sninger.<\/span> <\/p>\n","protected":false},"excerpt":{"rendered":"<p>Lysende C-vitamin h\u00e5nds\u00e6be med \u00e6teriske olier er et perfekt supplement til din f\u00f8rsteklasses hudplejekollektion. Hver bar p\u00e5 70 g er designet til at give en grundig rensende oplevelse, samtidig med at den n\u00e6rer og revitaliserer huden. Denne luksuri\u00f8se h\u00e5nds\u00e6be forbedrer den daglige h\u00e5ndhygiejne og g\u00f8r den til et must-have for dine kunder. Hver bar er [&hellip;]<\/p>\n","protected":false},"featured_media":300921,"comment_status":"closed","ping_status":"open","template":"","meta":{"_angie_page":false},"product_brand":[27074],"product_cat":[6994,7012],"product_tag":[],"class_list":{"0":"post-202587","1":"product","2":"type-product","3":"status-publish","4":"has-post-thumbnail","6":"product_brand-aw-cosmetics","7":"product_cat-bad-og-bruser","8":"product_cat-okologiske-saeber-saebebar","9":"pa_collection-vitamin-c-skincare-line-da","10":"pa_made-in-storbritannien","12":"first","13":"instock","14":"purchasable","15":"product-type-simple"},"supplier_id":null,"supplier_sku":"Vitc-05","barcode":null,"atum_controlled":true,"out_stock_date":null,"out_stock_threshold":null,"inheritable":false,"inbound_stock":null,"stock_on_hold":0,"sold_today":0,"sales_last_days":0,"reserved_stock":null,"customer_returns":null,"warehouse_damage":null,"lost_in_post":null,"other_logs":null,"out_stock_days":0,"lost_sales":0,"has_location":null,"update_date":"2026-05-04T00:05:00","atum_locations":[],"atum_stock_status":"instock","restock_status":false,"low_stock_amount":"","sales_update_date":"2025-09-05T00:21:17","calc_backorders":null,"_links":{"self":[{"href":"https:\/\/aromasentia.com\/da\/wp-json\/wp\/v2\/product\/202587","targetHints":{"allow":["GET"]}}],"collection":[{"href":"https:\/\/aromasentia.com\/da\/wp-json\/wp\/v2\/product"}],"about":[{"href":"https:\/\/aromasentia.com\/da\/wp-json\/wp\/v2\/types\/product"}],"replies":[{"embeddable":true,"href":"https:\/\/aromasentia.com\/da\/wp-json\/wp\/v2\/comments?post=202587"}],"version-history":[{"count":0,"href":"https:\/\/aromasentia.com\/da\/wp-json\/wp\/v2\/product\/202587\/revisions"}],"wp:featuredmedia":[{"embeddable":true,"href":"https:\/\/aromasentia.com\/da\/wp-json\/wp\/v2\/media\/300921"}],"wp:attachment":[{"href":"https:\/\/aromasentia.com\/da\/wp-json\/wp\/v2\/media?parent=202587"}],"wp:term":[{"taxonomy":"product_brand","embeddable":true,"href":"https:\/\/aromasentia.com\/da\/wp-json\/wp\/v2\/product_brand?post=202587"},{"taxonomy":"product_cat","embeddable":true,"href":"https:\/\/aromasentia.com\/da\/wp-json\/wp\/v2\/product_cat?post=202587"},{"taxonomy":"product_tag","embeddable":true,"href":"https:\/\/aromasentia.com\/da\/wp-json\/wp\/v2\/product_tag?post=202587"}],"curies":[{"name":"wp","href":"https:\/\/api.w.org\/{rel}","templated":true}]}}