{"id":202578,"date":"2025-03-20T17:59:53","date_gmt":"2025-03-20T17:59:53","guid":{"rendered":"https:\/\/aromasentia.com\/product\/volcanic-foot-stone-shell-shape\/"},"modified":"2025-06-22T03:55:27","modified_gmt":"2025-06-22T03:55:27","slug":"vulkansk-fodsten-skalform","status":"publish","type":"product","link":"https:\/\/aromasentia.com\/da\/vulkansk-fodsten-skalform\/","title":{"rendered":"Vulkansk Fodsten &#8211; Skalform"},"content":{"rendered":"<p>&nbsp;Vulkansk lava fodsten mister aldrig sin effektivitet eller form. Naturligt fremstillede vulkanske fodsten hj\u00e6lper sikkert med at eksfoliere t\u00f8r, d\u00f8d hud fra kroppen, h\u00e6nder og is\u00e6r f\u00f8dderne. &nbsp;<\/p>\n<p>Denne enkle, men fantastiske lille sten, der ligger godt i din h\u00e5nd, er let og har en overflade lavet af bittesm\u00e5 huller. Den sikreste og mest naturlige m\u00e5de at eksfoliere og udglatte huden p\u00e5 krop, h\u00e6nder og f\u00f8dder. &nbsp;<\/p>\n<p>En terapeutisk blanding af basaltmineraler, silicium, magnesium, jern og ilt, der skaber hullerne i stenen, fjerner nemt t\u00f8r, d\u00f8d hud fra krop, h\u00e6nder og f\u00f8dder. De er essentielle for din baderutine.<\/p>\n","protected":false},"excerpt":{"rendered":"<p>&nbsp;Vulkansk lava fodsten mister aldrig sin effektivitet eller form. Naturligt fremstillede vulkanske fodsten hj\u00e6lper sikkert med at eksfoliere t\u00f8r, d\u00f8d hud fra kroppen, h\u00e6nder og is\u00e6r f\u00f8dderne. &nbsp; Denne enkle, men fantastiske lille sten, der ligger godt i din h\u00e5nd, er let og har en overflade lavet af bittesm\u00e5 huller. Den sikreste og mest naturlige [&hellip;]<\/p>\n","protected":false},"featured_media":301178,"comment_status":"closed","ping_status":"open","template":"","meta":{"_angie_page":false},"product_brand":[],"product_cat":[6994,8068],"product_tag":[],"class_list":{"0":"post-202578","1":"product","2":"type-product","3":"status-publish","4":"has-post-thumbnail","6":"product_cat-bad-og-bruser","7":"product_cat-borster-skrubbere-og-skrabere","8":"pa_collection-volcanic-lava-foot-stones-da","9":"pa_made-in-kina","11":"first","12":"instock","13":"purchasable","14":"product-type-simple"},"supplier_id":null,"supplier_sku":"VolC-04","barcode":null,"atum_controlled":true,"out_stock_date":null,"out_stock_threshold":null,"inheritable":false,"inbound_stock":null,"stock_on_hold":0,"sold_today":0,"sales_last_days":0,"reserved_stock":null,"customer_returns":null,"warehouse_damage":null,"lost_in_post":null,"other_logs":null,"out_stock_days":0,"lost_sales":0,"has_location":null,"update_date":"2026-04-27T07:26:32","atum_locations":[],"atum_stock_status":"instock","restock_status":false,"low_stock_amount":"","sales_update_date":"2025-09-05T00:21:20","calc_backorders":null,"_links":{"self":[{"href":"https:\/\/aromasentia.com\/da\/wp-json\/wp\/v2\/product\/202578","targetHints":{"allow":["GET"]}}],"collection":[{"href":"https:\/\/aromasentia.com\/da\/wp-json\/wp\/v2\/product"}],"about":[{"href":"https:\/\/aromasentia.com\/da\/wp-json\/wp\/v2\/types\/product"}],"replies":[{"embeddable":true,"href":"https:\/\/aromasentia.com\/da\/wp-json\/wp\/v2\/comments?post=202578"}],"version-history":[{"count":0,"href":"https:\/\/aromasentia.com\/da\/wp-json\/wp\/v2\/product\/202578\/revisions"}],"wp:featuredmedia":[{"embeddable":true,"href":"https:\/\/aromasentia.com\/da\/wp-json\/wp\/v2\/media\/301178"}],"wp:attachment":[{"href":"https:\/\/aromasentia.com\/da\/wp-json\/wp\/v2\/media?parent=202578"}],"wp:term":[{"taxonomy":"product_brand","embeddable":true,"href":"https:\/\/aromasentia.com\/da\/wp-json\/wp\/v2\/product_brand?post=202578"},{"taxonomy":"product_cat","embeddable":true,"href":"https:\/\/aromasentia.com\/da\/wp-json\/wp\/v2\/product_cat?post=202578"},{"taxonomy":"product_tag","embeddable":true,"href":"https:\/\/aromasentia.com\/da\/wp-json\/wp\/v2\/product_tag?post=202578"}],"curies":[{"name":"wp","href":"https:\/\/api.w.org\/{rel}","templated":true}]}}