{"id":202575,"date":"2025-03-21T00:55:00","date_gmt":"2025-03-21T00:55:00","guid":{"rendered":"https:\/\/aromasentia.com\/product\/blueberry-whipped-cream-soap-120g\/"},"modified":"2025-06-22T03:55:25","modified_gmt":"2025-06-22T03:55:25","slug":"blaabaersaebe-med-floedeskum-120g","status":"publish","type":"product","link":"https:\/\/aromasentia.com\/da\/blaabaersaebe-med-floedeskum-120g\/","title":{"rendered":"Bl\u00e5b\u00e6rs\u00e6be med Fl\u00f8deskum 120g"},"content":{"rendered":"<p><strong>Denne Blueberry Blast Whipped Soap<\/strong> er den perfekte tilf\u00f8jelse til din bade- og kropssamling. Denne s\u00e6be er fremstillet med omhu og tilf\u00f8rt den uimodst\u00e5elige duft af bl\u00e5b\u00e6r og er en sanseoplevelse, der vil efterlade din hud forfrisket, n\u00e6ret og smukt duftende.<\/p>\n<p>Den cremede konsistens af denne s\u00e6be glider ubesv\u00e6ret over din hud og skaber et rigt skum, der forsigtigt renser urenheder v\u00e6k, mens den fugter og hydrerer din hud. Den indeholder n\u00e6rende egenskaber, der hj\u00e6lper med at bl\u00f8dg\u00f8re og udglatte din hud, s\u00e5 den bliver smidig og fl\u00f8jlsagtig at r\u00f8re ved.<\/p>\n<p><strong>Disse s\u00e6ber er ikke kun en sensorisk forn\u00f8jelse, men ogs\u00e5 cruelty-free, parabene-free, SLS-free og veganer-venlige.<\/strong><\/p>\n<p><strong>Uanset om du \u00f8nsker at fylde din butik, gavebutik eller spa, er det et fremragende valg.&nbsp;<\/strong>Det kombinerer kvalitet, overb\u00e6renhed og overkommelige priser, hvilket g\u00f8r det til et must-have-produkt for dem, der s\u00f8ger lidt fork\u00e6lelse.<\/p>\n","protected":false},"excerpt":{"rendered":"<p>Denne Blueberry Blast Whipped Soap er den perfekte tilf\u00f8jelse til din bade- og kropssamling. Denne s\u00e6be er fremstillet med omhu og tilf\u00f8rt den uimodst\u00e5elige duft af bl\u00e5b\u00e6r og er en sanseoplevelse, der vil efterlade din hud forfrisket, n\u00e6ret og smukt duftende. Den cremede konsistens af denne s\u00e6be glider ubesv\u00e6ret over din hud og skaber et [&hellip;]<\/p>\n","protected":false},"featured_media":301611,"comment_status":"closed","ping_status":"open","template":"","meta":{"_angie_page":false},"product_brand":[],"product_cat":[6994,7012],"product_tag":[],"class_list":{"0":"post-202575","1":"product","2":"type-product","3":"status-publish","4":"has-post-thumbnail","6":"product_cat-bad-og-bruser","7":"product_cat-okologiske-saeber-saebebar","8":"pa_collection-whipped-cream-soap-da","9":"pa_made-in-storbritannien","11":"first","12":"instock","13":"purchasable","14":"product-type-simple"},"supplier_id":null,"supplier_sku":"WCS-07","barcode":null,"atum_controlled":true,"out_stock_date":null,"out_stock_threshold":null,"inheritable":false,"inbound_stock":null,"stock_on_hold":0,"sold_today":0,"sales_last_days":0,"reserved_stock":null,"customer_returns":null,"warehouse_damage":null,"lost_in_post":null,"other_logs":null,"out_stock_days":0,"lost_sales":0,"has_location":null,"update_date":"2026-04-27T07:26:52","atum_locations":[],"atum_stock_status":"instock","restock_status":false,"low_stock_amount":"","sales_update_date":"2025-09-05T00:21:22","calc_backorders":null,"_links":{"self":[{"href":"https:\/\/aromasentia.com\/da\/wp-json\/wp\/v2\/product\/202575","targetHints":{"allow":["GET"]}}],"collection":[{"href":"https:\/\/aromasentia.com\/da\/wp-json\/wp\/v2\/product"}],"about":[{"href":"https:\/\/aromasentia.com\/da\/wp-json\/wp\/v2\/types\/product"}],"replies":[{"embeddable":true,"href":"https:\/\/aromasentia.com\/da\/wp-json\/wp\/v2\/comments?post=202575"}],"version-history":[{"count":0,"href":"https:\/\/aromasentia.com\/da\/wp-json\/wp\/v2\/product\/202575\/revisions"}],"wp:featuredmedia":[{"embeddable":true,"href":"https:\/\/aromasentia.com\/da\/wp-json\/wp\/v2\/media\/301611"}],"wp:attachment":[{"href":"https:\/\/aromasentia.com\/da\/wp-json\/wp\/v2\/media?parent=202575"}],"wp:term":[{"taxonomy":"product_brand","embeddable":true,"href":"https:\/\/aromasentia.com\/da\/wp-json\/wp\/v2\/product_brand?post=202575"},{"taxonomy":"product_cat","embeddable":true,"href":"https:\/\/aromasentia.com\/da\/wp-json\/wp\/v2\/product_cat?post=202575"},{"taxonomy":"product_tag","embeddable":true,"href":"https:\/\/aromasentia.com\/da\/wp-json\/wp\/v2\/product_tag?post=202575"}],"curies":[{"name":"wp","href":"https:\/\/api.w.org\/{rel}","templated":true}]}}