{"id":202572,"date":"2025-03-21T00:55:00","date_gmt":"2025-03-21T00:55:00","guid":{"rendered":"https:\/\/aromasentia.com\/product\/parma-violet-whipped-cream-soap-120g\/"},"modified":"2025-06-22T03:55:24","modified_gmt":"2025-06-22T03:55:24","slug":"parma-violet-floedesaebe-120g","status":"publish","type":"product","link":"https:\/\/aromasentia.com\/da\/parma-violet-floedesaebe-120g\/","title":{"rendered":"Parma Violet Fl\u00f8des\u00e6be 120g"},"content":{"rendered":"<p>Denne dejlige<strong>&nbsp;Parma Violet<\/strong><strong>&nbsp;Whipped Soap&nbsp;<\/strong> er perfekt til at fork\u00e6le sig selv med en luksuri\u00f8s badeoplevelse. Fordyb dig i den f\u00e6ngslende duft af <strong><span style=\"color: rgb(147, 101, 184);\">Parmavioler<\/span><\/strong>, og fork\u00e6l din hud med denne fl\u00f8jlsbl\u00f8de s\u00e6be.<\/p>\n<p>Den cremede konsistens glider let hen over huden og skaber et fyldigt skum, der effektivt renser urenheder v\u00e6k og efterlader huden opfrisket og fugtet. Den indeholder fugtgivende egenskaber, der hj\u00e6lper med at genopbygge og fugte, s\u00e5 din hud f\u00f8les silkebl\u00f8d og smidig.<\/p>\n<p>Disse s\u00e6ber er ikke kun en sensorisk forn\u00f8jelse, men ogs\u00e5 <strong>skrubbefri, parabenefri, SLS-fri og veganervenlig. <\/strong><\/p>\n<p>Parma Violet Whipped Soap vil helt sikkert tiltr\u00e6kke kunder med sin uimodst\u00e5elige duft og luksuri\u00f8se formel.<\/p>\n<p>Uanset om du \u00f8nsker at fylde din butik, gavebutik eller spa, er det et fremragende valg. Den kombinerer kvalitet, fork\u00e6lelse og overkommelige priser, hvilket g\u00f8r den til et must-have-produkt for dem, der s\u00f8ger et strejf af luksus.&nbsp;<\/p>\n","protected":false},"excerpt":{"rendered":"<p>Denne dejlige&nbsp;Parma Violet&nbsp;Whipped Soap&nbsp; er perfekt til at fork\u00e6le sig selv med en luksuri\u00f8s badeoplevelse. Fordyb dig i den f\u00e6ngslende duft af Parmavioler, og fork\u00e6l din hud med denne fl\u00f8jlsbl\u00f8de s\u00e6be. Den cremede konsistens glider let hen over huden og skaber et fyldigt skum, der effektivt renser urenheder v\u00e6k og efterlader huden opfrisket og fugtet. [&hellip;]<\/p>\n","protected":false},"featured_media":301440,"comment_status":"closed","ping_status":"open","template":"","meta":{"_angie_page":false},"product_brand":[],"product_cat":[6994,7012],"product_tag":[],"class_list":{"0":"post-202572","1":"product","2":"type-product","3":"status-publish","4":"has-post-thumbnail","6":"product_cat-bad-og-bruser","7":"product_cat-okologiske-saeber-saebebar","8":"pa_collection-whipped-cream-soap-da","9":"pa_made-in-storbritannien","11":"first","12":"instock","13":"purchasable","14":"product-type-simple"},"supplier_id":null,"supplier_sku":"WCS-02","barcode":null,"atum_controlled":true,"out_stock_date":null,"out_stock_threshold":null,"inheritable":false,"inbound_stock":null,"stock_on_hold":0,"sold_today":0,"sales_last_days":0,"reserved_stock":null,"customer_returns":null,"warehouse_damage":null,"lost_in_post":null,"other_logs":null,"out_stock_days":0,"lost_sales":0,"has_location":null,"update_date":"2026-05-08T05:21:30","atum_locations":[],"atum_stock_status":"instock","restock_status":false,"low_stock_amount":"","sales_update_date":"2025-09-05T00:21:22","calc_backorders":null,"_links":{"self":[{"href":"https:\/\/aromasentia.com\/da\/wp-json\/wp\/v2\/product\/202572","targetHints":{"allow":["GET"]}}],"collection":[{"href":"https:\/\/aromasentia.com\/da\/wp-json\/wp\/v2\/product"}],"about":[{"href":"https:\/\/aromasentia.com\/da\/wp-json\/wp\/v2\/types\/product"}],"replies":[{"embeddable":true,"href":"https:\/\/aromasentia.com\/da\/wp-json\/wp\/v2\/comments?post=202572"}],"version-history":[{"count":0,"href":"https:\/\/aromasentia.com\/da\/wp-json\/wp\/v2\/product\/202572\/revisions"}],"wp:featuredmedia":[{"embeddable":true,"href":"https:\/\/aromasentia.com\/da\/wp-json\/wp\/v2\/media\/301440"}],"wp:attachment":[{"href":"https:\/\/aromasentia.com\/da\/wp-json\/wp\/v2\/media?parent=202572"}],"wp:term":[{"taxonomy":"product_brand","embeddable":true,"href":"https:\/\/aromasentia.com\/da\/wp-json\/wp\/v2\/product_brand?post=202572"},{"taxonomy":"product_cat","embeddable":true,"href":"https:\/\/aromasentia.com\/da\/wp-json\/wp\/v2\/product_cat?post=202572"},{"taxonomy":"product_tag","embeddable":true,"href":"https:\/\/aromasentia.com\/da\/wp-json\/wp\/v2\/product_tag?post=202572"}],"curies":[{"name":"wp","href":"https:\/\/api.w.org\/{rel}","templated":true}]}}