{"id":202570,"date":"2025-03-21T00:55:53","date_gmt":"2025-03-21T00:55:53","guid":{"rendered":"https:\/\/aromasentia.com\/product\/white-christmas-whipped-cream-soap-120g\/"},"modified":"2025-06-22T03:55:21","modified_gmt":"2025-06-22T03:55:21","slug":"hvid-julefloedesaebe-120g","status":"publish","type":"product","link":"https:\/\/aromasentia.com\/da\/hvid-julefloedesaebe-120g\/","title":{"rendered":"Hvid Julefl\u00f8des\u00e6be 120g"},"content":{"rendered":"<p><span style=\"color: rgb(75, 80, 88);\"><strong>Oplev den f\u00e6ngslende julestemning med vores White Christmas Whipped Cream Soap (120 g).<\/strong><\/span><\/p>\n<p><span style=\"color: rgb(75, 80, 88);\">Denne overd\u00e5dige s\u00e6be tilf\u00f8jer et strejf af vinterfortryllelse til din hudplejerutine med en dekadent pisket tekstur, der b\u00e5de renser og fork\u00e6ler din hud.<\/span><\/p>\n<p><span style=\"color: rgb(75, 80, 88);\">Udsmykket med diskret glimmer og delikate sukkersnefnug, fordyb dig i dens fl\u00f8jlsbl\u00f8de, cremede skum. Lad den stemningsfulde juleduft omslutte dine sanser og efterlade din hud renset, veln\u00e6ret og str\u00e5lende, klar til at skinne gennem hele jules\u00e6sonen.<\/span><\/p>\n<p><span style=\"color: rgb(41, 105, 176);\"><strong>Duftprofil:<\/strong><\/span><\/p>\n<p><span style=\"color: rgb(75, 80, 88);\"><strong>Topnoter:<\/strong> Eukalyptus &#8211; Mint Orange<\/span><\/p>\n<p><span style=\"color: rgb(75, 80, 88);\"><strong>Hjertenoter:<\/strong> Lilje &#8211; Hyacint &#8211; Orkid\u00e9 &#8211; Rose &#8211; Jord &#8211; Hindb\u00e6r &#8211; Jordb\u00e6r &#8211; Bromb\u00e6r &#8211; Cassis &#8211; Ananas &#8211; Syren &#8211; Vin<\/span><\/p>\n<p><span style=\"color: rgb(75, 80, 88);\"><strong>Basenoter:<\/strong>Ceder &#8211; Rav &#8211; Moskus &#8211; Br\u00e6ndt sukker &#8211; Vanilje<\/span><\/p>\n","protected":false},"excerpt":{"rendered":"<p>Oplev den f\u00e6ngslende julestemning med vores White Christmas Whipped Cream Soap (120 g). Denne overd\u00e5dige s\u00e6be tilf\u00f8jer et strejf af vinterfortryllelse til din hudplejerutine med en dekadent pisket tekstur, der b\u00e5de renser og fork\u00e6ler din hud. Udsmykket med diskret glimmer og delikate sukkersnefnug, fordyb dig i dens fl\u00f8jlsbl\u00f8de, cremede skum. Lad den stemningsfulde juleduft omslutte [&hellip;]<\/p>\n","protected":false},"featured_media":668535,"comment_status":"closed","ping_status":"open","template":"","meta":{"_angie_page":false},"product_brand":[],"product_cat":[6994,27378,7012],"product_tag":[],"class_list":{"0":"post-202570","1":"product","2":"type-product","3":"status-publish","4":"has-post-thumbnail","6":"product_cat-bad-og-bruser","7":"product_cat-juledufte","8":"product_cat-okologiske-saeber-saebebar","9":"pa_collection-whipped-cream-soap-da","10":"pa_made-in-storbritannien","12":"first","13":"instock","14":"purchasable","15":"product-type-simple"},"supplier_id":null,"supplier_sku":"WCS-09","barcode":null,"atum_controlled":true,"out_stock_date":null,"out_stock_threshold":null,"inheritable":false,"inbound_stock":null,"stock_on_hold":0,"sold_today":0,"sales_last_days":0,"reserved_stock":null,"customer_returns":null,"warehouse_damage":null,"lost_in_post":null,"other_logs":null,"out_stock_days":0,"lost_sales":0,"has_location":null,"update_date":"2026-04-27T07:26:52","atum_locations":[],"atum_stock_status":"instock","restock_status":false,"low_stock_amount":"","sales_update_date":"2025-09-05T00:21:24","calc_backorders":null,"_links":{"self":[{"href":"https:\/\/aromasentia.com\/da\/wp-json\/wp\/v2\/product\/202570","targetHints":{"allow":["GET"]}}],"collection":[{"href":"https:\/\/aromasentia.com\/da\/wp-json\/wp\/v2\/product"}],"about":[{"href":"https:\/\/aromasentia.com\/da\/wp-json\/wp\/v2\/types\/product"}],"replies":[{"embeddable":true,"href":"https:\/\/aromasentia.com\/da\/wp-json\/wp\/v2\/comments?post=202570"}],"version-history":[{"count":0,"href":"https:\/\/aromasentia.com\/da\/wp-json\/wp\/v2\/product\/202570\/revisions"}],"wp:featuredmedia":[{"embeddable":true,"href":"https:\/\/aromasentia.com\/da\/wp-json\/wp\/v2\/media\/668535"}],"wp:attachment":[{"href":"https:\/\/aromasentia.com\/da\/wp-json\/wp\/v2\/media?parent=202570"}],"wp:term":[{"taxonomy":"product_brand","embeddable":true,"href":"https:\/\/aromasentia.com\/da\/wp-json\/wp\/v2\/product_brand?post=202570"},{"taxonomy":"product_cat","embeddable":true,"href":"https:\/\/aromasentia.com\/da\/wp-json\/wp\/v2\/product_cat?post=202570"},{"taxonomy":"product_tag","embeddable":true,"href":"https:\/\/aromasentia.com\/da\/wp-json\/wp\/v2\/product_tag?post=202570"}],"curies":[{"name":"wp","href":"https:\/\/api.w.org\/{rel}","templated":true}]}}