{"id":202569,"date":"2025-03-21T00:55:53","date_gmt":"2025-03-21T00:55:53","guid":{"rendered":"https:\/\/aromasentia.com\/product\/warm-gingerbread-whipped-cream-soap-120g\/"},"modified":"2025-06-22T03:55:21","modified_gmt":"2025-06-22T03:55:21","slug":"varm-peberkagesaebe-med-floedeskum-120g","status":"publish","type":"product","link":"https:\/\/aromasentia.com\/da\/varm-peberkagesaebe-med-floedeskum-120g\/","title":{"rendered":"Varm Peberkages\u00e6be med Fl\u00f8deskum 120g"},"content":{"rendered":"<p><span style=\"color: rgb(75, 80, 88);\"><strong>Nyd den beroligende omfavnelse af vores varme peberkages\u00e6be med fl\u00f8deskum (120 g).<\/strong><\/span><\/p>\n<p><span style=\"color: rgb(75, 80, 88);\">Dyk ned i den indbydende og krydrede duft af friskbagte peberkager, der v\u00e6kker en fornemmelse af hygge og k\u00e6rlig nostalgi. Denne luksuri\u00f8se fl\u00f8des\u00e6be renser og fork\u00e6ler blidt din hud og giver en bl\u00f8d og fugtet fornemmelse.<\/span><\/p>\n<p><span style=\"color: rgb(75, 80, 88);\">Beriget med et delikat strejf af glimmer introducerer den en subtil glimmer til dit renseritual og forvandler hver vask til et dejligt sensorisk eventyr. Fork\u00e6l dig selv med varmen af peberkager og et strejf af elegance med vores glitter-infuserede fl\u00f8deskums\u00e6be.<\/span><\/p>\n<p><span style=\"color: rgb(163, 143, 132);\"><strong>Duftprofil:<\/strong><\/span><\/p>\n<p><span style=\"color: rgb(75, 80, 88);\"><strong>Topnoter: Appelsin<\/strong>&#8211; Kanel<\/span><\/p>\n<p><span style=\"color: rgb(75, 80, 88);\"><strong>Hjertenoter:<\/strong> Ingef\u00e6rkrydderier<\/span><\/p>\n<p><span style=\"color: rgb(75, 80, 88);\"><strong>Basenoter:<\/strong>Sm\u00f8rkiks &#8211; Sukker &#8211; Vanilje<\/span><\/p>\n","protected":false},"excerpt":{"rendered":"<p>Nyd den beroligende omfavnelse af vores varme peberkages\u00e6be med fl\u00f8deskum (120 g). Dyk ned i den indbydende og krydrede duft af friskbagte peberkager, der v\u00e6kker en fornemmelse af hygge og k\u00e6rlig nostalgi. Denne luksuri\u00f8se fl\u00f8des\u00e6be renser og fork\u00e6ler blidt din hud og giver en bl\u00f8d og fugtet fornemmelse. Beriget med et delikat strejf af glimmer [&hellip;]<\/p>\n","protected":false},"featured_media":668563,"comment_status":"closed","ping_status":"open","template":"","meta":{"_angie_page":false},"product_brand":[],"product_cat":[6994,25839,25949,26886,7012],"product_tag":[],"class_list":{"0":"post-202569","1":"product","2":"type-product","3":"status-publish","4":"has-post-thumbnail","6":"product_cat-bad-og-bruser","7":"product_cat-dufte-aromaer","8":"product_cat-ingefaer-dufte-aromaer","9":"product_cat-krydret","10":"product_cat-okologiske-saeber-saebebar","11":"pa_collection-whipped-cream-soap-da","12":"pa_made-in-storbritannien","14":"first","15":"instock","16":"purchasable","17":"product-type-simple"},"supplier_id":null,"supplier_sku":"WCS-10","barcode":null,"atum_controlled":true,"out_stock_date":null,"out_stock_threshold":null,"inheritable":false,"inbound_stock":null,"stock_on_hold":0,"sold_today":0,"sales_last_days":0,"reserved_stock":null,"customer_returns":null,"warehouse_damage":null,"lost_in_post":null,"other_logs":null,"out_stock_days":0,"lost_sales":0,"has_location":null,"update_date":"2026-04-27T07:26:52","atum_locations":[],"atum_stock_status":"instock","restock_status":false,"low_stock_amount":"","sales_update_date":"2026-01-30T01:24:59","calc_backorders":null,"_links":{"self":[{"href":"https:\/\/aromasentia.com\/da\/wp-json\/wp\/v2\/product\/202569","targetHints":{"allow":["GET"]}}],"collection":[{"href":"https:\/\/aromasentia.com\/da\/wp-json\/wp\/v2\/product"}],"about":[{"href":"https:\/\/aromasentia.com\/da\/wp-json\/wp\/v2\/types\/product"}],"replies":[{"embeddable":true,"href":"https:\/\/aromasentia.com\/da\/wp-json\/wp\/v2\/comments?post=202569"}],"version-history":[{"count":0,"href":"https:\/\/aromasentia.com\/da\/wp-json\/wp\/v2\/product\/202569\/revisions"}],"wp:featuredmedia":[{"embeddable":true,"href":"https:\/\/aromasentia.com\/da\/wp-json\/wp\/v2\/media\/668563"}],"wp:attachment":[{"href":"https:\/\/aromasentia.com\/da\/wp-json\/wp\/v2\/media?parent=202569"}],"wp:term":[{"taxonomy":"product_brand","embeddable":true,"href":"https:\/\/aromasentia.com\/da\/wp-json\/wp\/v2\/product_brand?post=202569"},{"taxonomy":"product_cat","embeddable":true,"href":"https:\/\/aromasentia.com\/da\/wp-json\/wp\/v2\/product_cat?post=202569"},{"taxonomy":"product_tag","embeddable":true,"href":"https:\/\/aromasentia.com\/da\/wp-json\/wp\/v2\/product_tag?post=202569"}],"curies":[{"name":"wp","href":"https:\/\/api.w.org\/{rel}","templated":true}]}}