{"id":202568,"date":"2025-03-21T00:55:53","date_gmt":"2025-03-21T00:55:53","guid":{"rendered":"https:\/\/aromasentia.com\/product\/frosted-sugar-plum-whipped-cream-soap-120g\/"},"modified":"2025-06-22T03:55:21","modified_gmt":"2025-06-22T03:55:21","slug":"frosted-sugar-plum-floedeskumssaebe-120g","status":"publish","type":"product","link":"https:\/\/aromasentia.com\/da\/frosted-sugar-plum-floedeskumssaebe-120g\/","title":{"rendered":"Frosted Sugar Plum Fl\u00f8deskumss\u00e6be 120g"},"content":{"rendered":"<p><span style=\"color: rgb(75, 80, 88);\"><strong>Nyd den fortryllende f\u00f8lelse af vores Frosted Sugar Plum Whipped Cream Soap (120g).<\/strong><\/span><\/p>\n<p><span style=\"color: rgb(75, 80, 88);\">Denne overd\u00e5dige s\u00e6be giver dit rensende ritual et strejf af fortryllelse og blander sukkerblommernes s\u00f8dme med en frostet tiltr\u00e6kningskraft. Den luksuri\u00f8se fl\u00f8deskumstekstur glider yndefuldt hen over din hud og giver bl\u00f8dhed og fugt, mens subtile glimt af glimmer giver en skinnende elegance.<\/span><\/p>\n<p><span style=\"color: rgb(75, 80, 88);\">L\u00f8ft din selvplejerutine med den finurlige essens af en frostet blommeaften, indkapslet i denne dejlige s\u00e6be, der b\u00e5de fork\u00e6ler og glitrer og tilf\u00f8jer et strejf af magi til din daglige renseoplevelse.<\/span><\/p>\n<p><span style=\"color: rgb(85, 57, 130);\"><strong>Duftprofil:<\/strong><\/span><\/p>\n<p><span style=\"color: rgb(75, 80, 88);\"><strong>Topnoter:<\/strong> Blomme &#8211; vinterb\u00e6r<\/span><\/p>\n<p><span style=\"color: rgb(75, 80, 88);\"><strong>Hjertenoter:<\/strong> Sukker<\/span><\/p>\n<p><span style=\"color: rgb(75, 80, 88);\"><strong>Basenoter: <\/strong>Vanilje<\/span><\/p>\n","protected":false},"excerpt":{"rendered":"<p>Nyd den fortryllende f\u00f8lelse af vores Frosted Sugar Plum Whipped Cream Soap (120g). Denne overd\u00e5dige s\u00e6be giver dit rensende ritual et strejf af fortryllelse og blander sukkerblommernes s\u00f8dme med en frostet tiltr\u00e6kningskraft. Den luksuri\u00f8se fl\u00f8deskumstekstur glider yndefuldt hen over din hud og giver bl\u00f8dhed og fugt, mens subtile glimt af glimmer giver en skinnende elegance. [&hellip;]<\/p>\n","protected":false},"featured_media":668549,"comment_status":"closed","ping_status":"open","template":"","meta":{"_angie_page":false},"product_brand":[],"product_cat":[6994,7012],"product_tag":[],"class_list":{"0":"post-202568","1":"product","2":"type-product","3":"status-publish","4":"has-post-thumbnail","6":"product_cat-bad-og-bruser","7":"product_cat-okologiske-saeber-saebebar","8":"pa_collection-whipped-cream-soap-da","9":"pa_made-in-storbritannien","11":"first","12":"instock","13":"purchasable","14":"product-type-simple"},"supplier_id":null,"supplier_sku":"WCS-11","barcode":null,"atum_controlled":true,"out_stock_date":null,"out_stock_threshold":null,"inheritable":false,"inbound_stock":null,"stock_on_hold":0,"sold_today":0,"sales_last_days":0,"reserved_stock":null,"customer_returns":null,"warehouse_damage":null,"lost_in_post":null,"other_logs":null,"out_stock_days":0,"lost_sales":0,"has_location":null,"update_date":"2026-04-27T07:26:52","atum_locations":[],"atum_stock_status":"instock","restock_status":false,"low_stock_amount":"","sales_update_date":"2025-09-05T00:21:22","calc_backorders":null,"_links":{"self":[{"href":"https:\/\/aromasentia.com\/da\/wp-json\/wp\/v2\/product\/202568","targetHints":{"allow":["GET"]}}],"collection":[{"href":"https:\/\/aromasentia.com\/da\/wp-json\/wp\/v2\/product"}],"about":[{"href":"https:\/\/aromasentia.com\/da\/wp-json\/wp\/v2\/types\/product"}],"replies":[{"embeddable":true,"href":"https:\/\/aromasentia.com\/da\/wp-json\/wp\/v2\/comments?post=202568"}],"version-history":[{"count":0,"href":"https:\/\/aromasentia.com\/da\/wp-json\/wp\/v2\/product\/202568\/revisions"}],"wp:featuredmedia":[{"embeddable":true,"href":"https:\/\/aromasentia.com\/da\/wp-json\/wp\/v2\/media\/668549"}],"wp:attachment":[{"href":"https:\/\/aromasentia.com\/da\/wp-json\/wp\/v2\/media?parent=202568"}],"wp:term":[{"taxonomy":"product_brand","embeddable":true,"href":"https:\/\/aromasentia.com\/da\/wp-json\/wp\/v2\/product_brand?post=202568"},{"taxonomy":"product_cat","embeddable":true,"href":"https:\/\/aromasentia.com\/da\/wp-json\/wp\/v2\/product_cat?post=202568"},{"taxonomy":"product_tag","embeddable":true,"href":"https:\/\/aromasentia.com\/da\/wp-json\/wp\/v2\/product_tag?post=202568"}],"curies":[{"name":"wp","href":"https:\/\/api.w.org\/{rel}","templated":true}]}}