{"id":202567,"date":"2025-03-21T00:55:53","date_gmt":"2025-03-21T00:55:53","guid":{"rendered":"https:\/\/aromasentia.com\/product\/festive-morning-whipped-cream-soap-120g\/"},"modified":"2025-06-22T03:55:20","modified_gmt":"2025-06-22T03:55:20","slug":"festive-morning-whipped-cream-saebe-120g","status":"publish","type":"product","link":"https:\/\/aromasentia.com\/da\/festive-morning-whipped-cream-saebe-120g\/","title":{"rendered":"Festive morning Whipped Cream S\u00e6be 120g"},"content":{"rendered":"<p><span style=\"color: rgb(75, 80, 88);\"><strong>Begiv dig ud p\u00e5 en fortryllende rejse med vores Festive Morning Whipped Cream Soap (120 g).<\/strong><\/span><\/p>\n<p><span style=\"color: rgb(75, 80, 88);\">Tr\u00e6d ind i en bruseoplevelse ulig nogen anden, mens du nyder den fl\u00f8jlsbl\u00f8de tekstur, der renser og fugter.<\/span><\/p>\n<p><span style=\"color: rgb(75, 80, 88);\">Forst\u00e6rket med et strejf af glitrende magi og pyntet med delikate sukkerjuletr\u00e6er, giver denne piskede s\u00e6be et funklende touch til din morgenrutine.<\/span><\/p>\n<p><span style=\"color: rgb(75, 80, 88);\">Lad den subtile duft og festlige stemning forvandle dit baderitual til en gl\u00e6delig fest.<\/span><\/p>\n<p><span style=\"color: rgb(65, 168, 95);\"><strong>Duftprofil:<\/strong><\/span><\/p>\n<p><span style=\"color: rgb(75, 80, 88);\"><strong>Topnoter:<\/strong>Ruskind &#8211; Pink peber &#8211; Violblade &#8211; Safran<\/span><\/p>\n<p><span style=\"color: rgb(75, 80, 88);\"><strong>Hjertenoter:<\/strong> Lilje &#8211; Jasmin &#8211; Iris &#8211; Kanel<\/span><\/p>\n<p><span style=\"color: rgb(75, 80, 88);\"><strong>Bundnoter:<\/strong> L\u00e6der &#8211; Patchouli &#8211; Sandeltr\u00e6 &#8211; Rav &#8211; Fl\u00f8jlstr\u00e6 &#8211; Agartr\u00e6<\/span><\/p>\n","protected":false},"excerpt":{"rendered":"<p>Begiv dig ud p\u00e5 en fortryllende rejse med vores Festive Morning Whipped Cream Soap (120 g). Tr\u00e6d ind i en bruseoplevelse ulig nogen anden, mens du nyder den fl\u00f8jlsbl\u00f8de tekstur, der renser og fugter. Forst\u00e6rket med et strejf af glitrende magi og pyntet med delikate sukkerjuletr\u00e6er, giver denne piskede s\u00e6be et funklende touch til din [&hellip;]<\/p>\n","protected":false},"featured_media":668584,"comment_status":"closed","ping_status":"open","template":"","meta":{"_angie_page":false},"product_brand":[],"product_cat":[6994,7012],"product_tag":[],"class_list":{"0":"post-202567","1":"product","2":"type-product","3":"status-publish","4":"has-post-thumbnail","6":"product_cat-bad-og-bruser","7":"product_cat-okologiske-saeber-saebebar","8":"pa_collection-whipped-cream-soap-da","9":"pa_made-in-storbritannien","11":"first","12":"instock","13":"purchasable","14":"product-type-simple"},"supplier_id":null,"supplier_sku":"WCS-12","barcode":null,"atum_controlled":true,"out_stock_date":null,"out_stock_threshold":null,"inheritable":false,"inbound_stock":null,"stock_on_hold":0,"sold_today":0,"sales_last_days":0,"reserved_stock":null,"customer_returns":null,"warehouse_damage":null,"lost_in_post":null,"other_logs":null,"out_stock_days":0,"lost_sales":0,"has_location":null,"update_date":"2026-04-27T07:26:52","atum_locations":[],"atum_stock_status":"instock","restock_status":false,"low_stock_amount":"","sales_update_date":"2025-09-05T00:21:22","calc_backorders":null,"_links":{"self":[{"href":"https:\/\/aromasentia.com\/da\/wp-json\/wp\/v2\/product\/202567","targetHints":{"allow":["GET"]}}],"collection":[{"href":"https:\/\/aromasentia.com\/da\/wp-json\/wp\/v2\/product"}],"about":[{"href":"https:\/\/aromasentia.com\/da\/wp-json\/wp\/v2\/types\/product"}],"replies":[{"embeddable":true,"href":"https:\/\/aromasentia.com\/da\/wp-json\/wp\/v2\/comments?post=202567"}],"version-history":[{"count":0,"href":"https:\/\/aromasentia.com\/da\/wp-json\/wp\/v2\/product\/202567\/revisions"}],"wp:featuredmedia":[{"embeddable":true,"href":"https:\/\/aromasentia.com\/da\/wp-json\/wp\/v2\/media\/668584"}],"wp:attachment":[{"href":"https:\/\/aromasentia.com\/da\/wp-json\/wp\/v2\/media?parent=202567"}],"wp:term":[{"taxonomy":"product_brand","embeddable":true,"href":"https:\/\/aromasentia.com\/da\/wp-json\/wp\/v2\/product_brand?post=202567"},{"taxonomy":"product_cat","embeddable":true,"href":"https:\/\/aromasentia.com\/da\/wp-json\/wp\/v2\/product_cat?post=202567"},{"taxonomy":"product_tag","embeddable":true,"href":"https:\/\/aromasentia.com\/da\/wp-json\/wp\/v2\/product_tag?post=202567"}],"curies":[{"name":"wp","href":"https:\/\/api.w.org\/{rel}","templated":true}]}}