{"id":202563,"date":"2025-03-21T00:56:23","date_gmt":"2025-03-21T00:56:23","guid":{"rendered":"https:\/\/aromasentia.com\/product\/wild-hare-solid-shampoo-60g-cherry-bonbon\/"},"modified":"2025-06-22T03:55:18","modified_gmt":"2025-06-22T03:55:18","slug":"wild-hare-shampoo-bar-60g-cherry-bonbon","status":"publish","type":"product","link":"https:\/\/aromasentia.com\/da\/wild-hare-shampoo-bar-60g-cherry-bonbon\/","title":{"rendered":"Wild Hare Shampoo Bar 60g &#8211; Cherry Bonbon"},"content":{"rendered":"<p>Sig farvel til en d\u00e5rlig h\u00e5rdag med<strong>Aroma Sentia-ping Wild Hare Solid Shampoo 60g &#8211; Cherry Bonbon.<\/strong><strong>&nbsp;<\/strong><\/p>\n<p>Denne solide shampoobar vil efterlade dine kunders h\u00e5r utroligt bl\u00f8dt, velplejet, skinnende og fri for ophobning.<\/p>\n<p>Fungerer godt i h\u00e5rdt vand. Wild Hare shampoobarer er ogs\u00e5 velegnede til vegetarer og veganere, og de er ogs\u00e5 plastikfri, palmeoliefri, SLS-, SLES- og parabenfri.<\/p>\n<p><strong>S\u00e5dan bruges den:<\/strong>Fugt shampoobaren mellem dine h\u00e6nder. Gnid den i dine h\u00e6nder eller i din hovedbund. Shampoobaren skummer med uimodst\u00e5elige dufte.<\/p>\n<p><strong>Opbevaring:<\/strong> Opbevares k\u00f8ligt og t\u00f8rt, helst i en veldr\u00e6net s\u00e6besk\u00e5l.<\/p>\n<p>* Fremstillet i Storbritannien * Rejsevenlig 60 g * cirka 40-60 vaske pr. stk. * Vegansk *<\/p>\n<p><span style=\"color: rgb(184, 49, 47);\"><strong>Lad ikke disse fantastiske shampoobarer glide dig ud af h\u00e6nderne. Tilf\u00f8j til dit e-shop-tilbud nu<\/strong><\/span>.<\/p>\n","protected":false},"excerpt":{"rendered":"<p>Sig farvel til en d\u00e5rlig h\u00e5rdag medAroma Sentia-ping Wild Hare Solid Shampoo 60g &#8211; Cherry Bonbon.&nbsp; Denne solide shampoobar vil efterlade dine kunders h\u00e5r utroligt bl\u00f8dt, velplejet, skinnende og fri for ophobning. Fungerer godt i h\u00e5rdt vand. Wild Hare shampoobarer er ogs\u00e5 velegnede til vegetarer og veganere, og de er ogs\u00e5 plastikfri, palmeoliefri, SLS-, SLES- [&hellip;]<\/p>\n","protected":false},"featured_media":301891,"comment_status":"closed","ping_status":"open","template":"","meta":{"_angie_page":false},"product_brand":[27165],"product_cat":[6994,7274],"product_tag":[],"class_list":{"0":"post-202563","1":"product","2":"type-product","3":"status-publish","4":"has-post-thumbnail","6":"product_brand-wild-hare","7":"product_cat-bad-og-bruser","8":"product_cat-harpleje","9":"pa_collection-wild-hare-solid-shampoo-60g-da","10":"pa_made-in-storbritannien","11":"pa_size-60g","13":"first","14":"instock","15":"purchasable","16":"product-type-simple"},"supplier_id":null,"supplier_sku":"WHSS-05","barcode":null,"atum_controlled":true,"out_stock_date":null,"out_stock_threshold":null,"inheritable":false,"inbound_stock":null,"stock_on_hold":0,"sold_today":0,"sales_last_days":0,"reserved_stock":null,"customer_returns":null,"warehouse_damage":null,"lost_in_post":null,"other_logs":null,"out_stock_days":0,"lost_sales":0,"has_location":null,"update_date":"2026-04-27T07:27:07","atum_locations":[],"atum_stock_status":"instock","restock_status":false,"low_stock_amount":"","sales_update_date":"2025-09-05T00:21:23","calc_backorders":null,"_links":{"self":[{"href":"https:\/\/aromasentia.com\/da\/wp-json\/wp\/v2\/product\/202563","targetHints":{"allow":["GET"]}}],"collection":[{"href":"https:\/\/aromasentia.com\/da\/wp-json\/wp\/v2\/product"}],"about":[{"href":"https:\/\/aromasentia.com\/da\/wp-json\/wp\/v2\/types\/product"}],"replies":[{"embeddable":true,"href":"https:\/\/aromasentia.com\/da\/wp-json\/wp\/v2\/comments?post=202563"}],"version-history":[{"count":0,"href":"https:\/\/aromasentia.com\/da\/wp-json\/wp\/v2\/product\/202563\/revisions"}],"wp:featuredmedia":[{"embeddable":true,"href":"https:\/\/aromasentia.com\/da\/wp-json\/wp\/v2\/media\/301891"}],"wp:attachment":[{"href":"https:\/\/aromasentia.com\/da\/wp-json\/wp\/v2\/media?parent=202563"}],"wp:term":[{"taxonomy":"product_brand","embeddable":true,"href":"https:\/\/aromasentia.com\/da\/wp-json\/wp\/v2\/product_brand?post=202563"},{"taxonomy":"product_cat","embeddable":true,"href":"https:\/\/aromasentia.com\/da\/wp-json\/wp\/v2\/product_cat?post=202563"},{"taxonomy":"product_tag","embeddable":true,"href":"https:\/\/aromasentia.com\/da\/wp-json\/wp\/v2\/product_tag?post=202563"}],"curies":[{"name":"wp","href":"https:\/\/api.w.org\/{rel}","templated":true}]}}