{"id":202554,"date":"2025-03-21T00:57:13","date_gmt":"2025-03-21T00:57:13","guid":{"rendered":"https:\/\/aromasentia.com\/product\/christmas-wish-list-christmas-bath-bomb-gift-pack\/"},"modified":"2025-06-22T03:55:13","modified_gmt":"2025-06-22T03:55:13","slug":"juleoenskeliste-julegavepakke-med-badebomber","status":"publish","type":"product","link":"https:\/\/aromasentia.com\/da\/juleoenskeliste-julegavepakke-med-badebomber\/","title":{"rendered":"Jule\u00f8nskeliste JuleGavepakke med Badebomber"},"content":{"rendered":"<p><span style=\"color: rgb(75, 80, 88);\">G\u00f8r dig klar til at l\u00f8fte julestemningen og sprede en seri\u00f8s julestemning med denne fantastiske <strong>jule\u00f8nskeliste julebadebombe gavepakke.<\/strong><\/span><\/p>\n<p><span style=\"color: rgb(75, 80, 88);\">Uanset om du er en detailhandler, der \u00f8nsker at fylde dine hylder med julemagi, eller en virksomhedsejer, der planl\u00e6gger uforglemmelige firmagaver, er vores julebadebombe gavepakke dit foretrukne valg.<\/span><\/p>\n<p><span style=\"color: rgb(75, 80, 88);\"><em>Dette s\u00e6t indeholder:<\/em><\/span><\/p>\n<p><span style=\"color: rgb(75, 80, 88);\"><strong>1x Snefnug Badebombe<\/strong> (80 g) med duften: White Christmas<\/span><\/p>\n<p><span style=\"color: rgb(235, 107, 86);\">Top Noter: Eukalyptus &#8211; Mint Orange<\/span><\/p>\n<p><span style=\"color: rgb(235, 107, 86);\">Hjertenoter: Lilje &#8211; Hyacint &#8211; Orkid\u00e9 &#8211; Rose &#8211; Jord &#8211; Hindb\u00e6r &#8211; Jordb\u00e6r &#8211; Bromb\u00e6r &#8211; Cassis &#8211; Ananas &#8211; Syren &#8211; Vin<\/span><\/p>\n<p><span style=\"color: rgb(235, 107, 86);\">Basenoter: Cedertr\u00e6 &#8211; Rav &#8211; Moskus &#8211; Br\u00e6ndt sukker &#8211; Vanilje<\/span><\/p>\n<p><span style=\"color: rgb(75, 80, 88);\"><strong>1x Stjernebadebomber<\/strong> (50g) med duften: Hyggelige vintern\u00e6tter<\/span><\/p>\n<p><span style=\"color: rgb(235, 107, 86);\">Topnoter: Kanel &#8211; Nellike<\/span><\/p>\n<p><span style=\"color: rgb(235, 107, 86);\">Hjertenoter Noter: Jasmin &#8211; Viol &#8211; Rose<\/span><\/p>\n<p><span style=\"color: rgb(235, 107, 86);\">Basenoter: Cashmere &#8211; Tr\u00e6 &#8211; Moskus &#8211; Vanilje &#8211; Safran<\/span><\/p>\n<p><span style=\"color: rgb(75, 80, 88);\"><strong>1x Juletr\u00e6sbadebombe<\/strong> (75 g) med duften: Festive Morning<\/span><\/p>\n<p><span style=\"color: rgb(235, 107, 86);\">Topnoter: Ruskind &#8211; Pink peber &#8211; Violblade &#8211; Safran<\/span><\/p>\n<p><span style=\"color: rgb(235, 107, 86);\">Hjertenoter: Lilje &#8211; Jasmin &#8211; Iris &#8211; Kanel<\/span><\/p>\n<p><span style=\"color: rgb(235, 107, 86);\">Basenoter: L\u00e6der &#8211; Patchouli &#8211; Sandeltr\u00e6 &#8211; Rav &#8211; Fl\u00f8jlstr\u00e6 &#8211; Agarwood<\/span><\/p>\n<p><span style=\"color: rgb(75, 80, 88);\"><strong>1x Gingerbread House Badebombe<\/strong> (80 g) med duften: Varm Gingerbread<\/span><\/p>\n<p><span style=\"color: rgb(235, 107, 86);\">Topnoter: Appelsin &#8211; Kanel<\/span><\/p>\n<p><span style=\"color: rgb(235, 107, 86);\">Hjertenoter: Ingef\u00e6r Krydderier<\/span><\/p>\n<p><span style=\"color: rgb(235, 107, 86);\">Basenoter: Sm\u00f8rkiks &#8211; Sukker &#8211; Vanilje.<\/span><\/p>\n<p><span style=\"color: rgb(75, 80, 88);\"><em>Individuelt krympeindpakket<\/em> <\/span><\/p>\n","protected":false},"excerpt":{"rendered":"<p>G\u00f8r dig klar til at l\u00f8fte julestemningen og sprede en seri\u00f8s julestemning med denne fantastiske jule\u00f8nskeliste julebadebombe gavepakke. Uanset om du er en detailhandler, der \u00f8nsker at fylde dine hylder med julemagi, eller en virksomhedsejer, der planl\u00e6gger uforglemmelige firmagaver, er vores julebadebombe gavepakke dit foretrukne valg. Dette s\u00e6t indeholder: 1x Snefnug Badebombe (80 g) med [&hellip;]<\/p>\n","protected":false},"featured_media":668479,"comment_status":"closed","ping_status":"open","template":"","meta":{"_angie_page":false},"product_brand":[],"product_cat":[6994,7029,7162,27378],"product_tag":[],"class_list":{"0":"post-202554","1":"product","2":"type-product","3":"status-publish","4":"has-post-thumbnail","6":"product_cat-bad-og-bruser","7":"product_cat-badebomber","8":"product_cat-gavesaet","9":"product_cat-juledufte","10":"pa_collection-christmas-bath-bomb-gift-pack-da","11":"pa_made-in-storbritannien","13":"first","14":"instock","15":"purchasable","16":"product-type-simple"},"supplier_id":null,"supplier_sku":"XBB-05","barcode":null,"atum_controlled":true,"out_stock_date":null,"out_stock_threshold":null,"inheritable":false,"inbound_stock":0,"stock_on_hold":0,"sold_today":0,"sales_last_days":0,"reserved_stock":0,"customer_returns":0,"warehouse_damage":0,"lost_in_post":0,"other_logs":0,"out_stock_days":0,"lost_sales":0,"has_location":false,"update_date":"2026-04-27T07:27:23","atum_locations":[],"atum_stock_status":"instock","restock_status":false,"low_stock_amount":"","sales_update_date":"2026-01-30T01:26:35","calc_backorders":null,"_links":{"self":[{"href":"https:\/\/aromasentia.com\/da\/wp-json\/wp\/v2\/product\/202554","targetHints":{"allow":["GET"]}}],"collection":[{"href":"https:\/\/aromasentia.com\/da\/wp-json\/wp\/v2\/product"}],"about":[{"href":"https:\/\/aromasentia.com\/da\/wp-json\/wp\/v2\/types\/product"}],"replies":[{"embeddable":true,"href":"https:\/\/aromasentia.com\/da\/wp-json\/wp\/v2\/comments?post=202554"}],"version-history":[{"count":0,"href":"https:\/\/aromasentia.com\/da\/wp-json\/wp\/v2\/product\/202554\/revisions"}],"wp:featuredmedia":[{"embeddable":true,"href":"https:\/\/aromasentia.com\/da\/wp-json\/wp\/v2\/media\/668479"}],"wp:attachment":[{"href":"https:\/\/aromasentia.com\/da\/wp-json\/wp\/v2\/media?parent=202554"}],"wp:term":[{"taxonomy":"product_brand","embeddable":true,"href":"https:\/\/aromasentia.com\/da\/wp-json\/wp\/v2\/product_brand?post=202554"},{"taxonomy":"product_cat","embeddable":true,"href":"https:\/\/aromasentia.com\/da\/wp-json\/wp\/v2\/product_cat?post=202554"},{"taxonomy":"product_tag","embeddable":true,"href":"https:\/\/aromasentia.com\/da\/wp-json\/wp\/v2\/product_tag?post=202554"}],"curies":[{"name":"wp","href":"https:\/\/api.w.org\/{rel}","templated":true}]}}