{"id":202552,"date":"2025-03-21T00:57:13","date_gmt":"2025-03-21T00:57:13","guid":{"rendered":"https:\/\/aromasentia.com\/product\/hemu-wood-soap-dish-piano\/"},"modified":"2025-06-22T03:55:12","modified_gmt":"2025-06-22T03:55:12","slug":"hemu-trae-saebeskaal-piano","status":"publish","type":"product","link":"https:\/\/aromasentia.com\/da\/hemu-trae-saebeskaal-piano\/","title":{"rendered":"Hemu Tr\u00e6 S\u00e6besk\u00e5l &#8211; Piano"},"content":{"rendered":"<p>Flotte, moderne designs, meget godt lavet af hemu-tr\u00e6!<\/p>\n<p>Disse enkle <strong>s\u00e6beklaver<\/strong><strong>&nbsp;<\/strong><strong>sk\u00e5le<\/strong> i tr\u00e6 vil holde dine naturlige h\u00e5ndlavede s\u00e6ber dr\u00e6net godt mellem brug, hvilket f\u00e5r s\u00e6ben til at forblive t\u00f8r og holde l\u00e6ngere.<\/p>\n<p>Slut med bl\u00f8de s\u00e6besk\u00e5le! Denne sk\u00e5l tillader luft at cirkulere rundt om s\u00e6ben for at hj\u00e6lpe den med at t\u00f8rre ud mellem brug. Hemu-tr\u00e6 er b\u00e6redygtigt tr\u00e6, der er udvundet fra Guger-tr\u00e6et i Kina. Bestil i dag for at f\u00e5 disse fantastiske s\u00e6besk\u00e5le&#8230;<\/p>\n","protected":false},"excerpt":{"rendered":"<p>Flotte, moderne designs, meget godt lavet af hemu-tr\u00e6! Disse enkle s\u00e6beklaver&nbsp;sk\u00e5le i tr\u00e6 vil holde dine naturlige h\u00e5ndlavede s\u00e6ber dr\u00e6net godt mellem brug, hvilket f\u00e5r s\u00e6ben til at forblive t\u00f8r og holde l\u00e6ngere. Slut med bl\u00f8de s\u00e6besk\u00e5le! Denne sk\u00e5l tillader luft at cirkulere rundt om s\u00e6ben for at hj\u00e6lpe den med at t\u00f8rre ud mellem [&hellip;]<\/p>\n","protected":false},"featured_media":302164,"comment_status":"closed","ping_status":"open","template":"","meta":{"_angie_page":false},"product_brand":[],"product_cat":[6994,8052],"product_tag":[],"class_list":{"0":"post-202552","1":"product","2":"type-product","3":"status-publish","4":"has-post-thumbnail","6":"product_cat-bad-og-bruser","7":"product_cat-saebeskale-og-saebedispensere","8":"pa_collection-wooden-soap-dishes-da","9":"pa_made-in-kina","11":"first","12":"instock","13":"purchasable","14":"product-type-simple"},"supplier_id":null,"supplier_sku":"WSoapD-14","barcode":null,"atum_controlled":true,"out_stock_date":null,"out_stock_threshold":null,"inheritable":false,"inbound_stock":0,"stock_on_hold":0,"sold_today":0,"sales_last_days":0,"reserved_stock":0,"customer_returns":0,"warehouse_damage":0,"lost_in_post":0,"other_logs":0,"out_stock_days":0,"lost_sales":0,"has_location":false,"update_date":"2026-04-27T07:27:13","atum_locations":[],"atum_stock_status":"instock","restock_status":false,"low_stock_amount":"","sales_update_date":"2026-02-06T00:02:34","calc_backorders":null,"_links":{"self":[{"href":"https:\/\/aromasentia.com\/da\/wp-json\/wp\/v2\/product\/202552","targetHints":{"allow":["GET"]}}],"collection":[{"href":"https:\/\/aromasentia.com\/da\/wp-json\/wp\/v2\/product"}],"about":[{"href":"https:\/\/aromasentia.com\/da\/wp-json\/wp\/v2\/types\/product"}],"replies":[{"embeddable":true,"href":"https:\/\/aromasentia.com\/da\/wp-json\/wp\/v2\/comments?post=202552"}],"version-history":[{"count":0,"href":"https:\/\/aromasentia.com\/da\/wp-json\/wp\/v2\/product\/202552\/revisions"}],"wp:featuredmedia":[{"embeddable":true,"href":"https:\/\/aromasentia.com\/da\/wp-json\/wp\/v2\/media\/302164"}],"wp:attachment":[{"href":"https:\/\/aromasentia.com\/da\/wp-json\/wp\/v2\/media?parent=202552"}],"wp:term":[{"taxonomy":"product_brand","embeddable":true,"href":"https:\/\/aromasentia.com\/da\/wp-json\/wp\/v2\/product_brand?post=202552"},{"taxonomy":"product_cat","embeddable":true,"href":"https:\/\/aromasentia.com\/da\/wp-json\/wp\/v2\/product_cat?post=202552"},{"taxonomy":"product_tag","embeddable":true,"href":"https:\/\/aromasentia.com\/da\/wp-json\/wp\/v2\/product_tag?post=202552"}],"curies":[{"name":"wp","href":"https:\/\/api.w.org\/{rel}","templated":true}]}}