{"id":202548,"date":"2025-03-21T00:57:40","date_gmt":"2025-03-21T00:57:40","guid":{"rendered":"https:\/\/aromasentia.com\/product\/gingerbread-town-christmas-bath-bomb-gift-pack\/"},"modified":"2025-06-22T03:55:09","modified_gmt":"2025-06-22T03:55:09","slug":"gingerbread-town-christmas-badebombe-gift-pack","status":"publish","type":"product","link":"https:\/\/aromasentia.com\/da\/gingerbread-town-christmas-badebombe-gift-pack\/","title":{"rendered":"gingerbread Town Christmas Badebombe Gift Pack"},"content":{"rendered":"<p><span style=\"color: rgb(75, 80, 88);\">G\u00f8r dig klar til at l\u00f8fte julestemningen og sprede en seri\u00f8s julestemning med denne fantastiske <strong>Gingerbread Town julebadebombe gavepakke. <\/strong><\/span><\/p>\n<p><span style=\"color: rgb(75, 80, 88);\">Uanset om du er en detailhandler, der \u00f8nsker at fylde dine hylder med julemagi, eller en virksomhedsejer, der planl\u00e6gger uforglemmelige firmagaver, er vores julebadebombe-gavepakke dit foretrukne valg.<\/span><\/p>\n<p><span style=\"color: rgb(75, 80, 88);\">Dette s\u00e6t indeholder:<\/span><\/p>\n<p><span style=\"color: rgb(75, 80, 88);\"><strong>2x juletr\u00e6sbadebomber<\/strong> (75 g hver) med duften: <em>Festlig morgen<\/em><\/span><\/p>\n<p><span style=\"color: rgb(235, 107, 86);\">Topnoter: Ruskind &#8211; Pink peber &#8211; Violblade &#8211; Safran<\/span><\/p>\n<p><span style=\"color: rgb(235, 107, 86);\">Hjertenoter: Lilje &#8211; Jasmin &#8211; Iris &#8211; Kanel<\/span><\/p>\n<p><span style=\"color: rgb(235, 107, 86);\">Basenoter: L\u00e6der &#8211; Patchouli &#8211; Sandeltr\u00e6 &#8211; Rav &#8211; Fl\u00f8jlstr\u00e6 &#8211; Agartr\u00e6<\/span><\/p>\n<p><span style=\"color: rgb(75, 80, 88);\"><strong>2x Gingerbread House Badebomber<\/strong> (80g hver) med duften: <em>Varm Gingerbread<\/em><\/span><\/p>\n<p><span style=\"color: rgb(75, 80, 88);\">Top<\/span><span style=\"color: rgb(235, 107, 86);\">Op-noter: Appelsin &#8211; Kanel<\/span><\/p>\n<p><span style=\"color: rgb(235, 107, 86);\">Hjertenoter: Ingef\u00e6r Krydderier<\/span><\/p>\n<p><span style=\"color: rgb(235, 107, 86);\">Basenoter: Sm\u00f8rkiks &#8211; Sukker &#8211; Vanilje<\/span><\/p>\n<p><span style=\"color: rgb(75, 80, 88);\"><em>.Individuelt krympeindpakket<\/em><\/span><\/p>\n","protected":false},"excerpt":{"rendered":"<p>G\u00f8r dig klar til at l\u00f8fte julestemningen og sprede en seri\u00f8s julestemning med denne fantastiske Gingerbread Town julebadebombe gavepakke. Uanset om du er en detailhandler, der \u00f8nsker at fylde dine hylder med julemagi, eller en virksomhedsejer, der planl\u00e6gger uforglemmelige firmagaver, er vores julebadebombe-gavepakke dit foretrukne valg. Dette s\u00e6t indeholder: 2x juletr\u00e6sbadebomber (75 g hver) med [&hellip;]<\/p>\n","protected":false},"featured_media":668521,"comment_status":"closed","ping_status":"open","template":"","meta":{"_angie_page":false},"product_brand":[],"product_cat":[6994,7029,25839,7162,25949,27378,26886],"product_tag":[],"class_list":{"0":"post-202548","1":"product","2":"type-product","3":"status-publish","4":"has-post-thumbnail","6":"product_cat-bad-og-bruser","7":"product_cat-badebomber","8":"product_cat-dufte-aromaer","9":"product_cat-gavesaet","10":"product_cat-ingefaer-dufte-aromaer","11":"product_cat-juledufte","12":"product_cat-krydret","13":"pa_collection-christmas-bath-bomb-gift-pack-da","14":"pa_made-in-storbritannien","16":"first","17":"instock","18":"purchasable","19":"product-type-simple"},"supplier_id":null,"supplier_sku":"XBB-01","barcode":null,"atum_controlled":true,"out_stock_date":null,"out_stock_threshold":null,"inheritable":false,"inbound_stock":0,"stock_on_hold":0,"sold_today":0,"sales_last_days":0,"reserved_stock":0,"customer_returns":0,"warehouse_damage":0,"lost_in_post":0,"other_logs":0,"out_stock_days":0,"lost_sales":0,"has_location":false,"update_date":"2026-04-27T07:27:18","atum_locations":[],"atum_stock_status":"instock","restock_status":false,"low_stock_amount":"","sales_update_date":"2026-01-30T01:26:36","calc_backorders":null,"_links":{"self":[{"href":"https:\/\/aromasentia.com\/da\/wp-json\/wp\/v2\/product\/202548","targetHints":{"allow":["GET"]}}],"collection":[{"href":"https:\/\/aromasentia.com\/da\/wp-json\/wp\/v2\/product"}],"about":[{"href":"https:\/\/aromasentia.com\/da\/wp-json\/wp\/v2\/types\/product"}],"replies":[{"embeddable":true,"href":"https:\/\/aromasentia.com\/da\/wp-json\/wp\/v2\/comments?post=202548"}],"version-history":[{"count":0,"href":"https:\/\/aromasentia.com\/da\/wp-json\/wp\/v2\/product\/202548\/revisions"}],"wp:featuredmedia":[{"embeddable":true,"href":"https:\/\/aromasentia.com\/da\/wp-json\/wp\/v2\/media\/668521"}],"wp:attachment":[{"href":"https:\/\/aromasentia.com\/da\/wp-json\/wp\/v2\/media?parent=202548"}],"wp:term":[{"taxonomy":"product_brand","embeddable":true,"href":"https:\/\/aromasentia.com\/da\/wp-json\/wp\/v2\/product_brand?post=202548"},{"taxonomy":"product_cat","embeddable":true,"href":"https:\/\/aromasentia.com\/da\/wp-json\/wp\/v2\/product_cat?post=202548"},{"taxonomy":"product_tag","embeddable":true,"href":"https:\/\/aromasentia.com\/da\/wp-json\/wp\/v2\/product_tag?post=202548"}],"curies":[{"name":"wp","href":"https:\/\/api.w.org\/{rel}","templated":true}]}}