{"id":202547,"date":"2025-03-21T00:57:40","date_gmt":"2025-03-21T00:57:40","guid":{"rendered":"https:\/\/aromasentia.com\/product\/silent-night-christmas-bath-bomb-gift-pack\/"},"modified":"2025-06-22T03:55:08","modified_gmt":"2025-06-22T03:55:08","slug":"silent-night-christmas-badebombe-gift-pack","status":"publish","type":"product","link":"https:\/\/aromasentia.com\/da\/silent-night-christmas-badebombe-gift-pack\/","title":{"rendered":"Silent Night Christmas Badebombe Gift Pack"},"content":{"rendered":"<p><span style=\"color: rgb(75, 80, 88);\">G\u00f8r dig klar til at l\u00f8fte julestemningen og sprede nogle seri\u00f8se julestemninger med denne fantastiske <strong>Silent Night Christmas Bath Bomb Gift Pack<\/strong>.<\/span><\/p>\n<p><span style=\"color: rgb(75, 80, 88);\">Uanset om du er en detailhandler, der \u00f8nsker at fylde dine hylder med julemagi, eller en virksomhedsejer, der planl\u00e6gger uforglemmelige firmagaver, er vores Christmas Bath Bomb Gift Pack dit foretrukne valg.<\/span><\/p>\n<p><span style=\"color: rgb(75, 80, 88);\"><em>Dette s\u00e6t indeholder:<\/em><\/span><\/p>\n<p><span style=\"color: rgb(75, 80, 88);\"><strong>2x Christmas Tree Bath Bombs<\/strong> (75g hver) med duften: Festive Morning<\/span><\/p>\n<p><span style=\"color: rgb(235, 107, 86);\">Topnoter: Ruskind &#8211; Pink peber &#8211; Violblade &#8211; Safran<\/span><\/p>\n<p><span style=\"color: rgb(235, 107, 86);\">Hjertenoter: Lilje &#8211; Jasmin &#8211; Iris &#8211; Kanel<\/span><\/p>\n<p><span style=\"color: rgb(235, 107, 86);\">Basenoter: L\u00e6der &#8211; Patchouli &#8211; Sandeltr\u00e6 &#8211; Rav &#8211; Fl\u00f8jlstr\u00e6 &#8211; Agartr\u00e6<\/span><\/p>\n<p><span style=\"color: rgb(75, 80, 88);\"><strong>2x Stjernebadebomber (50g hver) med duften:<\/strong><em>Hyggelige vintern\u00e6tter<\/em><\/span><\/p>\n<p><span style=\"color: rgb(235, 107, 86);\">Topnoter: Kanel &#8211; Nellike<\/span><\/p>\n<p><span style=\"color: rgb(235, 107, 86);\">Hjerte Noter: Jasmin &#8211; Viol &#8211; Rose<\/span><\/p>\n<p><span style=\"color: rgb(235, 107, 86);\">Basenoter: Cashmere &#8211; Tr\u00e6 &#8211; Moskus &#8211; Vanilje &#8211; Safran<\/span><\/p>\n<p><span style=\"color: rgb(75, 80, 88);\">Individuelt indpakket i krympefolie<\/span><\/p>\n","protected":false},"excerpt":{"rendered":"<p>G\u00f8r dig klar til at l\u00f8fte julestemningen og sprede nogle seri\u00f8se julestemninger med denne fantastiske Silent Night Christmas Bath Bomb Gift Pack. Uanset om du er en detailhandler, der \u00f8nsker at fylde dine hylder med julemagi, eller en virksomhedsejer, der planl\u00e6gger uforglemmelige firmagaver, er vores Christmas Bath Bomb Gift Pack dit foretrukne valg. Dette s\u00e6t [&hellip;]<\/p>\n","protected":false},"featured_media":668598,"comment_status":"closed","ping_status":"open","template":"","meta":[],"product_brand":[],"product_cat":[6994,7029,7162,27378],"product_tag":[],"class_list":{"0":"post-202547","1":"product","2":"type-product","3":"status-publish","4":"has-post-thumbnail","6":"product_cat-bad-og-bruser","7":"product_cat-badebomber","8":"product_cat-gavesaet","9":"product_cat-juledufte","10":"pa_collection-christmas-bath-bomb-gift-pack-da","11":"pa_made-in-storbritannien","13":"first","14":"instock","15":"purchasable","16":"product-type-simple"},"supplier_id":null,"supplier_sku":"XBB-02","barcode":null,"atum_controlled":true,"out_stock_date":null,"out_stock_threshold":null,"inheritable":false,"inbound_stock":0,"stock_on_hold":0,"sold_today":0,"sales_last_days":0,"reserved_stock":0,"customer_returns":0,"warehouse_damage":0,"lost_in_post":0,"other_logs":0,"out_stock_days":0,"lost_sales":0,"has_location":false,"update_date":"2026-01-30T01:26:36","atum_locations":[],"atum_stock_status":"instock","restock_status":false,"low_stock_amount":"","sales_update_date":"2026-01-30T01:26:36","calc_backorders":null,"_links":{"self":[{"href":"https:\/\/aromasentia.com\/da\/wp-json\/wp\/v2\/product\/202547","targetHints":{"allow":["GET"]}}],"collection":[{"href":"https:\/\/aromasentia.com\/da\/wp-json\/wp\/v2\/product"}],"about":[{"href":"https:\/\/aromasentia.com\/da\/wp-json\/wp\/v2\/types\/product"}],"replies":[{"embeddable":true,"href":"https:\/\/aromasentia.com\/da\/wp-json\/wp\/v2\/comments?post=202547"}],"version-history":[{"count":0,"href":"https:\/\/aromasentia.com\/da\/wp-json\/wp\/v2\/product\/202547\/revisions"}],"wp:featuredmedia":[{"embeddable":true,"href":"https:\/\/aromasentia.com\/da\/wp-json\/wp\/v2\/media\/668598"}],"wp:attachment":[{"href":"https:\/\/aromasentia.com\/da\/wp-json\/wp\/v2\/media?parent=202547"}],"wp:term":[{"taxonomy":"product_brand","embeddable":true,"href":"https:\/\/aromasentia.com\/da\/wp-json\/wp\/v2\/product_brand?post=202547"},{"taxonomy":"product_cat","embeddable":true,"href":"https:\/\/aromasentia.com\/da\/wp-json\/wp\/v2\/product_cat?post=202547"},{"taxonomy":"product_tag","embeddable":true,"href":"https:\/\/aromasentia.com\/da\/wp-json\/wp\/v2\/product_tag?post=202547"}],"curies":[{"name":"wp","href":"https:\/\/api.w.org\/{rel}","templated":true}]}}