{"id":202544,"date":"2025-03-21T00:58:15","date_gmt":"2025-03-21T00:58:15","guid":{"rendered":"https:\/\/aromasentia.com\/product\/zen-shower-steamers-therapy-wellness-quartet-energising-orange\/"},"modified":"2025-06-22T03:55:07","modified_gmt":"2025-06-22T03:55:07","slug":"zen-shower-steamers-therapy-wellness-quartet-energising-orange","status":"publish","type":"product","link":"https:\/\/aromasentia.com\/da\/zen-shower-steamers-therapy-wellness-quartet-energising-orange\/","title":{"rendered":"Zen Shower Steamers &#8211; Therapy Wellness Quartet &#8211; Energising (Orange)"},"content":{"rendered":"<p>? Fremstillet i Sheffield, Storbritannien&nbsp;<\/p>\n<p>? Helt naturlige \u00e6teriske olier: Pebermynte, Frankincense, Citron + Traneb\u00e6rfr\u00f8 &nbsp;<\/p>\n<p>? Vegansk og cruelty-free&nbsp;<\/p>\n<p>? Balanceret og jordn\u00e6rende aroma&nbsp;<\/p>\n<p>?Hvert s\u00e6t indeholder 4 steamere til brusere<\/p>\n<p>? V\u00e6gt af \u00e9n steamer &#8211; 50 g<\/p>\n<p>Pakket i en gave\u00e6ske, er dette s\u00e6t ideelt til gave og et must-have til din butik. Individuelt krympeindpakket.<\/p>\n","protected":false},"excerpt":{"rendered":"<p>? Fremstillet i Sheffield, Storbritannien&nbsp; ? Helt naturlige \u00e6teriske olier: Pebermynte, Frankincense, Citron + Traneb\u00e6rfr\u00f8 &nbsp; ? Vegansk og cruelty-free&nbsp; ? Balanceret og jordn\u00e6rende aroma&nbsp; ?Hvert s\u00e6t indeholder 4 steamere til brusere ? V\u00e6gt af \u00e9n steamer &#8211; 50 g Pakket i en gave\u00e6ske, er dette s\u00e6t ideelt til gave og et must-have til din [&hellip;]<\/p>\n","protected":false},"featured_media":302559,"comment_status":"closed","ping_status":"open","template":"","meta":{"_angie_page":false},"product_brand":[],"product_cat":[6994],"product_tag":[],"class_list":{"0":"post-202544","1":"product","2":"type-product","3":"status-publish","4":"has-post-thumbnail","6":"product_cat-bad-og-bruser","7":"pa_made-in-storbritannien","9":"first","10":"instock","11":"purchasable","12":"product-type-simple"},"supplier_id":null,"supplier_sku":"ZenSS-05","barcode":null,"atum_controlled":true,"out_stock_date":null,"out_stock_threshold":null,"inheritable":false,"inbound_stock":0,"stock_on_hold":0,"sold_today":0,"sales_last_days":0,"reserved_stock":0,"customer_returns":0,"warehouse_damage":0,"lost_in_post":0,"other_logs":0,"out_stock_days":15,"lost_sales":0,"has_location":false,"update_date":"2026-04-30T13:08:37","atum_locations":[],"atum_stock_status":"instock","restock_status":false,"low_stock_amount":"","sales_update_date":"2026-01-30T01:24:42","calc_backorders":null,"_links":{"self":[{"href":"https:\/\/aromasentia.com\/da\/wp-json\/wp\/v2\/product\/202544","targetHints":{"allow":["GET"]}}],"collection":[{"href":"https:\/\/aromasentia.com\/da\/wp-json\/wp\/v2\/product"}],"about":[{"href":"https:\/\/aromasentia.com\/da\/wp-json\/wp\/v2\/types\/product"}],"replies":[{"embeddable":true,"href":"https:\/\/aromasentia.com\/da\/wp-json\/wp\/v2\/comments?post=202544"}],"version-history":[{"count":0,"href":"https:\/\/aromasentia.com\/da\/wp-json\/wp\/v2\/product\/202544\/revisions"}],"wp:featuredmedia":[{"embeddable":true,"href":"https:\/\/aromasentia.com\/da\/wp-json\/wp\/v2\/media\/302559"}],"wp:attachment":[{"href":"https:\/\/aromasentia.com\/da\/wp-json\/wp\/v2\/media?parent=202544"}],"wp:term":[{"taxonomy":"product_brand","embeddable":true,"href":"https:\/\/aromasentia.com\/da\/wp-json\/wp\/v2\/product_brand?post=202544"},{"taxonomy":"product_cat","embeddable":true,"href":"https:\/\/aromasentia.com\/da\/wp-json\/wp\/v2\/product_cat?post=202544"},{"taxonomy":"product_tag","embeddable":true,"href":"https:\/\/aromasentia.com\/da\/wp-json\/wp\/v2\/product_tag?post=202544"}],"curies":[{"name":"wp","href":"https:\/\/api.w.org\/{rel}","templated":true}]}}