{"id":202540,"date":"2025-03-21T11:18:04","date_gmt":"2025-03-21T11:18:04","guid":{"rendered":"https:\/\/aromasentia.com\/product\/kilner-jar-candle-moroccan-roll\/"},"modified":"2025-06-22T03:55:02","modified_gmt":"2025-06-22T03:55:02","slug":"kilner-lys-i-krukke-marokkansk-rulle","status":"publish","type":"product","link":"https:\/\/aromasentia.com\/da\/kilner-lys-i-krukke-marokkansk-rulle\/","title":{"rendered":"Kilner Lys i Krukke &#8211; marokkansk Rulle"},"content":{"rendered":"<p>Vi er stolte af at introducere en ny serie af <strong>Aroma Sentia &#8211; ping sojavokslys<\/strong>, som er lavet af hydrogeneret sojab\u00f8nneolie og fri for syntetisk voks eller paraffin.<\/p>\n<p>Disse <strong>Kilner Jar-d\u00e5ser<\/strong><strong> &#8211; Moroccan Roll<\/strong> leveres i store, genbrugsglas <strong>(400 ml)<\/strong>, der kan genbruges, og er pakket p\u00e6nt med et specielt st\u00f8vd\u00e6ksel.<\/p>\n<p>Opgrader din og dine kunders stearinlyslevetid. Sojavoks er et perfekt <strong>milj\u00f8venligt alternativ<\/strong>. Det er s\u00e5 meget renere og mere naturligt end paraffinlys. Lidt dyrere, men det er det v\u00e6rd. Sojavokslys br\u00e6nder meget p\u00e6nere og efterlader minimale voksrester. Du kan f\u00e5 <strong>80 timers br\u00e6ndetid<\/strong> ud af disse lys.<\/p>\n<p>Designet til at v\u00e6re en flot og omsorgsfuld gave. Hvis du videres\u00e6lger stearinlys i din e-butik, b\u00f8r du absolut overveje at <strong>f\u00f8je dem til din portef\u00f8lje.<\/strong><\/p>\n","protected":false},"excerpt":{"rendered":"<p>Vi er stolte af at introducere en ny serie af Aroma Sentia &#8211; ping sojavokslys, som er lavet af hydrogeneret sojab\u00f8nneolie og fri for syntetisk voks eller paraffin. Disse Kilner Jar-d\u00e5ser &#8211; Moroccan Roll leveres i store, genbrugsglas (400 ml), der kan genbruges, og er pakket p\u00e6nt med et specielt st\u00f8vd\u00e6ksel. Opgrader din og dine [&hellip;]<\/p>\n","protected":false},"featured_media":302805,"comment_status":"closed","ping_status":"open","template":"","meta":[],"product_brand":[27084],"product_cat":[6251,7926],"product_tag":[],"class_list":{"0":"post-202540","1":"product","2":"type-product","3":"status-publish","4":"has-post-thumbnail","6":"product_brand-agnes-and-cat","7":"product_cat-lysestager-og-stearinlys","8":"product_cat-soja-duftlys","9":"pa_collection-kilner-jar-candles-400-ml-da","10":"pa_made-in-kina","12":"first","13":"instock","14":"purchasable","15":"product-type-simple"},"supplier_id":null,"supplier_sku":"ACKC-02","barcode":null,"atum_controlled":true,"out_stock_date":null,"out_stock_threshold":null,"inheritable":false,"inbound_stock":null,"stock_on_hold":0,"sold_today":0,"sales_last_days":0,"reserved_stock":null,"customer_returns":null,"warehouse_damage":null,"lost_in_post":null,"other_logs":null,"out_stock_days":0,"lost_sales":0,"has_location":null,"update_date":"2026-02-02T08:31:05","atum_locations":[],"atum_stock_status":"instock","restock_status":false,"low_stock_amount":"","sales_update_date":"2025-10-09T03:22:39","calc_backorders":null,"_links":{"self":[{"href":"https:\/\/aromasentia.com\/da\/wp-json\/wp\/v2\/product\/202540","targetHints":{"allow":["GET"]}}],"collection":[{"href":"https:\/\/aromasentia.com\/da\/wp-json\/wp\/v2\/product"}],"about":[{"href":"https:\/\/aromasentia.com\/da\/wp-json\/wp\/v2\/types\/product"}],"replies":[{"embeddable":true,"href":"https:\/\/aromasentia.com\/da\/wp-json\/wp\/v2\/comments?post=202540"}],"version-history":[{"count":0,"href":"https:\/\/aromasentia.com\/da\/wp-json\/wp\/v2\/product\/202540\/revisions"}],"wp:featuredmedia":[{"embeddable":true,"href":"https:\/\/aromasentia.com\/da\/wp-json\/wp\/v2\/media\/302805"}],"wp:attachment":[{"href":"https:\/\/aromasentia.com\/da\/wp-json\/wp\/v2\/media?parent=202540"}],"wp:term":[{"taxonomy":"product_brand","embeddable":true,"href":"https:\/\/aromasentia.com\/da\/wp-json\/wp\/v2\/product_brand?post=202540"},{"taxonomy":"product_cat","embeddable":true,"href":"https:\/\/aromasentia.com\/da\/wp-json\/wp\/v2\/product_cat?post=202540"},{"taxonomy":"product_tag","embeddable":true,"href":"https:\/\/aromasentia.com\/da\/wp-json\/wp\/v2\/product_tag?post=202540"}],"curies":[{"name":"wp","href":"https:\/\/api.w.org\/{rel}","templated":true}]}}