{"id":202536,"date":"2025-03-21T11:18:04","date_gmt":"2025-03-21T11:18:04","guid":{"rendered":"https:\/\/aromasentia.com\/product\/jam-jar-candle-clementine\/"},"modified":"2025-06-22T03:55:00","modified_gmt":"2025-06-22T03:55:00","slug":"lys-i-syltetoejskrukke-klementin","status":"publish","type":"product","link":"https:\/\/aromasentia.com\/da\/lys-i-syltetoejskrukke-klementin\/","title":{"rendered":"Lys I Syltet\u00f8jskrukke &#8211; Klementin"},"content":{"rendered":"<p>Vi er stolte af at introducere en ny serie af <strong>Aroma Sentia &#8211; ping sojavokslys<\/strong>, som er lavet af hydrogeneret sojab\u00f8nneolie og fri for syntetisk voks eller paraffin.<\/p>\n<p>Hver duft best\u00e5r af op til 36 forskellige elementer. Det er pr\u00e6cis det, der g\u00f8r dem s\u00e5 unikke og fantastiske.<\/p>\n<p>Disse Agnes&#038;Cat <strong>syltet\u00f8jslys &#8211; Clementine<\/strong> leveres i fine genbrugsglas (220 ml), der kan genbruges, n\u00e5r dit lys er br\u00e6ndt ud.<\/p>\n<p>Sojavoks er et perfekt <strong>milj\u00f8venligt alternativ<\/strong>. Det er s\u00e5 meget renere og br\u00e6nder l\u00e6ngere. Lidt dyrere, men det er det v\u00e6rd. Sojavokslys spreder duft smukt og efterlader minimale voksrester. Disse 100% naturlige lys producerer ogs\u00e5 95% mindre sod, de er veganske og ikke testet p\u00e5 dyr.<\/p>\n<p>Dette lys efterlader en frisk duft af<strong>saftige klementiner<\/strong>i rummet.<\/p>\n<p><strong><span style=\"color: rgb(243, 121, 52);\">Designet som en flot og omsorgsfuld gave. Hvis du videres\u00e6lger lys i din e-butik, b\u00f8r du absolut overveje at tilf\u00f8je dem til din portef\u00f8lje.<\/span><\/strong><\/p>\n","protected":false},"excerpt":{"rendered":"<p>Vi er stolte af at introducere en ny serie af Aroma Sentia &#8211; ping sojavokslys, som er lavet af hydrogeneret sojab\u00f8nneolie og fri for syntetisk voks eller paraffin. Hver duft best\u00e5r af op til 36 forskellige elementer. Det er pr\u00e6cis det, der g\u00f8r dem s\u00e5 unikke og fantastiske. Disse Agnes&#038;Cat syltet\u00f8jslys &#8211; Clementine leveres i [&hellip;]<\/p>\n","protected":false},"featured_media":302769,"comment_status":"closed","ping_status":"open","template":"","meta":[],"product_brand":[27084],"product_cat":[6251,7926],"product_tag":[],"class_list":{"0":"post-202536","1":"product","2":"type-product","3":"status-publish","4":"has-post-thumbnail","6":"product_brand-agnes-and-cat","7":"product_cat-lysestager-og-stearinlys","8":"product_cat-soja-duftlys","9":"pa_collection-soy-wax-jam-jar-candles-220-ml-da","10":"pa_made-in-kina","12":"first","13":"instock","14":"purchasable","15":"product-type-simple"},"supplier_id":null,"supplier_sku":"ACJJ-23","barcode":null,"atum_controlled":true,"out_stock_date":null,"out_stock_threshold":null,"inheritable":false,"inbound_stock":null,"stock_on_hold":0,"sold_today":0,"sales_last_days":0,"reserved_stock":null,"customer_returns":null,"warehouse_damage":null,"lost_in_post":null,"other_logs":null,"out_stock_days":0,"lost_sales":0,"has_location":null,"update_date":"2026-01-30T01:24:36","atum_locations":[],"atum_stock_status":"instock","restock_status":false,"low_stock_amount":"","sales_update_date":"2026-01-30T01:24:36","calc_backorders":null,"_links":{"self":[{"href":"https:\/\/aromasentia.com\/da\/wp-json\/wp\/v2\/product\/202536","targetHints":{"allow":["GET"]}}],"collection":[{"href":"https:\/\/aromasentia.com\/da\/wp-json\/wp\/v2\/product"}],"about":[{"href":"https:\/\/aromasentia.com\/da\/wp-json\/wp\/v2\/types\/product"}],"replies":[{"embeddable":true,"href":"https:\/\/aromasentia.com\/da\/wp-json\/wp\/v2\/comments?post=202536"}],"version-history":[{"count":0,"href":"https:\/\/aromasentia.com\/da\/wp-json\/wp\/v2\/product\/202536\/revisions"}],"wp:featuredmedia":[{"embeddable":true,"href":"https:\/\/aromasentia.com\/da\/wp-json\/wp\/v2\/media\/302769"}],"wp:attachment":[{"href":"https:\/\/aromasentia.com\/da\/wp-json\/wp\/v2\/media?parent=202536"}],"wp:term":[{"taxonomy":"product_brand","embeddable":true,"href":"https:\/\/aromasentia.com\/da\/wp-json\/wp\/v2\/product_brand?post=202536"},{"taxonomy":"product_cat","embeddable":true,"href":"https:\/\/aromasentia.com\/da\/wp-json\/wp\/v2\/product_cat?post=202536"},{"taxonomy":"product_tag","embeddable":true,"href":"https:\/\/aromasentia.com\/da\/wp-json\/wp\/v2\/product_tag?post=202536"}],"curies":[{"name":"wp","href":"https:\/\/api.w.org\/{rel}","templated":true}]}}