{"id":202520,"date":"2025-03-21T11:18:04","date_gmt":"2025-03-21T11:18:04","guid":{"rendered":"https:\/\/aromasentia.com\/product\/herb-garden-candles-rosemary\/"},"modified":"2025-06-22T03:54:48","modified_gmt":"2025-06-22T03:54:48","slug":"lys-til-urtehaven-rosmarin","status":"publish","type":"product","link":"https:\/\/aromasentia.com\/da\/lys-til-urtehaven-rosmarin\/","title":{"rendered":"Lys Til Urtehaven &#8211; Rosmarin"},"content":{"rendered":"<p>Lavet med ren rosmarin \u00e6terisk olie.<\/p>\n<p>Vi er stolte af at introducere en ny serie af <strong>Aroma Sentia-ping Agnes&amp;Cat &#8211; Rosmarin Sojab\u00f8nnevokslys<\/strong>, som er lavet af hydrogeneret sojab\u00f8nneolie og fri for syntetisk voks eller paraffin.<\/p>\n<p>Disse aromaterapi sojalys leveres i en fantastisk farverig krukke, der kan genbruges til blomster, n\u00e5r dit lys er br\u00e6ndt ud. De leveres med en metalfod og er pakket i en smuk gave\u00e6ske.<\/p>\n<p>Tr\u00e6v\u00e6gen laver den hyggelige knitrende lyd, du vil forelske dig i.<\/p>\n<p>Opgrader din og dine kunders stearinlyslevetid. Sojavoks er et perfekt milj\u00f8venligt alternativ. Det er s\u00e5 meget renere og mere naturligt end paraffinlys. Lidt dyrere, men det er det v\u00e6rd. Aromaterapi sojalys br\u00e6nder meget p\u00e6nere og efterlader minimale voksrester.<\/p>\n<p><strong>Designet til at v\u00e6re en flot og omsorgsfuld gave. Hvis du s\u00e6lger stearinlys i din e-butik, b\u00f8r du absolut overveje at tilf\u00f8je dem til dit tilbud.<\/strong><\/p>\n","protected":false},"excerpt":{"rendered":"<p>Lavet med ren rosmarin \u00e6terisk olie. Vi er stolte af at introducere en ny serie af Aroma Sentia-ping Agnes&amp;Cat &#8211; Rosmarin Sojab\u00f8nnevokslys, som er lavet af hydrogeneret sojab\u00f8nneolie og fri for syntetisk voks eller paraffin. Disse aromaterapi sojalys leveres i en fantastisk farverig krukke, der kan genbruges til blomster, n\u00e5r dit lys er br\u00e6ndt ud. [&hellip;]<\/p>\n","protected":false},"featured_media":302617,"comment_status":"closed","ping_status":"open","template":"","meta":[],"product_brand":[27084],"product_cat":[25839,6251,25987,7926,26858],"product_tag":[],"class_list":{"0":"post-202520","1":"product","2":"type-product","3":"status-publish","4":"has-post-thumbnail","6":"product_brand-agnes-and-cat","7":"product_cat-dufte-aromaer","8":"product_cat-lysestager-og-stearinlys","9":"product_cat-rosmarin","10":"product_cat-soja-duftlys","11":"product_cat-urte-aromatisk","12":"pa_collection-aromatherapy-soy-candles-210-g-wooden-wick-da","13":"pa_made-in-kina","15":"first","16":"outofstock","17":"purchasable","18":"product-type-simple"},"supplier_id":null,"supplier_sku":"ACHC-01","barcode":null,"atum_controlled":true,"out_stock_date":"2025-10-09 12:54:45","out_stock_threshold":null,"inheritable":false,"inbound_stock":null,"stock_on_hold":0,"sold_today":0,"sales_last_days":0,"reserved_stock":null,"customer_returns":null,"warehouse_damage":null,"lost_in_post":null,"other_logs":null,"out_stock_days":112,"lost_sales":0,"has_location":null,"update_date":"2026-01-30T01:25:21","atum_locations":[],"atum_stock_status":"outofstock","restock_status":false,"low_stock_amount":"","sales_update_date":"2026-01-30T01:25:21","calc_backorders":null,"_links":{"self":[{"href":"https:\/\/aromasentia.com\/da\/wp-json\/wp\/v2\/product\/202520","targetHints":{"allow":["GET"]}}],"collection":[{"href":"https:\/\/aromasentia.com\/da\/wp-json\/wp\/v2\/product"}],"about":[{"href":"https:\/\/aromasentia.com\/da\/wp-json\/wp\/v2\/types\/product"}],"replies":[{"embeddable":true,"href":"https:\/\/aromasentia.com\/da\/wp-json\/wp\/v2\/comments?post=202520"}],"version-history":[{"count":0,"href":"https:\/\/aromasentia.com\/da\/wp-json\/wp\/v2\/product\/202520\/revisions"}],"wp:featuredmedia":[{"embeddable":true,"href":"https:\/\/aromasentia.com\/da\/wp-json\/wp\/v2\/media\/302617"}],"wp:attachment":[{"href":"https:\/\/aromasentia.com\/da\/wp-json\/wp\/v2\/media?parent=202520"}],"wp:term":[{"taxonomy":"product_brand","embeddable":true,"href":"https:\/\/aromasentia.com\/da\/wp-json\/wp\/v2\/product_brand?post=202520"},{"taxonomy":"product_cat","embeddable":true,"href":"https:\/\/aromasentia.com\/da\/wp-json\/wp\/v2\/product_cat?post=202520"},{"taxonomy":"product_tag","embeddable":true,"href":"https:\/\/aromasentia.com\/da\/wp-json\/wp\/v2\/product_tag?post=202520"}],"curies":[{"name":"wp","href":"https:\/\/api.w.org\/{rel}","templated":true}]}}