{"id":202514,"date":"2025-03-21T11:18:31","date_gmt":"2025-03-21T11:18:31","guid":{"rendered":"https:\/\/aromasentia.com\/product\/tin-candle-moonstone\/"},"modified":"2025-06-22T03:54:46","modified_gmt":"2025-06-22T03:54:46","slug":"lys-i-tin-maanesten","status":"publish","type":"product","link":"https:\/\/aromasentia.com\/da\/lys-i-tin-maanesten\/","title":{"rendered":"Lys I Tin &#8211; m\u00e5nesten"},"content":{"rendered":"<p>Vi er stolte af at introducere en ny serie af <strong>Aroma Sentia &#8211; ping vokslys<\/strong>, som er lavet af hydrogeneret sojab\u00f8nneolie og fri for syntetisk voks eller paraffin.<\/p>\n<p>Disse <strong>200 ml Aroma Sentia &#8211; ping tinlys &#8211; Moonstone &nbsp;<\/strong> leveres i smarte d\u00e5ser, der kan genbruges, n\u00e5r dit lys er br\u00e6ndt ud. De leveres i en smuk \u00e6ske designet i Agnes &#038; Cats ikoniske stil.<\/p>\n<p>Opgrader din og dine kunders stearinlyslevetid. Sojavoks er et perfekt <strong>milj\u00f8venligt alternativ<\/strong>. Det er s\u00e5 meget renere og mere naturligt end paraffinlys. Lidt dyrere, men det er det v\u00e6rd. Sojab\u00f8nne tinlys br\u00e6nder meget p\u00e6nere og efterlader minimale voksrester. Disse 100% naturlige lys producerer ogs\u00e5 95% mindre sod, og de er veganske og ikke testet p\u00e5 dyr.<\/strong><\/p>\n<p><strong>Moonstone er en varm maskulin duft med en fusion af r\u00f8d grapefrugt, r\u00f8d salvie, safran og r\u00f8dt cedertr\u00e6.<\/p>\n<p><strong>Topnoter: R\u00f8d grapefrugt, citron, traneb\u00e6r.<\/p>\n<p><strong>Hjertenoter: R\u00f8d salvie, lavendel, r\u00f8d safran.<\/p>\n<p><strong>Basenoter: R\u00f8dt cedertr\u00e6, varm rav, kaffeb\u00f8nner.<\/p>\n<p>Designet som en flot og omsorgsfuld gave. Hvis du videres\u00e6lger lys, b\u00f8r du absolut overveje at tilf\u00f8je dem til din portef\u00f8lje.<\/span><\/strong><\/p>\n","protected":false},"excerpt":{"rendered":"<p>Vi er stolte af at introducere en ny serie af Aroma Sentia &#8211; ping vokslys, som er lavet af hydrogeneret sojab\u00f8nneolie og fri for syntetisk voks eller paraffin. Disse 200 ml Aroma Sentia &#8211; ping tinlys &#8211; Moonstone &nbsp; leveres i smarte d\u00e5ser, der kan genbruges, n\u00e5r dit lys er br\u00e6ndt ud. De leveres i [&hellip;]<\/p>\n","protected":false},"featured_media":303048,"comment_status":"closed","ping_status":"open","template":"","meta":{"_angie_page":false},"product_brand":[27084],"product_cat":[25222,6251,25683,7926],"product_tag":[],"class_list":{"0":"post-202514","1":"product","2":"type-product","3":"status-publish","4":"has-post-thumbnail","6":"product_brand-agnes-and-cat","7":"product_cat-krystaller-og-sten","8":"product_cat-lysestager-og-stearinlys","9":"product_cat-manesten","10":"product_cat-soja-duftlys","11":"pa_collection-soy-wax-tin-candles-200-ml-da","12":"pa_made-in-kina","14":"first","15":"instock","16":"purchasable","17":"product-type-simple"},"supplier_id":null,"supplier_sku":"ACTC-10","barcode":null,"atum_controlled":true,"out_stock_date":null,"out_stock_threshold":null,"inheritable":false,"inbound_stock":null,"stock_on_hold":0,"sold_today":0,"sales_last_days":0,"reserved_stock":null,"customer_returns":null,"warehouse_damage":null,"lost_in_post":null,"other_logs":null,"out_stock_days":0,"lost_sales":0,"has_location":null,"update_date":"2026-05-04T00:02:48","atum_locations":[],"atum_stock_status":"instock","restock_status":false,"low_stock_amount":"","sales_update_date":"2026-01-30T01:24:23","calc_backorders":null,"_links":{"self":[{"href":"https:\/\/aromasentia.com\/da\/wp-json\/wp\/v2\/product\/202514","targetHints":{"allow":["GET"]}}],"collection":[{"href":"https:\/\/aromasentia.com\/da\/wp-json\/wp\/v2\/product"}],"about":[{"href":"https:\/\/aromasentia.com\/da\/wp-json\/wp\/v2\/types\/product"}],"replies":[{"embeddable":true,"href":"https:\/\/aromasentia.com\/da\/wp-json\/wp\/v2\/comments?post=202514"}],"version-history":[{"count":0,"href":"https:\/\/aromasentia.com\/da\/wp-json\/wp\/v2\/product\/202514\/revisions"}],"wp:featuredmedia":[{"embeddable":true,"href":"https:\/\/aromasentia.com\/da\/wp-json\/wp\/v2\/media\/303048"}],"wp:attachment":[{"href":"https:\/\/aromasentia.com\/da\/wp-json\/wp\/v2\/media?parent=202514"}],"wp:term":[{"taxonomy":"product_brand","embeddable":true,"href":"https:\/\/aromasentia.com\/da\/wp-json\/wp\/v2\/product_brand?post=202514"},{"taxonomy":"product_cat","embeddable":true,"href":"https:\/\/aromasentia.com\/da\/wp-json\/wp\/v2\/product_cat?post=202514"},{"taxonomy":"product_tag","embeddable":true,"href":"https:\/\/aromasentia.com\/da\/wp-json\/wp\/v2\/product_tag?post=202514"}],"curies":[{"name":"wp","href":"https:\/\/api.w.org\/{rel}","templated":true}]}}