{"id":202499,"date":"2025-03-21T11:18:31","date_gmt":"2025-03-21T11:18:31","guid":{"rendered":"https:\/\/aromasentia.com\/product\/small-kilner-jar-candle-moroccan-roll\/"},"modified":"2025-06-22T03:54:35","modified_gmt":"2025-06-22T03:54:35","slug":"lille-kilner-lys-i-krukke-marokkansk-rulle","status":"publish","type":"product","link":"https:\/\/aromasentia.com\/da\/lille-kilner-lys-i-krukke-marokkansk-rulle\/","title":{"rendered":"Lille Kilner Lys i Krukke &#8211; marokkansk Rulle"},"content":{"rendered":"<p><span style=\"color: rgb(75, 80, 88);\">Vi er stolte af at introducere en ny serie af <strong>sojavokslys<\/strong>, som er lavet af hydrogeneret sojab\u00f8nneolie og fri for syntetisk voks eller paraffin.<\/span><\/p>\n<p>Disse <strong style=\"color: rgb(75, 80, 88);\">sm\u00e5 Kilner-glaslys &#8211; marokkansk rulle med klips<\/strong> leveres i sm\u00e5, genbrugsglas (180 ml), der kan genbruges, n\u00e5r dit lys er br\u00e6ndt ud.<\/p>\n<p>Opgrader din og dine kunders lyslevetid. Sojavoks er et perfekt <strong style=\"color: rgb(75, 80, 88);\">milj\u00f8venligt alternativ<\/strong>. Det er s\u00e5 meget renere og br\u00e6nder l\u00e6ngere. Lidt dyrere, men det er det v\u00e6rd. Sojavokslys spreder duft smukt og efterlader minimale voksagtige rester. Disse 100% naturlige lys producerer ogs\u00e5 95% mindre sod. Du kan f\u00e5 cirka 30-35 timers br\u00e6ndetid ud af disse lys.<\/p>\n<p><strong><span style=\"color: rgb(141, 186, 216);\">Designet som en flot og omsorgsfuld gave. Hvis du videres\u00e6lger lys, b\u00f8r du absolut overveje at tilbyde dem i din e-butik.<\/span><\/strong><\/p>\n","protected":false},"excerpt":{"rendered":"<p>Vi er stolte af at introducere en ny serie af sojavokslys, som er lavet af hydrogeneret sojab\u00f8nneolie og fri for syntetisk voks eller paraffin. Disse sm\u00e5 Kilner-glaslys &#8211; marokkansk rulle med klips leveres i sm\u00e5, genbrugsglas (180 ml), der kan genbruges, n\u00e5r dit lys er br\u00e6ndt ud. Opgrader din og dine kunders lyslevetid. Sojavoks er [&hellip;]<\/p>\n","protected":false},"featured_media":302913,"comment_status":"closed","ping_status":"open","template":"","meta":{"_angie_page":false},"product_brand":[27084],"product_cat":[6251,7926],"product_tag":[],"class_list":{"0":"post-202499","1":"product","2":"type-product","3":"status-publish","4":"has-post-thumbnail","6":"product_brand-agnes-and-cat","7":"product_cat-lysestager-og-stearinlys","8":"product_cat-soja-duftlys","9":"pa_collection-small-kilner-jar-candle-180-ml-da","10":"pa_made-in-kina","12":"first","13":"instock","14":"purchasable","15":"product-type-simple"},"supplier_id":null,"supplier_sku":"ACKCM-02","barcode":null,"atum_controlled":true,"out_stock_date":null,"out_stock_threshold":null,"inheritable":false,"inbound_stock":null,"stock_on_hold":0,"sold_today":0,"sales_last_days":0,"reserved_stock":null,"customer_returns":null,"warehouse_damage":null,"lost_in_post":null,"other_logs":null,"out_stock_days":0,"lost_sales":0,"has_location":null,"update_date":"2026-05-08T05:02:36","atum_locations":[],"atum_stock_status":"instock","restock_status":false,"low_stock_amount":"","sales_update_date":"2026-01-30T01:24:43","calc_backorders":null,"_links":{"self":[{"href":"https:\/\/aromasentia.com\/da\/wp-json\/wp\/v2\/product\/202499","targetHints":{"allow":["GET"]}}],"collection":[{"href":"https:\/\/aromasentia.com\/da\/wp-json\/wp\/v2\/product"}],"about":[{"href":"https:\/\/aromasentia.com\/da\/wp-json\/wp\/v2\/types\/product"}],"replies":[{"embeddable":true,"href":"https:\/\/aromasentia.com\/da\/wp-json\/wp\/v2\/comments?post=202499"}],"version-history":[{"count":0,"href":"https:\/\/aromasentia.com\/da\/wp-json\/wp\/v2\/product\/202499\/revisions"}],"wp:featuredmedia":[{"embeddable":true,"href":"https:\/\/aromasentia.com\/da\/wp-json\/wp\/v2\/media\/302913"}],"wp:attachment":[{"href":"https:\/\/aromasentia.com\/da\/wp-json\/wp\/v2\/media?parent=202499"}],"wp:term":[{"taxonomy":"product_brand","embeddable":true,"href":"https:\/\/aromasentia.com\/da\/wp-json\/wp\/v2\/product_brand?post=202499"},{"taxonomy":"product_cat","embeddable":true,"href":"https:\/\/aromasentia.com\/da\/wp-json\/wp\/v2\/product_cat?post=202499"},{"taxonomy":"product_tag","embeddable":true,"href":"https:\/\/aromasentia.com\/da\/wp-json\/wp\/v2\/product_tag?post=202499"}],"curies":[{"name":"wp","href":"https:\/\/api.w.org\/{rel}","templated":true}]}}